{"id":19288,"date":"2026-03-17T16:50:57","date_gmt":"2026-03-17T16:50:57","guid":{"rendered":"https:\/\/para-mirava.ma\/?product=bioderma-cicabio-arnica-40ml-2"},"modified":"2026-03-17T18:40:56","modified_gmt":"2026-03-17T18:40:56","slug":"bioderma-cicabio-arnica-40ml-2","status":"publish","type":"product","link":"https:\/\/para-mirava.ma\/?product=bioderma-cicabio-arnica-40ml-2","title":{"rendered":"BIODERMA CICABIO ARNICA+ 40ML"},"content":{"rendered":"<p>Cicabio Arnica+ est un soin formul\u00e9 pour att\u00e9nuer les sensations d&#8217;inconfort cutan\u00e9. Sa formule contient un extrait d&#8217;arnica, de l&#8217;ANTALGICINETM, de l&#8217;apig\u00e9nine et du zinc. Sa texture cr\u00e8me permet une application facile et rapide pour un confort optimal.<\/p>\n","protected":false},"excerpt":{"rendered":"<p>Cicabio Arnica+ est un soin formul\u00e9 pour att\u00e9nuer les sensations d&#8217;inconfort cutan\u00e9. Sa formule contient un extrait d&#8217;arnica, de l&#8217;ANTALGICINETM, de l&#8217;apig\u00e9nine et du zinc. Sa texture cr\u00e8me permet une application facile et rapide pour un confort optimal.<\/p>\n","protected":false},"featured_media":19287,"template":"","meta":[],"product_brand":[170],"product_cat":[15,135],"product_tag":[],"class_list":{"0":"post-19288","1":"product","2":"type-product","3":"status-publish","4":"has-post-thumbnail","6":"product_brand-bioderma","7":"product_cat-tout","8":"product_cat-bioderma","9":"ts_product_brand-bioderma","11":"first","12":"instock","13":"sale","14":"shipping-taxable","15":"purchasable","16":"product-type-simple"},"_links":{"self":[{"href":"https:\/\/para-mirava.ma\/index.php?rest_route=\/wp\/v2\/product\/19288","targetHints":{"allow":["GET"]}}],"collection":[{"href":"https:\/\/para-mirava.ma\/index.php?rest_route=\/wp\/v2\/product"}],"about":[{"href":"https:\/\/para-mirava.ma\/index.php?rest_route=\/wp\/v2\/types\/product"}],"wp:featuredmedia":[{"embeddable":true,"href":"https:\/\/para-mirava.ma\/index.php?rest_route=\/wp\/v2\/media\/19287"}],"wp:attachment":[{"href":"https:\/\/para-mirava.ma\/index.php?rest_route=%2Fwp%2Fv2%2Fmedia&parent=19288"}],"wp:term":[{"taxonomy":"product_brand","embeddable":true,"href":"https:\/\/para-mirava.ma\/index.php?rest_route=%2Fwp%2Fv2%2Fproduct_brand&post=19288"},{"taxonomy":"product_cat","embeddable":true,"href":"https:\/\/para-mirava.ma\/index.php?rest_route=%2Fwp%2Fv2%2Fproduct_cat&post=19288"},{"taxonomy":"product_tag","embeddable":true,"href":"https:\/\/para-mirava.ma\/index.php?rest_route=%2Fwp%2Fv2%2Fproduct_tag&post=19288"}],"curies":[{"name":"wp","href":"https:\/\/api.w.org\/{rel}","templated":true}]}}