{"id":19290,"date":"2026-03-17T16:50:58","date_gmt":"2026-03-17T16:50:58","guid":{"rendered":"https:\/\/para-mirava.ma\/?product=bioderma-atoderm-gel-douche-1l-2"},"modified":"2026-03-17T18:40:56","modified_gmt":"2026-03-17T18:40:56","slug":"bioderma-atoderm-gel-douche-1l-2","status":"publish","type":"product","link":"https:\/\/para-mirava.ma\/?product=bioderma-atoderm-gel-douche-1l-2","title":{"rendered":"BIODERMA ATODERM GEL DOUCHE 1L"},"content":{"rendered":"<p>Atoderm Gel douche adoucit et prot\u00e8ge la peau pour r\u00e9duire les tiraillements.<\/p>\n<p>Disponible dans votre parapharmacie en ligne www.cotepara.ma<\/p>\n<p>Atoderm Gel douche int\u00e8gre le complexe Skin protect qui a une double action biologique: il augmente le niveau d&#8217;hydratation de la peau (stimule la production d&#8217;acide hyaluronique) et prot\u00e8ge durablement la peau (action relipidante).<\/p>\n<p>Disponible dans votre parapharmacie en ligne www.cotepara.ma<\/p>\n<p>Plus r\u00e9sistante, la peau retrouve douceur et souplesse d\u00e8s la 1\u00e8re application.<\/p>\n","protected":false},"excerpt":{"rendered":"<p>Atoderm Gel douche adoucit et prot\u00e8ge la peau pour r\u00e9duire les tiraillements. Disponible dans votre parapharmacie en ligne www.cotepara.ma Atoderm Gel douche int\u00e8gre le complexe Skin protect qui a une double action biologique: il augmente le niveau d&#8217;hydratation de la peau (stimule la production d&#8217;acide hyaluronique) et prot\u00e8ge durablement la peau (action relipidante). Disponible dans [&hellip;]<\/p>\n","protected":false},"featured_media":19289,"template":"","meta":[],"product_brand":[170],"product_cat":[15,135],"product_tag":[],"class_list":{"0":"post-19290","1":"product","2":"type-product","3":"status-publish","4":"has-post-thumbnail","6":"product_brand-bioderma","7":"product_cat-tout","8":"product_cat-bioderma","9":"ts_product_brand-bioderma","11":"first","12":"instock","13":"sale","14":"shipping-taxable","15":"purchasable","16":"product-type-simple"},"_links":{"self":[{"href":"https:\/\/para-mirava.ma\/index.php?rest_route=\/wp\/v2\/product\/19290","targetHints":{"allow":["GET"]}}],"collection":[{"href":"https:\/\/para-mirava.ma\/index.php?rest_route=\/wp\/v2\/product"}],"about":[{"href":"https:\/\/para-mirava.ma\/index.php?rest_route=\/wp\/v2\/types\/product"}],"wp:featuredmedia":[{"embeddable":true,"href":"https:\/\/para-mirava.ma\/index.php?rest_route=\/wp\/v2\/media\/19289"}],"wp:attachment":[{"href":"https:\/\/para-mirava.ma\/index.php?rest_route=%2Fwp%2Fv2%2Fmedia&parent=19290"}],"wp:term":[{"taxonomy":"product_brand","embeddable":true,"href":"https:\/\/para-mirava.ma\/index.php?rest_route=%2Fwp%2Fv2%2Fproduct_brand&post=19290"},{"taxonomy":"product_cat","embeddable":true,"href":"https:\/\/para-mirava.ma\/index.php?rest_route=%2Fwp%2Fv2%2Fproduct_cat&post=19290"},{"taxonomy":"product_tag","embeddable":true,"href":"https:\/\/para-mirava.ma\/index.php?rest_route=%2Fwp%2Fv2%2Fproduct_tag&post=19290"}],"curies":[{"name":"wp","href":"https:\/\/api.w.org\/{rel}","templated":true}]}}