{"id":19308,"date":"2026-03-17T16:51:06","date_gmt":"2026-03-17T16:51:06","guid":{"rendered":"https:\/\/para-mirava.ma\/?product=bioderma-atoderm-intensive-gel-moussant-500ml-2"},"modified":"2026-03-17T18:40:55","modified_gmt":"2026-03-17T18:40:55","slug":"bioderma-atoderm-intensive-gel-moussant-500ml-2","status":"publish","type":"product","link":"https:\/\/para-mirava.ma\/?product=bioderma-atoderm-intensive-gel-moussant-500ml-2","title":{"rendered":"BIODERMA ATODERM INTENSIVE GEL MOUSSANT 500ML"},"content":{"rendered":"<p>Atoderm Intensive Gel moussant nettoie en douceur, apaise les sensations d&#8217;inconfort et calme les d\u00e9mangeaisons des peaux tr\u00e8s s\u00e8ches, irrit\u00e9es \u00e0 atopiques. La vitamine PP reconstruit et renforce biologiquement la barri\u00e8re cutan\u00e9e. La base lavante surgraissante sans savon et le pH physiologique respectent l&#8217;\u00e9quilibre de la peau. Le complexe brevet\u00e9 SKIN BARRIER THERAPYTM*permet de limiter l&#8217;adh\u00e9sion de certaines bact\u00e9ries (staphylocoque dor\u00e9) \u00e0 la surface de la peau, qui peuvent \u00eatre \u00e0 l&#8217;origine de l&#8217;aggravation de la s\u00e9cheresse cutan\u00e9e.<\/p>\n","protected":false},"excerpt":{"rendered":"<p>Atoderm Intensive Gel moussant nettoie en douceur, apaise les sensations d&#8217;inconfort et calme les d\u00e9mangeaisons des peaux tr\u00e8s s\u00e8ches, irrit\u00e9es \u00e0 atopiques. La vitamine PP reconstruit et renforce biologiquement la barri\u00e8re cutan\u00e9e. La base lavante surgraissante sans savon et le pH physiologique respectent l&#8217;\u00e9quilibre de la peau. Le complexe brevet\u00e9 SKIN BARRIER THERAPYTM*permet de limiter [&hellip;]<\/p>\n","protected":false},"featured_media":19307,"template":"","meta":[],"product_brand":[170],"product_cat":[15,135],"product_tag":[],"class_list":{"0":"post-19308","1":"product","2":"type-product","3":"status-publish","4":"has-post-thumbnail","6":"product_brand-bioderma","7":"product_cat-tout","8":"product_cat-bioderma","9":"ts_product_brand-bioderma","11":"first","12":"instock","13":"sale","14":"shipping-taxable","15":"purchasable","16":"product-type-simple"},"_links":{"self":[{"href":"https:\/\/para-mirava.ma\/index.php?rest_route=\/wp\/v2\/product\/19308","targetHints":{"allow":["GET"]}}],"collection":[{"href":"https:\/\/para-mirava.ma\/index.php?rest_route=\/wp\/v2\/product"}],"about":[{"href":"https:\/\/para-mirava.ma\/index.php?rest_route=\/wp\/v2\/types\/product"}],"wp:featuredmedia":[{"embeddable":true,"href":"https:\/\/para-mirava.ma\/index.php?rest_route=\/wp\/v2\/media\/19307"}],"wp:attachment":[{"href":"https:\/\/para-mirava.ma\/index.php?rest_route=%2Fwp%2Fv2%2Fmedia&parent=19308"}],"wp:term":[{"taxonomy":"product_brand","embeddable":true,"href":"https:\/\/para-mirava.ma\/index.php?rest_route=%2Fwp%2Fv2%2Fproduct_brand&post=19308"},{"taxonomy":"product_cat","embeddable":true,"href":"https:\/\/para-mirava.ma\/index.php?rest_route=%2Fwp%2Fv2%2Fproduct_cat&post=19308"},{"taxonomy":"product_tag","embeddable":true,"href":"https:\/\/para-mirava.ma\/index.php?rest_route=%2Fwp%2Fv2%2Fproduct_tag&post=19308"}],"curies":[{"name":"wp","href":"https:\/\/api.w.org\/{rel}","templated":true}]}}