{"id":19310,"date":"2026-03-17T16:51:07","date_gmt":"2026-03-17T16:51:07","guid":{"rendered":"https:\/\/para-mirava.ma\/?product=bioderma-sebium-ho-250-ml-2"},"modified":"2026-03-17T18:40:55","modified_gmt":"2026-03-17T18:40:55","slug":"bioderma-sebium-ho-250-ml-2","status":"publish","type":"product","link":"https:\/\/para-mirava.ma\/?product=bioderma-sebium-ho-250-ml-2","title":{"rendered":"BIODERMA SEBIUM H?O 250 ML"},"content":{"rendered":"<p>Bioderma S\u00e9bium H2O Solution Micellaire 250 ml est une solution micellaire qui nettoie et purifie au quotidien, gr\u00e2ce \u00e0 un proc\u00e9d\u00e9 original de micro-\u00e9mulsion des salissures, les peaux jeunes, les peaux mixtes ou grasses et les peaux grasses \u00e0 probl\u00e8mes.<\/p>\n<p>Disponible dans votre parapharmacie en ligne www.cotepara.ma<\/p>\n<p>Formul\u00e9 \u00e0 partir d&#8217;agents non irritants et s\u00e9bo-purifiants, S\u00e9bium H2O Bioderma assainit l&#8217;\u00e9piderme en douceur et normalise l&#8217;exc\u00e8s de s\u00e9bum<\/p>\n","protected":false},"excerpt":{"rendered":"<p>Bioderma S\u00e9bium H2O Solution Micellaire 250 ml est une solution micellaire qui nettoie et purifie au quotidien, gr\u00e2ce \u00e0 un proc\u00e9d\u00e9 original de micro-\u00e9mulsion des salissures, les peaux jeunes, les peaux mixtes ou grasses et les peaux grasses \u00e0 probl\u00e8mes. Disponible dans votre parapharmacie en ligne www.cotepara.ma Formul\u00e9 \u00e0 partir d&#8217;agents non irritants et s\u00e9bo-purifiants, [&hellip;]<\/p>\n","protected":false},"featured_media":19309,"template":"","meta":[],"product_brand":[170],"product_cat":[15,135],"product_tag":[],"class_list":{"0":"post-19310","1":"product","2":"type-product","3":"status-publish","4":"has-post-thumbnail","6":"product_brand-bioderma","7":"product_cat-tout","8":"product_cat-bioderma","9":"ts_product_brand-bioderma","11":"first","12":"instock","13":"sale","14":"shipping-taxable","15":"purchasable","16":"product-type-simple"},"_links":{"self":[{"href":"https:\/\/para-mirava.ma\/index.php?rest_route=\/wp\/v2\/product\/19310","targetHints":{"allow":["GET"]}}],"collection":[{"href":"https:\/\/para-mirava.ma\/index.php?rest_route=\/wp\/v2\/product"}],"about":[{"href":"https:\/\/para-mirava.ma\/index.php?rest_route=\/wp\/v2\/types\/product"}],"wp:featuredmedia":[{"embeddable":true,"href":"https:\/\/para-mirava.ma\/index.php?rest_route=\/wp\/v2\/media\/19309"}],"wp:attachment":[{"href":"https:\/\/para-mirava.ma\/index.php?rest_route=%2Fwp%2Fv2%2Fmedia&parent=19310"}],"wp:term":[{"taxonomy":"product_brand","embeddable":true,"href":"https:\/\/para-mirava.ma\/index.php?rest_route=%2Fwp%2Fv2%2Fproduct_brand&post=19310"},{"taxonomy":"product_cat","embeddable":true,"href":"https:\/\/para-mirava.ma\/index.php?rest_route=%2Fwp%2Fv2%2Fproduct_cat&post=19310"},{"taxonomy":"product_tag","embeddable":true,"href":"https:\/\/para-mirava.ma\/index.php?rest_route=%2Fwp%2Fv2%2Fproduct_tag&post=19310"}],"curies":[{"name":"wp","href":"https:\/\/api.w.org\/{rel}","templated":true}]}}