{"id":19312,"date":"2026-03-17T16:51:08","date_gmt":"2026-03-17T16:51:08","guid":{"rendered":"https:\/\/para-mirava.ma\/?product=bioderma-sensibio-forte-creme-40ml-2"},"modified":"2026-03-17T18:40:55","modified_gmt":"2026-03-17T18:40:55","slug":"bioderma-sensibio-forte-creme-40ml-2","status":"publish","type":"product","link":"https:\/\/para-mirava.ma\/?product=bioderma-sensibio-forte-creme-40ml-2","title":{"rendered":"BIODERMA SENSIBIO FORTE CREME 40ML"},"content":{"rendered":"<p>Bioderma Sensibio Forte Cr\u00e8me soin de Peaux rougies et \u00e9chauff\u00e9es pour Adultes et Enfants. Sensibio forte apaise rapidement les r\u00e9actions cutan\u00e9es et augmente le seuil de tol\u00e9rance de la peau.<\/p>\n<p>Cette cr\u00e8me hydratante est compos\u00e9e d&#8217;agents luttant contre la d\u00e9shydratation cutan\u00e9e, souvent accompagn\u00e9 d&#8217;irritation. Disponible dans votre parapharmacie en ligne www.cotepara.ma<\/p>\n<p>Sensibio forte redonne durablement un confort \u00e0 la peau.<\/p>\n","protected":false},"excerpt":{"rendered":"<p>Bioderma Sensibio Forte Cr\u00e8me soin de Peaux rougies et \u00e9chauff\u00e9es pour Adultes et Enfants. Sensibio forte apaise rapidement les r\u00e9actions cutan\u00e9es et augmente le seuil de tol\u00e9rance de la peau. Cette cr\u00e8me hydratante est compos\u00e9e d&#8217;agents luttant contre la d\u00e9shydratation cutan\u00e9e, souvent accompagn\u00e9 d&#8217;irritation. Disponible dans votre parapharmacie en ligne www.cotepara.ma Sensibio forte redonne durablement [&hellip;]<\/p>\n","protected":false},"featured_media":19311,"template":"","meta":[],"product_brand":[170],"product_cat":[15,135],"product_tag":[],"class_list":{"0":"post-19312","1":"product","2":"type-product","3":"status-publish","4":"has-post-thumbnail","6":"product_brand-bioderma","7":"product_cat-tout","8":"product_cat-bioderma","9":"ts_product_brand-bioderma","11":"first","12":"instock","13":"sale","14":"shipping-taxable","15":"purchasable","16":"product-type-simple"},"_links":{"self":[{"href":"https:\/\/para-mirava.ma\/index.php?rest_route=\/wp\/v2\/product\/19312","targetHints":{"allow":["GET"]}}],"collection":[{"href":"https:\/\/para-mirava.ma\/index.php?rest_route=\/wp\/v2\/product"}],"about":[{"href":"https:\/\/para-mirava.ma\/index.php?rest_route=\/wp\/v2\/types\/product"}],"wp:featuredmedia":[{"embeddable":true,"href":"https:\/\/para-mirava.ma\/index.php?rest_route=\/wp\/v2\/media\/19311"}],"wp:attachment":[{"href":"https:\/\/para-mirava.ma\/index.php?rest_route=%2Fwp%2Fv2%2Fmedia&parent=19312"}],"wp:term":[{"taxonomy":"product_brand","embeddable":true,"href":"https:\/\/para-mirava.ma\/index.php?rest_route=%2Fwp%2Fv2%2Fproduct_brand&post=19312"},{"taxonomy":"product_cat","embeddable":true,"href":"https:\/\/para-mirava.ma\/index.php?rest_route=%2Fwp%2Fv2%2Fproduct_cat&post=19312"},{"taxonomy":"product_tag","embeddable":true,"href":"https:\/\/para-mirava.ma\/index.php?rest_route=%2Fwp%2Fv2%2Fproduct_tag&post=19312"}],"curies":[{"name":"wp","href":"https:\/\/api.w.org\/{rel}","templated":true}]}}