{"id":19316,"date":"2026-03-17T16:51:10","date_gmt":"2026-03-17T16:51:10","guid":{"rendered":"https:\/\/para-mirava.ma\/?product=bioderma-sensibio-h2o-250ml-2"},"modified":"2026-03-17T18:40:54","modified_gmt":"2026-03-17T18:40:54","slug":"bioderma-sensibio-h2o-250ml-2","status":"publish","type":"product","link":"https:\/\/para-mirava.ma\/?product=bioderma-sensibio-h2o-250ml-2","title":{"rendered":"BIODERMA SENSIBIO H2O 250ML"},"content":{"rendered":"<p>Bioderma Sensibio H2O est un Nettoyant non d\u00e9lipidant Sans rin\u00e7age, pour Visage et yeux.<\/p>\n<p>Sans parfum.<\/p>\n<p>Innovation Bioderma, Sensibio H2O garantit un nettoyage en douceur du visage et des yeux. Les micelles permettent une parfaite micro-\u00e9mulsion des salissures tout en respectant l&#8217;\u00e9quilibre cutan\u00e9. Les actifs apaisants pr\u00e9viennent les sensations d&#8217;irritation.<\/p>\n<p>Excellente tol\u00e9rance cutan\u00e9e et oculaire.<\/p>\n<p>Disponible dans votre parapharmacie en ligne www.cotepara.ma<\/p>\n","protected":false},"excerpt":{"rendered":"<p>Bioderma Sensibio H2O est un Nettoyant non d\u00e9lipidant Sans rin\u00e7age, pour Visage et yeux. Sans parfum. Innovation Bioderma, Sensibio H2O garantit un nettoyage en douceur du visage et des yeux. Les micelles permettent une parfaite micro-\u00e9mulsion des salissures tout en respectant l&#8217;\u00e9quilibre cutan\u00e9. Les actifs apaisants pr\u00e9viennent les sensations d&#8217;irritation. Excellente tol\u00e9rance cutan\u00e9e et oculaire. [&hellip;]<\/p>\n","protected":false},"featured_media":19315,"template":"","meta":[],"product_brand":[170],"product_cat":[15,135],"product_tag":[],"class_list":{"0":"post-19316","1":"product","2":"type-product","3":"status-publish","4":"has-post-thumbnail","6":"product_brand-bioderma","7":"product_cat-tout","8":"product_cat-bioderma","9":"ts_product_brand-bioderma","11":"first","12":"instock","13":"sale","14":"shipping-taxable","15":"purchasable","16":"product-type-simple"},"_links":{"self":[{"href":"https:\/\/para-mirava.ma\/index.php?rest_route=\/wp\/v2\/product\/19316","targetHints":{"allow":["GET"]}}],"collection":[{"href":"https:\/\/para-mirava.ma\/index.php?rest_route=\/wp\/v2\/product"}],"about":[{"href":"https:\/\/para-mirava.ma\/index.php?rest_route=\/wp\/v2\/types\/product"}],"wp:featuredmedia":[{"embeddable":true,"href":"https:\/\/para-mirava.ma\/index.php?rest_route=\/wp\/v2\/media\/19315"}],"wp:attachment":[{"href":"https:\/\/para-mirava.ma\/index.php?rest_route=%2Fwp%2Fv2%2Fmedia&parent=19316"}],"wp:term":[{"taxonomy":"product_brand","embeddable":true,"href":"https:\/\/para-mirava.ma\/index.php?rest_route=%2Fwp%2Fv2%2Fproduct_brand&post=19316"},{"taxonomy":"product_cat","embeddable":true,"href":"https:\/\/para-mirava.ma\/index.php?rest_route=%2Fwp%2Fv2%2Fproduct_cat&post=19316"},{"taxonomy":"product_tag","embeddable":true,"href":"https:\/\/para-mirava.ma\/index.php?rest_route=%2Fwp%2Fv2%2Fproduct_tag&post=19316"}],"curies":[{"name":"wp","href":"https:\/\/api.w.org\/{rel}","templated":true}]}}