{"id":19320,"date":"2026-03-17T16:51:12","date_gmt":"2026-03-17T16:51:12","guid":{"rendered":"https:\/\/para-mirava.ma\/?product=bioderma-node-k-shp-150-ml-2"},"modified":"2026-03-17T18:40:54","modified_gmt":"2026-03-17T18:40:54","slug":"bioderma-node-k-shp-150-ml-2","status":"publish","type":"product","link":"https:\/\/para-mirava.ma\/?product=bioderma-node-k-shp-150-ml-2","title":{"rendered":"BIODERMA NODE K SHP 150 ML"},"content":{"rendered":"<p>Nettoie en douceur Active l&#8217;\u00e9limination des squames Evite leur r\u00e9apparition Apaise et limite les d\u00e9mangeaisons Gaine le cheveu \u200b Le produit : Apporte \u00e9galement brillance, souplesse et volume aux cheveux gr\u00e2ce \u00e0 sa base lavante, non d\u00e9tergente, non d\u00e9lipidante.<\/p>\n","protected":false},"excerpt":{"rendered":"<p>Nettoie en douceur Active l&#8217;\u00e9limination des squames Evite leur r\u00e9apparition Apaise et limite les d\u00e9mangeaisons Gaine le cheveu \u200b Le produit : Apporte \u00e9galement brillance, souplesse et volume aux cheveux gr\u00e2ce \u00e0 sa base lavante, non d\u00e9tergente, non d\u00e9lipidante.<\/p>\n","protected":false},"featured_media":19319,"template":"","meta":[],"product_brand":[170],"product_cat":[15,135],"product_tag":[],"class_list":{"0":"post-19320","1":"product","2":"type-product","3":"status-publish","4":"has-post-thumbnail","6":"product_brand-bioderma","7":"product_cat-tout","8":"product_cat-bioderma","9":"ts_product_brand-bioderma","11":"first","12":"instock","13":"sale","14":"shipping-taxable","15":"purchasable","16":"product-type-simple"},"_links":{"self":[{"href":"https:\/\/para-mirava.ma\/index.php?rest_route=\/wp\/v2\/product\/19320","targetHints":{"allow":["GET"]}}],"collection":[{"href":"https:\/\/para-mirava.ma\/index.php?rest_route=\/wp\/v2\/product"}],"about":[{"href":"https:\/\/para-mirava.ma\/index.php?rest_route=\/wp\/v2\/types\/product"}],"wp:featuredmedia":[{"embeddable":true,"href":"https:\/\/para-mirava.ma\/index.php?rest_route=\/wp\/v2\/media\/19319"}],"wp:attachment":[{"href":"https:\/\/para-mirava.ma\/index.php?rest_route=%2Fwp%2Fv2%2Fmedia&parent=19320"}],"wp:term":[{"taxonomy":"product_brand","embeddable":true,"href":"https:\/\/para-mirava.ma\/index.php?rest_route=%2Fwp%2Fv2%2Fproduct_brand&post=19320"},{"taxonomy":"product_cat","embeddable":true,"href":"https:\/\/para-mirava.ma\/index.php?rest_route=%2Fwp%2Fv2%2Fproduct_cat&post=19320"},{"taxonomy":"product_tag","embeddable":true,"href":"https:\/\/para-mirava.ma\/index.php?rest_route=%2Fwp%2Fv2%2Fproduct_tag&post=19320"}],"curies":[{"name":"wp","href":"https:\/\/api.w.org\/{rel}","templated":true}]}}