{"id":19332,"date":"2026-03-17T16:51:18","date_gmt":"2026-03-17T16:51:18","guid":{"rendered":"https:\/\/para-mirava.ma\/?product=bioderma-pigmentbio-h2o-250ml-2"},"modified":"2026-03-17T18:40:54","modified_gmt":"2026-03-17T18:40:54","slug":"bioderma-pigmentbio-h2o-250ml-2","status":"publish","type":"product","link":"https:\/\/para-mirava.ma\/?product=bioderma-pigmentbio-h2o-250ml-2","title":{"rendered":"BIODERMA PIGMENTBIO H2O 250ML"},"content":{"rendered":"<p>Sp\u00e9cialement formul\u00e9 pour les peaux souffrant de troubles de la pigmentation, Pigmentbio H2O nettoie et d\u00e9maquille en douceur le visage et les yeux.<\/p>\n<p>Disponible dans votre parapharmacie en ligne www.cotepara.ma<\/p>\n<p>Les micelles contenues dans cette formule \u00e9liminent les impuret\u00e9s tout en respectant l&#8217;\u00e9quilibre de la peau.<\/p>\n","protected":false},"excerpt":{"rendered":"<p>Sp\u00e9cialement formul\u00e9 pour les peaux souffrant de troubles de la pigmentation, Pigmentbio H2O nettoie et d\u00e9maquille en douceur le visage et les yeux. Disponible dans votre parapharmacie en ligne www.cotepara.ma Les micelles contenues dans cette formule \u00e9liminent les impuret\u00e9s tout en respectant l&#8217;\u00e9quilibre de la peau.<\/p>\n","protected":false},"featured_media":19331,"template":"","meta":[],"product_brand":[170],"product_cat":[15,135],"product_tag":[],"class_list":{"0":"post-19332","1":"product","2":"type-product","3":"status-publish","4":"has-post-thumbnail","6":"product_brand-bioderma","7":"product_cat-tout","8":"product_cat-bioderma","9":"ts_product_brand-bioderma","11":"first","12":"instock","13":"sale","14":"shipping-taxable","15":"purchasable","16":"product-type-simple"},"_links":{"self":[{"href":"https:\/\/para-mirava.ma\/index.php?rest_route=\/wp\/v2\/product\/19332","targetHints":{"allow":["GET"]}}],"collection":[{"href":"https:\/\/para-mirava.ma\/index.php?rest_route=\/wp\/v2\/product"}],"about":[{"href":"https:\/\/para-mirava.ma\/index.php?rest_route=\/wp\/v2\/types\/product"}],"wp:featuredmedia":[{"embeddable":true,"href":"https:\/\/para-mirava.ma\/index.php?rest_route=\/wp\/v2\/media\/19331"}],"wp:attachment":[{"href":"https:\/\/para-mirava.ma\/index.php?rest_route=%2Fwp%2Fv2%2Fmedia&parent=19332"}],"wp:term":[{"taxonomy":"product_brand","embeddable":true,"href":"https:\/\/para-mirava.ma\/index.php?rest_route=%2Fwp%2Fv2%2Fproduct_brand&post=19332"},{"taxonomy":"product_cat","embeddable":true,"href":"https:\/\/para-mirava.ma\/index.php?rest_route=%2Fwp%2Fv2%2Fproduct_cat&post=19332"},{"taxonomy":"product_tag","embeddable":true,"href":"https:\/\/para-mirava.ma\/index.php?rest_route=%2Fwp%2Fv2%2Fproduct_tag&post=19332"}],"curies":[{"name":"wp","href":"https:\/\/api.w.org\/{rel}","templated":true}]}}