{"id":19338,"date":"2026-03-17T16:51:20","date_gmt":"2026-03-17T16:51:20","guid":{"rendered":"https:\/\/para-mirava.ma\/?product=bioderma-abcderm-shampooing-douceur-200ml-2"},"modified":"2026-03-17T18:40:53","modified_gmt":"2026-03-17T18:40:53","slug":"bioderma-abcderm-shampooing-douceur-200ml-2","status":"publish","type":"product","link":"https:\/\/para-mirava.ma\/?product=bioderma-abcderm-shampooing-douceur-200ml-2","title":{"rendered":"BIODERMA ABCDERM SHAMPOOING DOUCEUR 200ML"},"content":{"rendered":"<p>ABCDerm Shampooing Douceur est sp\u00e9cifiquement formul\u00e9 selon l&#8217;engagement de s\u00e9curit\u00e9 dermatologique ABCDerm pour laver en douceur le cuir chevelu d\u00e9licat des enfants. Sa base lavante contient des tensio-actifs doux, respectant l&#8217;\u00e9quilibre Capillairedes plus petits. Les cheveux sont soyeux, faciles \u00e0 coiffer. Tr\u00e8s bonne tol\u00e9rance cutan\u00e9e et oculaire. Disponible dans votre parapharmacie en ligne www.cotepara.ma<\/p>\n","protected":false},"excerpt":{"rendered":"<p>ABCDerm Shampooing Douceur est sp\u00e9cifiquement formul\u00e9 selon l&#8217;engagement de s\u00e9curit\u00e9 dermatologique ABCDerm pour laver en douceur le cuir chevelu d\u00e9licat des enfants. Sa base lavante contient des tensio-actifs doux, respectant l&#8217;\u00e9quilibre Capillairedes plus petits. Les cheveux sont soyeux, faciles \u00e0 coiffer. Tr\u00e8s bonne tol\u00e9rance cutan\u00e9e et oculaire. Disponible dans votre parapharmacie en ligne www.cotepara.ma<\/p>\n","protected":false},"featured_media":19337,"template":"","meta":[],"product_brand":[170],"product_cat":[15,135],"product_tag":[],"class_list":{"0":"post-19338","1":"product","2":"type-product","3":"status-publish","4":"has-post-thumbnail","6":"product_brand-bioderma","7":"product_cat-tout","8":"product_cat-bioderma","9":"ts_product_brand-bioderma","11":"first","12":"instock","13":"sale","14":"shipping-taxable","15":"purchasable","16":"product-type-simple"},"_links":{"self":[{"href":"https:\/\/para-mirava.ma\/index.php?rest_route=\/wp\/v2\/product\/19338","targetHints":{"allow":["GET"]}}],"collection":[{"href":"https:\/\/para-mirava.ma\/index.php?rest_route=\/wp\/v2\/product"}],"about":[{"href":"https:\/\/para-mirava.ma\/index.php?rest_route=\/wp\/v2\/types\/product"}],"wp:featuredmedia":[{"embeddable":true,"href":"https:\/\/para-mirava.ma\/index.php?rest_route=\/wp\/v2\/media\/19337"}],"wp:attachment":[{"href":"https:\/\/para-mirava.ma\/index.php?rest_route=%2Fwp%2Fv2%2Fmedia&parent=19338"}],"wp:term":[{"taxonomy":"product_brand","embeddable":true,"href":"https:\/\/para-mirava.ma\/index.php?rest_route=%2Fwp%2Fv2%2Fproduct_brand&post=19338"},{"taxonomy":"product_cat","embeddable":true,"href":"https:\/\/para-mirava.ma\/index.php?rest_route=%2Fwp%2Fv2%2Fproduct_cat&post=19338"},{"taxonomy":"product_tag","embeddable":true,"href":"https:\/\/para-mirava.ma\/index.php?rest_route=%2Fwp%2Fv2%2Fproduct_tag&post=19338"}],"curies":[{"name":"wp","href":"https:\/\/api.w.org\/{rel}","templated":true}]}}