{"id":19340,"date":"2026-03-17T16:51:21","date_gmt":"2026-03-17T16:51:21","guid":{"rendered":"https:\/\/para-mirava.ma\/?product=bioderma-atoderm-baume-levres-15ml-2"},"modified":"2026-03-17T18:40:53","modified_gmt":"2026-03-17T18:40:53","slug":"bioderma-atoderm-baume-levres-15ml-2","status":"publish","type":"product","link":"https:\/\/para-mirava.ma\/?product=bioderma-atoderm-baume-levres-15ml-2","title":{"rendered":"BIODERMA ATODERM BAUME LEVRES 15ML"},"content":{"rendered":"<p>Atoderm Stick l\u00e8vres reconstitue la muqueuse labiale gerc\u00e9e et dess\u00e9ch\u00e9e. Son actif hautement nourrissant et hydratant, le beurre de karit\u00e9, permet de r\u00e9g\u00e9n\u00e9rer les l\u00e8vres fragilis\u00e9es.<\/p>\n","protected":false},"excerpt":{"rendered":"<p>Atoderm Stick l\u00e8vres reconstitue la muqueuse labiale gerc\u00e9e et dess\u00e9ch\u00e9e. Son actif hautement nourrissant et hydratant, le beurre de karit\u00e9, permet de r\u00e9g\u00e9n\u00e9rer les l\u00e8vres fragilis\u00e9es.<\/p>\n","protected":false},"featured_media":19339,"template":"","meta":[],"product_brand":[170],"product_cat":[15,135],"product_tag":[],"class_list":{"0":"post-19340","1":"product","2":"type-product","3":"status-publish","4":"has-post-thumbnail","6":"product_brand-bioderma","7":"product_cat-tout","8":"product_cat-bioderma","9":"ts_product_brand-bioderma","11":"first","12":"instock","13":"sale","14":"shipping-taxable","15":"purchasable","16":"product-type-simple"},"_links":{"self":[{"href":"https:\/\/para-mirava.ma\/index.php?rest_route=\/wp\/v2\/product\/19340","targetHints":{"allow":["GET"]}}],"collection":[{"href":"https:\/\/para-mirava.ma\/index.php?rest_route=\/wp\/v2\/product"}],"about":[{"href":"https:\/\/para-mirava.ma\/index.php?rest_route=\/wp\/v2\/types\/product"}],"wp:featuredmedia":[{"embeddable":true,"href":"https:\/\/para-mirava.ma\/index.php?rest_route=\/wp\/v2\/media\/19339"}],"wp:attachment":[{"href":"https:\/\/para-mirava.ma\/index.php?rest_route=%2Fwp%2Fv2%2Fmedia&parent=19340"}],"wp:term":[{"taxonomy":"product_brand","embeddable":true,"href":"https:\/\/para-mirava.ma\/index.php?rest_route=%2Fwp%2Fv2%2Fproduct_brand&post=19340"},{"taxonomy":"product_cat","embeddable":true,"href":"https:\/\/para-mirava.ma\/index.php?rest_route=%2Fwp%2Fv2%2Fproduct_cat&post=19340"},{"taxonomy":"product_tag","embeddable":true,"href":"https:\/\/para-mirava.ma\/index.php?rest_route=%2Fwp%2Fv2%2Fproduct_tag&post=19340"}],"curies":[{"name":"wp","href":"https:\/\/api.w.org\/{rel}","templated":true}]}}