{"id":19342,"date":"2026-03-17T16:51:22","date_gmt":"2026-03-17T16:51:22","guid":{"rendered":"https:\/\/para-mirava.ma\/?product=bioderma-abcderm-cold-creme-visage-45-ml-2"},"modified":"2026-03-17T18:40:53","modified_gmt":"2026-03-17T18:40:53","slug":"bioderma-abcderm-cold-creme-visage-45-ml-2","status":"publish","type":"product","link":"https:\/\/para-mirava.ma\/?product=bioderma-abcderm-cold-creme-visage-45-ml-2","title":{"rendered":"BIODERMA ABCDERM COLD CREME VISAGE 45 ML"},"content":{"rendered":"<p>D\u00e9velopp\u00e9 selon la charte de formulation ABCDerm, haute s\u00e9curit\u00e9 et haute tol\u00e9rance, le soin hydratant et nourrissant ABCDerm Cold Cream Visage et Corps prot\u00e8ge la peau des agressions ext\u00e9rieures. Il est particuli\u00e8rement adapt\u00e9 aux peaux s\u00e8ches et sensibles.<\/p>\n<p>Sa formule, enrichie \u00e0 l&#8217;huile de noyau d&#8217;abricot et \u00e0 la cire d&#8217;abeille, donne \u00e0 cette cr\u00e8me une texture onctueuse agr\u00e9able. Elle diminue durablement les sensations de dess\u00e8chement, d&#8217;inconfort et de tiraillements cutan\u00e9s.<\/p>\n<p>A base d&#8217;actifs surgraissants, riches en acides gras essentiels contribuant \u00e0 renforcer la fonction barri\u00e8re de l&#8217;\u00e9piderme, cette cr\u00e8me permet d&#8217;hydrater intens\u00e9ment les peaux s\u00e8ches. Sa texture onctueuse et non grasse diminue durablement les sensations de dess\u00e8chement d&#8217;inconfort et de tiraillement. Elle offre une tr\u00e8s bonne tol\u00e9rance et convient d\u00e8s la naissance (hors pr\u00e9matur\u00e9s). Son format voyage permet de la transporter partout.<\/p>\n","protected":false},"excerpt":{"rendered":"<p>D\u00e9velopp\u00e9 selon la charte de formulation ABCDerm, haute s\u00e9curit\u00e9 et haute tol\u00e9rance, le soin hydratant et nourrissant ABCDerm Cold Cream Visage et Corps prot\u00e8ge la peau des agressions ext\u00e9rieures. Il est particuli\u00e8rement adapt\u00e9 aux peaux s\u00e8ches et sensibles. Sa formule, enrichie \u00e0 l&#8217;huile de noyau d&#8217;abricot et \u00e0 la cire d&#8217;abeille, donne \u00e0 cette cr\u00e8me [&hellip;]<\/p>\n","protected":false},"featured_media":19341,"template":"","meta":[],"product_brand":[170],"product_cat":[15,135],"product_tag":[],"class_list":{"0":"post-19342","1":"product","2":"type-product","3":"status-publish","4":"has-post-thumbnail","6":"product_brand-bioderma","7":"product_cat-tout","8":"product_cat-bioderma","9":"ts_product_brand-bioderma","11":"first","12":"instock","13":"sale","14":"shipping-taxable","15":"purchasable","16":"product-type-simple"},"_links":{"self":[{"href":"https:\/\/para-mirava.ma\/index.php?rest_route=\/wp\/v2\/product\/19342","targetHints":{"allow":["GET"]}}],"collection":[{"href":"https:\/\/para-mirava.ma\/index.php?rest_route=\/wp\/v2\/product"}],"about":[{"href":"https:\/\/para-mirava.ma\/index.php?rest_route=\/wp\/v2\/types\/product"}],"wp:featuredmedia":[{"embeddable":true,"href":"https:\/\/para-mirava.ma\/index.php?rest_route=\/wp\/v2\/media\/19341"}],"wp:attachment":[{"href":"https:\/\/para-mirava.ma\/index.php?rest_route=%2Fwp%2Fv2%2Fmedia&parent=19342"}],"wp:term":[{"taxonomy":"product_brand","embeddable":true,"href":"https:\/\/para-mirava.ma\/index.php?rest_route=%2Fwp%2Fv2%2Fproduct_brand&post=19342"},{"taxonomy":"product_cat","embeddable":true,"href":"https:\/\/para-mirava.ma\/index.php?rest_route=%2Fwp%2Fv2%2Fproduct_cat&post=19342"},{"taxonomy":"product_tag","embeddable":true,"href":"https:\/\/para-mirava.ma\/index.php?rest_route=%2Fwp%2Fv2%2Fproduct_tag&post=19342"}],"curies":[{"name":"wp","href":"https:\/\/api.w.org\/{rel}","templated":true}]}}