{"id":19358,"date":"2026-03-17T16:51:30","date_gmt":"2026-03-17T16:51:30","guid":{"rendered":"https:\/\/para-mirava.ma\/?product=bioderma-atoderm-intensive-baume-200ml-2"},"modified":"2026-03-17T18:40:52","modified_gmt":"2026-03-17T18:40:52","slug":"bioderma-atoderm-intensive-baume-200ml-2","status":"publish","type":"product","link":"https:\/\/para-mirava.ma\/?product=bioderma-atoderm-intensive-baume-200ml-2","title":{"rendered":"BIODERMA ATODERM INTENSIVE BAUME 200ML"},"content":{"rendered":"<p>Bioderma Atoderm Intenisve Baume Ultra-Apaisant 200 ml est un soin ultra-apaisant et ultra-riche recommand\u00e9 pour les peaux sensibles tr\u00e8s s\u00e8ches irrit\u00e9es \u00e0 atopiques de toute la famille (adultes, enfants, nourrissons).<\/p>\n<p>Disponible dans votre parapharmacie en ligne www.cotepara.ma<\/p>\n<p>Anti-d\u00e9mangeaisons, ce baume restaure et relipide la peau agissant sur les dysfonctionnements biologiques. Il stoppe les d\u00e9mangeaisons et diminue l&#8217;incitation au grattage gr\u00e2ce \u00e0 son actif dermatologique anti-prurit PEA. Il calme imm\u00e9diatement les irritations gr\u00e2ce au b\u00e9ta-sistost\u00e9rol et au zinc.<\/p>\n","protected":false},"excerpt":{"rendered":"<p>Bioderma Atoderm Intenisve Baume Ultra-Apaisant 200 ml est un soin ultra-apaisant et ultra-riche recommand\u00e9 pour les peaux sensibles tr\u00e8s s\u00e8ches irrit\u00e9es \u00e0 atopiques de toute la famille (adultes, enfants, nourrissons). Disponible dans votre parapharmacie en ligne www.cotepara.ma Anti-d\u00e9mangeaisons, ce baume restaure et relipide la peau agissant sur les dysfonctionnements biologiques. Il stoppe les d\u00e9mangeaisons et [&hellip;]<\/p>\n","protected":false},"featured_media":19357,"template":"","meta":[],"product_brand":[170],"product_cat":[15,135],"product_tag":[],"class_list":{"0":"post-19358","1":"product","2":"type-product","3":"status-publish","4":"has-post-thumbnail","6":"product_brand-bioderma","7":"product_cat-tout","8":"product_cat-bioderma","9":"ts_product_brand-bioderma","11":"first","12":"instock","13":"sale","14":"shipping-taxable","15":"purchasable","16":"product-type-simple"},"_links":{"self":[{"href":"https:\/\/para-mirava.ma\/index.php?rest_route=\/wp\/v2\/product\/19358","targetHints":{"allow":["GET"]}}],"collection":[{"href":"https:\/\/para-mirava.ma\/index.php?rest_route=\/wp\/v2\/product"}],"about":[{"href":"https:\/\/para-mirava.ma\/index.php?rest_route=\/wp\/v2\/types\/product"}],"wp:featuredmedia":[{"embeddable":true,"href":"https:\/\/para-mirava.ma\/index.php?rest_route=\/wp\/v2\/media\/19357"}],"wp:attachment":[{"href":"https:\/\/para-mirava.ma\/index.php?rest_route=%2Fwp%2Fv2%2Fmedia&parent=19358"}],"wp:term":[{"taxonomy":"product_brand","embeddable":true,"href":"https:\/\/para-mirava.ma\/index.php?rest_route=%2Fwp%2Fv2%2Fproduct_brand&post=19358"},{"taxonomy":"product_cat","embeddable":true,"href":"https:\/\/para-mirava.ma\/index.php?rest_route=%2Fwp%2Fv2%2Fproduct_cat&post=19358"},{"taxonomy":"product_tag","embeddable":true,"href":"https:\/\/para-mirava.ma\/index.php?rest_route=%2Fwp%2Fv2%2Fproduct_tag&post=19358"}],"curies":[{"name":"wp","href":"https:\/\/api.w.org\/{rel}","templated":true}]}}