{"id":19368,"date":"2026-03-17T16:51:35","date_gmt":"2026-03-17T16:51:35","guid":{"rendered":"https:\/\/para-mirava.ma\/?product=bioderma-sebium-gel-moussant-actif-200ml-2"},"modified":"2026-03-17T18:40:52","modified_gmt":"2026-03-17T18:40:52","slug":"bioderma-sebium-gel-moussant-actif-200ml-2","status":"publish","type":"product","link":"https:\/\/para-mirava.ma\/?product=bioderma-sebium-gel-moussant-actif-200ml-2","title":{"rendered":"BIODERMA SEBIUM GEL MOUSSANT ACTIF 200ML"},"content":{"rendered":"<p>S\u00e9bium Gel moussant actif est tout sp\u00e9cialement formul\u00e9 pour les peaux \u00e0 tendance acn\u00e9ique, de mani\u00e8re \u00e0 agir \u00e0 la fois sur les causes et les cons\u00e9quences de ces imperfections d\u00e8s le nettoyage. L&#8217;association de l&#8217;acide salicylique et de l&#8217;acide glycolique aide \u00e0 d\u00e9sobstruer les pores, diminuer les imperfections et affiner le grain de peau.<\/p>\n","protected":false},"excerpt":{"rendered":"<p>S\u00e9bium Gel moussant actif est tout sp\u00e9cialement formul\u00e9 pour les peaux \u00e0 tendance acn\u00e9ique, de mani\u00e8re \u00e0 agir \u00e0 la fois sur les causes et les cons\u00e9quences de ces imperfections d\u00e8s le nettoyage. L&#8217;association de l&#8217;acide salicylique et de l&#8217;acide glycolique aide \u00e0 d\u00e9sobstruer les pores, diminuer les imperfections et affiner le grain de peau.<\/p>\n","protected":false},"featured_media":19367,"template":"","meta":[],"product_brand":[170],"product_cat":[15,135],"product_tag":[],"class_list":{"0":"post-19368","1":"product","2":"type-product","3":"status-publish","4":"has-post-thumbnail","6":"product_brand-bioderma","7":"product_cat-tout","8":"product_cat-bioderma","9":"ts_product_brand-bioderma","11":"first","12":"instock","13":"sale","14":"shipping-taxable","15":"purchasable","16":"product-type-simple"},"_links":{"self":[{"href":"https:\/\/para-mirava.ma\/index.php?rest_route=\/wp\/v2\/product\/19368","targetHints":{"allow":["GET"]}}],"collection":[{"href":"https:\/\/para-mirava.ma\/index.php?rest_route=\/wp\/v2\/product"}],"about":[{"href":"https:\/\/para-mirava.ma\/index.php?rest_route=\/wp\/v2\/types\/product"}],"wp:featuredmedia":[{"embeddable":true,"href":"https:\/\/para-mirava.ma\/index.php?rest_route=\/wp\/v2\/media\/19367"}],"wp:attachment":[{"href":"https:\/\/para-mirava.ma\/index.php?rest_route=%2Fwp%2Fv2%2Fmedia&parent=19368"}],"wp:term":[{"taxonomy":"product_brand","embeddable":true,"href":"https:\/\/para-mirava.ma\/index.php?rest_route=%2Fwp%2Fv2%2Fproduct_brand&post=19368"},{"taxonomy":"product_cat","embeddable":true,"href":"https:\/\/para-mirava.ma\/index.php?rest_route=%2Fwp%2Fv2%2Fproduct_cat&post=19368"},{"taxonomy":"product_tag","embeddable":true,"href":"https:\/\/para-mirava.ma\/index.php?rest_route=%2Fwp%2Fv2%2Fproduct_tag&post=19368"}],"curies":[{"name":"wp","href":"https:\/\/api.w.org\/{rel}","templated":true}]}}