{"id":19370,"date":"2026-03-17T16:51:36","date_gmt":"2026-03-17T16:51:36","guid":{"rendered":"https:\/\/para-mirava.ma\/?product=bioderma-photoderm-cover-touch-teinte-claire-spf50-40gr-new-2"},"modified":"2026-03-17T18:40:52","modified_gmt":"2026-03-17T18:40:52","slug":"bioderma-photoderm-cover-touch-teinte-claire-spf50-40gr-new-2","status":"publish","type":"product","link":"https:\/\/para-mirava.ma\/?product=bioderma-photoderm-cover-touch-teinte-claire-spf50-40gr-new-2","title":{"rendered":"BIODERMA PHOTODERM COVER TOUCH TEINTE CLAIRE SPF50+ 40GR NEW"},"content":{"rendered":"<p>Id\u00e9al pour les peaux mixtes \u00e0 grasses, il n&#8217;a pas besoin de r\u00e9application gr\u00e2ce \u00e0 ses 8 heures de protection. L&#8217;effet maquillage haute couvrance matifie gr\u00e2ce \u00e0 son contr\u00f4le du s\u00e9bum et unifie la peau en obtenant moins d&#8217;imperfections en seulement 28 jours. Protection cellulaire antioxydante maximale<\/p>\n","protected":false},"excerpt":{"rendered":"<p>Id\u00e9al pour les peaux mixtes \u00e0 grasses, il n&#8217;a pas besoin de r\u00e9application gr\u00e2ce \u00e0 ses 8 heures de protection. L&#8217;effet maquillage haute couvrance matifie gr\u00e2ce \u00e0 son contr\u00f4le du s\u00e9bum et unifie la peau en obtenant moins d&#8217;imperfections en seulement 28 jours. Protection cellulaire antioxydante maximale<\/p>\n","protected":false},"featured_media":19369,"template":"","meta":[],"product_brand":[170],"product_cat":[15,135],"product_tag":[],"class_list":{"0":"post-19370","1":"product","2":"type-product","3":"status-publish","4":"has-post-thumbnail","6":"product_brand-bioderma","7":"product_cat-tout","8":"product_cat-bioderma","9":"ts_product_brand-bioderma","11":"first","12":"instock","13":"sale","14":"shipping-taxable","15":"purchasable","16":"product-type-simple"},"_links":{"self":[{"href":"https:\/\/para-mirava.ma\/index.php?rest_route=\/wp\/v2\/product\/19370","targetHints":{"allow":["GET"]}}],"collection":[{"href":"https:\/\/para-mirava.ma\/index.php?rest_route=\/wp\/v2\/product"}],"about":[{"href":"https:\/\/para-mirava.ma\/index.php?rest_route=\/wp\/v2\/types\/product"}],"wp:featuredmedia":[{"embeddable":true,"href":"https:\/\/para-mirava.ma\/index.php?rest_route=\/wp\/v2\/media\/19369"}],"wp:attachment":[{"href":"https:\/\/para-mirava.ma\/index.php?rest_route=%2Fwp%2Fv2%2Fmedia&parent=19370"}],"wp:term":[{"taxonomy":"product_brand","embeddable":true,"href":"https:\/\/para-mirava.ma\/index.php?rest_route=%2Fwp%2Fv2%2Fproduct_brand&post=19370"},{"taxonomy":"product_cat","embeddable":true,"href":"https:\/\/para-mirava.ma\/index.php?rest_route=%2Fwp%2Fv2%2Fproduct_cat&post=19370"},{"taxonomy":"product_tag","embeddable":true,"href":"https:\/\/para-mirava.ma\/index.php?rest_route=%2Fwp%2Fv2%2Fproduct_tag&post=19370"}],"curies":[{"name":"wp","href":"https:\/\/api.w.org\/{rel}","templated":true}]}}