{"id":19374,"date":"2026-03-17T16:51:38","date_gmt":"2026-03-17T16:51:38","guid":{"rendered":"https:\/\/para-mirava.ma\/?product=bioderma-photoderm-nude-touche-teinte-dore-spf50-40ml-new-2"},"modified":"2026-03-17T18:40:52","modified_gmt":"2026-03-17T18:40:52","slug":"bioderma-photoderm-nude-touche-teinte-dore-spf50-40ml-new-2","status":"publish","type":"product","link":"https:\/\/para-mirava.ma\/?product=bioderma-photoderm-nude-touche-teinte-dore-spf50-40ml-new-2","title":{"rendered":"BIODERMA PHOTODERM NUDE TOUCHE TEINTE DORE SPF50+ 40ML NEW"},"content":{"rendered":"<p>La SUN ACTIVE DEFENSE est une protection solaire de haute technologie, renforc\u00e9e contre les rayons UVA. Elle associe des filtres UV et une protection biologique brevet\u00e9e qui am\u00e9liore la capacit\u00e9 de la peau \u00e0 se d\u00e9fendre, pour aider \u00e0 maintenir durablement votre sant\u00e9 au soleil. Une formule avec des filtres 100% min\u00e9raux, une technologie \u00e9volutive Liquid-to-powder en trois \u00e9tapes : 1) D\u00e8s l&#8217;application, les agents volatils s&#8217;\u00e9vaporent cr\u00e9ant une formule extr\u00eamement l\u00e9g\u00e8re. 2) L&#8217;application soyeuse permet aux pigments et filtres de se r\u00e9partir uniform\u00e9ment sur la peau pour un teint parfaitement prot\u00e9g\u00e9 et unifi\u00e9. 3) Les agents hydratants p\u00e9n\u00e8trent dans les couches superficielles de la peau pour laisser place \u00e0 un fini poudr\u00e9 et mat. Action matifiante et anti-imperfection instantan\u00e9e : 1) Poudres matifiantes et soft-focus pour une action anti-brillance. 2) L&#8217;acide salicylique lisse le grain de peau et booste l&#8217;\u00e9clat du teint. Action anti-imperfections longue dur\u00e9e : Le brevet Fluidactiv\u2122 associ\u00e9 au Capryloyl Glycine r\u00e9gule la quantit\u00e9 et la qualit\u00e9 du s\u00e9bum produit jour apr\u00e8s jour et pr\u00e9vient ainsi l&#8217;apparition des imperfections.<\/p>\n","protected":false},"excerpt":{"rendered":"<p>La SUN ACTIVE DEFENSE est une protection solaire de haute technologie, renforc\u00e9e contre les rayons UVA. Elle associe des filtres UV et une protection biologique brevet\u00e9e qui am\u00e9liore la capacit\u00e9 de la peau \u00e0 se d\u00e9fendre, pour aider \u00e0 maintenir durablement votre sant\u00e9 au soleil. Une formule avec des filtres 100% min\u00e9raux, une technologie \u00e9volutive [&hellip;]<\/p>\n","protected":false},"featured_media":19373,"template":"","meta":[],"product_brand":[170],"product_cat":[15,135],"product_tag":[],"class_list":{"0":"post-19374","1":"product","2":"type-product","3":"status-publish","4":"has-post-thumbnail","6":"product_brand-bioderma","7":"product_cat-tout","8":"product_cat-bioderma","9":"ts_product_brand-bioderma","11":"first","12":"instock","13":"sale","14":"shipping-taxable","15":"purchasable","16":"product-type-simple"},"_links":{"self":[{"href":"https:\/\/para-mirava.ma\/index.php?rest_route=\/wp\/v2\/product\/19374","targetHints":{"allow":["GET"]}}],"collection":[{"href":"https:\/\/para-mirava.ma\/index.php?rest_route=\/wp\/v2\/product"}],"about":[{"href":"https:\/\/para-mirava.ma\/index.php?rest_route=\/wp\/v2\/types\/product"}],"wp:featuredmedia":[{"embeddable":true,"href":"https:\/\/para-mirava.ma\/index.php?rest_route=\/wp\/v2\/media\/19373"}],"wp:attachment":[{"href":"https:\/\/para-mirava.ma\/index.php?rest_route=%2Fwp%2Fv2%2Fmedia&parent=19374"}],"wp:term":[{"taxonomy":"product_brand","embeddable":true,"href":"https:\/\/para-mirava.ma\/index.php?rest_route=%2Fwp%2Fv2%2Fproduct_brand&post=19374"},{"taxonomy":"product_cat","embeddable":true,"href":"https:\/\/para-mirava.ma\/index.php?rest_route=%2Fwp%2Fv2%2Fproduct_cat&post=19374"},{"taxonomy":"product_tag","embeddable":true,"href":"https:\/\/para-mirava.ma\/index.php?rest_route=%2Fwp%2Fv2%2Fproduct_tag&post=19374"}],"curies":[{"name":"wp","href":"https:\/\/api.w.org\/{rel}","templated":true}]}}