{"id":19378,"date":"2026-03-17T16:51:40","date_gmt":"2026-03-17T16:51:40","guid":{"rendered":"https:\/\/para-mirava.ma\/?product=bioderma-photoderm-creme-spf50-pss-invisible-40ml-2"},"modified":"2026-03-17T18:40:51","modified_gmt":"2026-03-17T18:40:51","slug":"bioderma-photoderm-creme-spf50-pss-invisible-40ml-2","status":"publish","type":"product","link":"https:\/\/para-mirava.ma\/?product=bioderma-photoderm-creme-spf50-pss-invisible-40ml-2","title":{"rendered":"BIODERMA PHOTODERM CREME SPF50+ PSS INVISIBLE 40ML"},"content":{"rendered":"<p>Bioderma Photoderm Cr\u00e8me SPF50+ 40 ml est une tr\u00e8s haute protection solaire photostable sp\u00e9cialement formul\u00e9e pour les peaux sensibles s\u00e8ches.<\/p>\n<p>Disponible dans votre parapharmacie en ligne www.cotepara.ma<\/p>\n<p>Sa formule b\u00e9n\u00e9ficie du brevet Sun Active Defense : une haute technologie de protection solaire, renforc\u00e9e dans les UVA. Elle associe des filtres UV et une protection biologique brevet\u00e9e qui am\u00e9liore les capacit\u00e9s d&#8217;auto-d\u00e9fense de la peau, pour aider \u00e0 pr\u00e9server sa sant\u00e9 au soleil, durablement.<\/p>\n","protected":false},"excerpt":{"rendered":"<p>Bioderma Photoderm Cr\u00e8me SPF50+ 40 ml est une tr\u00e8s haute protection solaire photostable sp\u00e9cialement formul\u00e9e pour les peaux sensibles s\u00e8ches. Disponible dans votre parapharmacie en ligne www.cotepara.ma Sa formule b\u00e9n\u00e9ficie du brevet Sun Active Defense : une haute technologie de protection solaire, renforc\u00e9e dans les UVA. Elle associe des filtres UV et une protection biologique [&hellip;]<\/p>\n","protected":false},"featured_media":19377,"template":"","meta":[],"product_brand":[170],"product_cat":[15,135],"product_tag":[],"class_list":{"0":"post-19378","1":"product","2":"type-product","3":"status-publish","4":"has-post-thumbnail","6":"product_brand-bioderma","7":"product_cat-tout","8":"product_cat-bioderma","9":"ts_product_brand-bioderma","11":"first","12":"instock","13":"sale","14":"shipping-taxable","15":"purchasable","16":"product-type-simple"},"_links":{"self":[{"href":"https:\/\/para-mirava.ma\/index.php?rest_route=\/wp\/v2\/product\/19378","targetHints":{"allow":["GET"]}}],"collection":[{"href":"https:\/\/para-mirava.ma\/index.php?rest_route=\/wp\/v2\/product"}],"about":[{"href":"https:\/\/para-mirava.ma\/index.php?rest_route=\/wp\/v2\/types\/product"}],"wp:featuredmedia":[{"embeddable":true,"href":"https:\/\/para-mirava.ma\/index.php?rest_route=\/wp\/v2\/media\/19377"}],"wp:attachment":[{"href":"https:\/\/para-mirava.ma\/index.php?rest_route=%2Fwp%2Fv2%2Fmedia&parent=19378"}],"wp:term":[{"taxonomy":"product_brand","embeddable":true,"href":"https:\/\/para-mirava.ma\/index.php?rest_route=%2Fwp%2Fv2%2Fproduct_brand&post=19378"},{"taxonomy":"product_cat","embeddable":true,"href":"https:\/\/para-mirava.ma\/index.php?rest_route=%2Fwp%2Fv2%2Fproduct_cat&post=19378"},{"taxonomy":"product_tag","embeddable":true,"href":"https:\/\/para-mirava.ma\/index.php?rest_route=%2Fwp%2Fv2%2Fproduct_tag&post=19378"}],"curies":[{"name":"wp","href":"https:\/\/api.w.org\/{rel}","templated":true}]}}