{"id":19382,"date":"2026-03-17T16:51:42","date_gmt":"2026-03-17T16:51:42","guid":{"rendered":"https:\/\/para-mirava.ma\/?product=bioderma-photoderm-max-fluide-spf100-teinte-tres-claire-40ml-2"},"modified":"2026-03-17T18:40:51","modified_gmt":"2026-03-17T18:40:51","slug":"bioderma-photoderm-max-fluide-spf100-teinte-tres-claire-40ml-2","status":"publish","type":"product","link":"https:\/\/para-mirava.ma\/?product=bioderma-photoderm-max-fluide-spf100-teinte-tres-claire-40ml-2","title":{"rendered":"BIODERMA PHOTODERM MAX FLUIDE SPF100 TEINTE TRES CLAIRE 40ML"},"content":{"rendered":"<p>BIODERMA PHOTODERM MAX SPF100 FLUIDE TEINTE TRES CLAIRE 40ML assure une photoprotection maximale teint\u00e9e du visage pour les peaux pathologiques. Les peaux intol\u00e9rantes \u00e0 tous types d&#8217;ensoleillement (photosensibles), intol\u00e9rances estivales b\u00e9nignes. Les peaux laiteuses ponctu\u00e9es de taches de rousseur ou \u00e9ph\u00e9lides (phototype I) et soumises \u00e0 un ensoleillement maximum (glaciers, tropiques). Disponible dans votre parapharmacie en ligne www.cotepara.ma.<\/p>\n","protected":false},"excerpt":{"rendered":"<p>BIODERMA PHOTODERM MAX SPF100 FLUIDE TEINTE TRES CLAIRE 40ML assure une photoprotection maximale teint\u00e9e du visage pour les peaux pathologiques. Les peaux intol\u00e9rantes \u00e0 tous types d&#8217;ensoleillement (photosensibles), intol\u00e9rances estivales b\u00e9nignes. Les peaux laiteuses ponctu\u00e9es de taches de rousseur ou \u00e9ph\u00e9lides (phototype I) et soumises \u00e0 un ensoleillement maximum (glaciers, tropiques). Disponible dans votre parapharmacie [&hellip;]<\/p>\n","protected":false},"featured_media":19381,"template":"","meta":[],"product_brand":[170],"product_cat":[15,135],"product_tag":[],"class_list":{"0":"post-19382","1":"product","2":"type-product","3":"status-publish","4":"has-post-thumbnail","6":"product_brand-bioderma","7":"product_cat-tout","8":"product_cat-bioderma","9":"ts_product_brand-bioderma","11":"first","12":"instock","13":"sale","14":"shipping-taxable","15":"purchasable","16":"product-type-simple"},"_links":{"self":[{"href":"https:\/\/para-mirava.ma\/index.php?rest_route=\/wp\/v2\/product\/19382","targetHints":{"allow":["GET"]}}],"collection":[{"href":"https:\/\/para-mirava.ma\/index.php?rest_route=\/wp\/v2\/product"}],"about":[{"href":"https:\/\/para-mirava.ma\/index.php?rest_route=\/wp\/v2\/types\/product"}],"wp:featuredmedia":[{"embeddable":true,"href":"https:\/\/para-mirava.ma\/index.php?rest_route=\/wp\/v2\/media\/19381"}],"wp:attachment":[{"href":"https:\/\/para-mirava.ma\/index.php?rest_route=%2Fwp%2Fv2%2Fmedia&parent=19382"}],"wp:term":[{"taxonomy":"product_brand","embeddable":true,"href":"https:\/\/para-mirava.ma\/index.php?rest_route=%2Fwp%2Fv2%2Fproduct_brand&post=19382"},{"taxonomy":"product_cat","embeddable":true,"href":"https:\/\/para-mirava.ma\/index.php?rest_route=%2Fwp%2Fv2%2Fproduct_cat&post=19382"},{"taxonomy":"product_tag","embeddable":true,"href":"https:\/\/para-mirava.ma\/index.php?rest_route=%2Fwp%2Fv2%2Fproduct_tag&post=19382"}],"curies":[{"name":"wp","href":"https:\/\/api.w.org\/{rel}","templated":true}]}}