{"id":19393,"date":"2026-03-17T17:03:37","date_gmt":"2026-03-17T17:03:37","guid":{"rendered":"https:\/\/para-mirava.ma\/?product=avene-gelee-gommante-douceur-visage-75ml-2"},"modified":"2026-03-17T18:40:21","modified_gmt":"2026-03-17T18:40:21","slug":"avene-gelee-gommante-douceur-visage-75ml-2","status":"publish","type":"product","link":"https:\/\/para-mirava.ma\/?product=avene-gelee-gommante-douceur-visage-75ml-2","title":{"rendered":"AVENE GELEE GOMMANTE DOUCEUR VISAGE 75ML"},"content":{"rendered":"<p>AVENE GELEE GOMMANTEDOUCEUR VISAGE 75ML disponible dans est votre Parapharmacie en ligne C\u00f4t\u00e9 para \u00e0 Prix discount , livraison gratuite partout au Maroc<\/p>\n<p>Pourquoi Choisir C\u00f4t\u00e9 para ?<\/p>\n<p>Tout d&#8217;abord , C\u00f4t\u00e9 Para est pr\u00e9sente sur le March\u00e9 de la cosm\u00e9tique depuis 2009<\/p>\n<p>Ensuite Elle Pr\u00e9sente plus de 18000 R\u00e9f\u00e9rence de produits cosm\u00e9tiques<\/p>\n<p>Troisi\u00e8mement C\u00f4t\u00e9 Para propose le meilleur Prix du March\u00e9 ( Rapport Qualit\u00e9 \/ Prix )<\/p>\n<p>Quatri\u00e8mement Elle mets \u00e0 votre disposition des produits 100% Authentique<\/p>\n<p>Cinqui\u00e8mement Elle offre avec chaque commande des gratuit\u00e9s , cadeaux , trousses , \u00e9chantillons selon les disponibilit\u00e9s en Stock<\/p>\n<p>Sans oublier le service Rapide de la livraison , toute fois C\u00f4t\u00e9 Para a 4 points de vente :<\/p>\n<p>Premier Magasin : sur Bd El Qods en face de la patisserie 4 cerises<\/p>\n<p>Deuxi\u00e8me Magasin : sur Bourgogne \u00e0 C\u00f4t\u00e9 de la clinique Badr .<\/p>\n<p>Troisi\u00e8me Magasin: Sur Sidi Maarouf \u00e0 Ovillage, Av. Abou Bakr el Kadiri<\/p>\n<p>Quatri\u00e8me Magasin : Sur Bouskoura au Centre Commercial Triangle Vert, Bouskoura Ville verte<\/p>\n","protected":false},"excerpt":{"rendered":"<p>AVENE GELEE GOMMANTEDOUCEUR VISAGE 75ML disponible dans est votre Parapharmacie en ligne C\u00f4t\u00e9 para \u00e0 Prix discount , livraison gratuite partout au Maroc Pourquoi Choisir C\u00f4t\u00e9 para ? Tout d&#8217;abord , C\u00f4t\u00e9 Para est pr\u00e9sente sur le March\u00e9 de la cosm\u00e9tique depuis 2009 Ensuite Elle Pr\u00e9sente plus de 18000 R\u00e9f\u00e9rence de produits cosm\u00e9tiques Troisi\u00e8mement C\u00f4t\u00e9 [&hellip;]<\/p>\n","protected":false},"featured_media":19392,"template":"","meta":[],"product_brand":[171],"product_cat":[15,134],"product_tag":[],"class_list":{"0":"post-19393","1":"product","2":"type-product","3":"status-publish","4":"has-post-thumbnail","6":"product_brand-avene","7":"product_cat-tout","8":"product_cat-avene","9":"ts_product_brand-avene","11":"first","12":"instock","13":"sale","14":"shipping-taxable","15":"purchasable","16":"product-type-simple"},"_links":{"self":[{"href":"https:\/\/para-mirava.ma\/index.php?rest_route=\/wp\/v2\/product\/19393","targetHints":{"allow":["GET"]}}],"collection":[{"href":"https:\/\/para-mirava.ma\/index.php?rest_route=\/wp\/v2\/product"}],"about":[{"href":"https:\/\/para-mirava.ma\/index.php?rest_route=\/wp\/v2\/types\/product"}],"wp:featuredmedia":[{"embeddable":true,"href":"https:\/\/para-mirava.ma\/index.php?rest_route=\/wp\/v2\/media\/19392"}],"wp:attachment":[{"href":"https:\/\/para-mirava.ma\/index.php?rest_route=%2Fwp%2Fv2%2Fmedia&parent=19393"}],"wp:term":[{"taxonomy":"product_brand","embeddable":true,"href":"https:\/\/para-mirava.ma\/index.php?rest_route=%2Fwp%2Fv2%2Fproduct_brand&post=19393"},{"taxonomy":"product_cat","embeddable":true,"href":"https:\/\/para-mirava.ma\/index.php?rest_route=%2Fwp%2Fv2%2Fproduct_cat&post=19393"},{"taxonomy":"product_tag","embeddable":true,"href":"https:\/\/para-mirava.ma\/index.php?rest_route=%2Fwp%2Fv2%2Fproduct_tag&post=19393"}],"curies":[{"name":"wp","href":"https:\/\/api.w.org\/{rel}","templated":true}]}}