{"id":19397,"date":"2026-03-17T17:03:39","date_gmt":"2026-03-17T17:03:39","guid":{"rendered":"https:\/\/para-mirava.ma\/?product=avene-xeracalm-a-d-baume-200ml-new-2"},"modified":"2026-03-17T18:40:21","modified_gmt":"2026-03-17T18:40:21","slug":"avene-xeracalm-a-d-baume-200ml-new-2","status":"publish","type":"product","link":"https:\/\/para-mirava.ma\/?product=avene-xeracalm-a-d-baume-200ml-new-2","title":{"rendered":"AVENE XERACALM A.D BAUME 200ML NEW"},"content":{"rendered":"<p>AVENE XERACALM A.D BAUME 200ML est un baume relipidant disponible dans votre Parapharmacie en ligne C\u00f4t\u00e9 Para. Il est propos\u00e9 \u00e0 prix discount avec livraison gratuite partout au Maroc. C\u00f4t\u00e9 Para est pr\u00e9sente sur le march\u00e9 de la cosm\u00e9tique depuis 2009, offre plus de 18000 r\u00e9f\u00e9rences de produits cosm\u00e9tiques, propose le meilleur rapport qualit\u00e9\/prix, et met \u00e0 disposition des produits 100% authentiques. Chaque commande est accompagn\u00e9e de gratuit\u00e9s, cadeaux, trousses ou \u00e9chantillons selon les disponibilit\u00e9s. Le service de livraison est rapide et C\u00f4t\u00e9 Para dispose de 4 points de vente physiques \u00e0 Casablanca.<\/p>\n","protected":false},"excerpt":{"rendered":"<p>AVENE XERACALM A.D BAUME 200ML est un baume relipidant disponible dans votre Parapharmacie en ligne C\u00f4t\u00e9 Para. Il est propos\u00e9 \u00e0 prix discount avec livraison gratuite partout au Maroc. C\u00f4t\u00e9 Para est pr\u00e9sente sur le march\u00e9 de la cosm\u00e9tique depuis 2009, offre plus de 18000 r\u00e9f\u00e9rences de produits cosm\u00e9tiques, propose le meilleur rapport qualit\u00e9\/prix, et [&hellip;]<\/p>\n","protected":false},"featured_media":19396,"template":"","meta":[],"product_brand":[171],"product_cat":[15,134],"product_tag":[],"class_list":{"0":"post-19397","1":"product","2":"type-product","3":"status-publish","4":"has-post-thumbnail","6":"product_brand-avene","7":"product_cat-tout","8":"product_cat-avene","9":"ts_product_brand-avene","11":"first","12":"instock","13":"sale","14":"shipping-taxable","15":"purchasable","16":"product-type-simple"},"_links":{"self":[{"href":"https:\/\/para-mirava.ma\/index.php?rest_route=\/wp\/v2\/product\/19397","targetHints":{"allow":["GET"]}}],"collection":[{"href":"https:\/\/para-mirava.ma\/index.php?rest_route=\/wp\/v2\/product"}],"about":[{"href":"https:\/\/para-mirava.ma\/index.php?rest_route=\/wp\/v2\/types\/product"}],"wp:featuredmedia":[{"embeddable":true,"href":"https:\/\/para-mirava.ma\/index.php?rest_route=\/wp\/v2\/media\/19396"}],"wp:attachment":[{"href":"https:\/\/para-mirava.ma\/index.php?rest_route=%2Fwp%2Fv2%2Fmedia&parent=19397"}],"wp:term":[{"taxonomy":"product_brand","embeddable":true,"href":"https:\/\/para-mirava.ma\/index.php?rest_route=%2Fwp%2Fv2%2Fproduct_brand&post=19397"},{"taxonomy":"product_cat","embeddable":true,"href":"https:\/\/para-mirava.ma\/index.php?rest_route=%2Fwp%2Fv2%2Fproduct_cat&post=19397"},{"taxonomy":"product_tag","embeddable":true,"href":"https:\/\/para-mirava.ma\/index.php?rest_route=%2Fwp%2Fv2%2Fproduct_tag&post=19397"}],"curies":[{"name":"wp","href":"https:\/\/api.w.org\/{rel}","templated":true}]}}