{"id":19399,"date":"2026-03-17T17:03:40","date_gmt":"2026-03-17T17:03:40","guid":{"rendered":"https:\/\/para-mirava.ma\/?product=avene-cicalfate-creme-mains-100ml"},"modified":"2026-03-17T18:40:21","modified_gmt":"2026-03-17T18:40:21","slug":"avene-cicalfate-creme-mains-100ml","status":"publish","type":"product","link":"https:\/\/para-mirava.ma\/?product=avene-cicalfate-creme-mains-100ml","title":{"rendered":"AVENE CICALFATE CREME MAINS 100ML"},"content":{"rendered":"<p>Mains tr\u00e8s s\u00e8ches, irrit\u00e9es, ecz\u00e9ma des mains ou professionnel : cette cr\u00e8me barri\u00e8re permet de r\u00e9parer et prot\u00e9ger les mains ultra-sollicit\u00e9es.<\/p>\n<p>\u2022 R\u00c9PARATION* des mains irrit\u00e9es par le froid, les lavages r\u00e9p\u00e9t\u00e9s et l&#8217;application fr\u00e9quente de solution hydroalcoolique.<br \/>\nLe Sucralfate, actif original, favorise la r\u00e9paration de l&#8217;\u00e9piderme.<\/p>\n<p>\u2022 APAISEMENT des irritations, sensations de br\u00fblure et tiraillements.<br \/>\nRiche en Eau thermale d&#8217;Av\u00e8ne, Cicalfate MAINS Cr\u00e8me r\u00e9paratrice isolante apaise rapidement les \u00e9pidermes fragilis\u00e9s.<\/p>\n<p>\u2022 ASSAINISSEMENT des ger\u00e7ures et irritations, gr\u00e2ce \u00e0 des agents antibact\u00e9riens, sulfates de cuivre et de zinc, qui limitent le risque de prolif\u00e9ration bact\u00e9rienne.<\/p>\n<p>Sans parfum, Cicalfate MAINS Cr\u00e8me r\u00e9paratrice isolante s&#8217;applique et p\u00e9n\u00e8tre en un instant.<\/p>\n<p>AVENE CICALFATE CREME MAINS 100ML est disponible dans votre Parapharmacie en ligne C\u00f4t\u00e9 para \u00e0 Prix discount , livraison Partout Au Maroc<\/p>\n","protected":false},"excerpt":{"rendered":"<p>Mains tr\u00e8s s\u00e8ches, irrit\u00e9es, ecz\u00e9ma des mains ou professionnel : cette cr\u00e8me barri\u00e8re permet de r\u00e9parer et prot\u00e9ger les mains ultra-sollicit\u00e9es. \u2022 R\u00c9PARATION* des mains irrit\u00e9es par le froid, les lavages r\u00e9p\u00e9t\u00e9s et l&#8217;application fr\u00e9quente de solution hydroalcoolique. Le Sucralfate, actif original, favorise la r\u00e9paration de l&#8217;\u00e9piderme. \u2022 APAISEMENT des irritations, sensations de br\u00fblure et [&hellip;]<\/p>\n","protected":false},"featured_media":19398,"template":"","meta":[],"product_brand":[171],"product_cat":[15,134],"product_tag":[],"class_list":{"0":"post-19399","1":"product","2":"type-product","3":"status-publish","4":"has-post-thumbnail","6":"product_brand-avene","7":"product_cat-tout","8":"product_cat-avene","9":"ts_product_brand-avene","11":"first","12":"instock","13":"sale","14":"shipping-taxable","15":"purchasable","16":"product-type-simple"},"_links":{"self":[{"href":"https:\/\/para-mirava.ma\/index.php?rest_route=\/wp\/v2\/product\/19399","targetHints":{"allow":["GET"]}}],"collection":[{"href":"https:\/\/para-mirava.ma\/index.php?rest_route=\/wp\/v2\/product"}],"about":[{"href":"https:\/\/para-mirava.ma\/index.php?rest_route=\/wp\/v2\/types\/product"}],"wp:featuredmedia":[{"embeddable":true,"href":"https:\/\/para-mirava.ma\/index.php?rest_route=\/wp\/v2\/media\/19398"}],"wp:attachment":[{"href":"https:\/\/para-mirava.ma\/index.php?rest_route=%2Fwp%2Fv2%2Fmedia&parent=19399"}],"wp:term":[{"taxonomy":"product_brand","embeddable":true,"href":"https:\/\/para-mirava.ma\/index.php?rest_route=%2Fwp%2Fv2%2Fproduct_brand&post=19399"},{"taxonomy":"product_cat","embeddable":true,"href":"https:\/\/para-mirava.ma\/index.php?rest_route=%2Fwp%2Fv2%2Fproduct_cat&post=19399"},{"taxonomy":"product_tag","embeddable":true,"href":"https:\/\/para-mirava.ma\/index.php?rest_route=%2Fwp%2Fv2%2Fproduct_tag&post=19399"}],"curies":[{"name":"wp","href":"https:\/\/api.w.org\/{rel}","templated":true}]}}