{"id":19403,"date":"2026-03-17T17:03:42","date_gmt":"2026-03-17T17:03:42","guid":{"rendered":"https:\/\/para-mirava.ma\/?product=avene-solaire-creme-invisible-spf50-50ml-2"},"modified":"2026-03-17T18:40:20","modified_gmt":"2026-03-17T18:40:20","slug":"avene-solaire-creme-invisible-spf50-50ml-2","status":"publish","type":"product","link":"https:\/\/para-mirava.ma\/?product=avene-solaire-creme-invisible-spf50-50ml-2","title":{"rendered":"AVENE SOLAIRE CREME INVISIBLE SPF50+ 50ML"},"content":{"rendered":"<p>AVENE SOLAIRE CREME INVISIBLE SPF50+ 50ML est disponible dans votre Parapharmacie en ligne C\u00f4t\u00e9 para \u00e0 Prix discount, livraison gratuite partout au Maroc.<\/p>\n<p>Pourquoi Choisir C\u00f4t\u00e9 para ?<br \/>\nTout d&#8217;abord, C\u00f4t\u00e9 Para est pr\u00e9sente sur le March\u00e9 de la cosm\u00e9tique depuis 2009.<br \/>\nEnsuite, elle pr\u00e9sente plus de 18000 R\u00e9f\u00e9rences de produits cosm\u00e9tiques.<br \/>\nTroisi\u00e8mement, C\u00f4t\u00e9 Para propose le meilleur Prix du March\u00e9 (Rapport Qualit\u00e9 \/ Prix).<br \/>\nQuatri\u00e8mement, elle met \u00e0 votre disposition des produits 100% Authentiques.<br \/>\nCinqui\u00e8mement, elle offre avec chaque commande des gratuit\u00e9s, cadeaux, trousses, \u00e9chantillons selon les disponibilit\u00e9s en Stock.<br \/>\nSans oublier le service Rapide de la livraison. C\u00f4t\u00e9 Para a 4 points de vente :<br \/>\nPremier Magasin : sur Bd El Qods en face de la patisserie 4 cerises.<br \/>\nDeuxi\u00e8me Magasin : sur Bourgogne \u00e0 C\u00f4t\u00e9 de la clinique Badr.<br \/>\nTroisi\u00e8me Magasin: Sur Sidi Maarouf \u00e0 Ovillage, Av. Abou Bakr el Kadiri.<br \/>\nQuatri\u00e8me Magasin : Sur Bouskoura au Centre Commercial Triangle Vert, Bouskoura Ville verte.<\/p>\n","protected":false},"excerpt":{"rendered":"<p>AVENE SOLAIRE CREME INVISIBLE SPF50+ 50ML est disponible dans votre Parapharmacie en ligne C\u00f4t\u00e9 para \u00e0 Prix discount, livraison gratuite partout au Maroc. Pourquoi Choisir C\u00f4t\u00e9 para ? Tout d&#8217;abord, C\u00f4t\u00e9 Para est pr\u00e9sente sur le March\u00e9 de la cosm\u00e9tique depuis 2009. Ensuite, elle pr\u00e9sente plus de 18000 R\u00e9f\u00e9rences de produits cosm\u00e9tiques. Troisi\u00e8mement, C\u00f4t\u00e9 Para [&hellip;]<\/p>\n","protected":false},"featured_media":19402,"template":"","meta":[],"product_brand":[171],"product_cat":[15,134],"product_tag":[],"class_list":{"0":"post-19403","1":"product","2":"type-product","3":"status-publish","4":"has-post-thumbnail","6":"product_brand-avene","7":"product_cat-tout","8":"product_cat-avene","9":"ts_product_brand-avene","11":"first","12":"instock","13":"sale","14":"shipping-taxable","15":"purchasable","16":"product-type-simple"},"_links":{"self":[{"href":"https:\/\/para-mirava.ma\/index.php?rest_route=\/wp\/v2\/product\/19403","targetHints":{"allow":["GET"]}}],"collection":[{"href":"https:\/\/para-mirava.ma\/index.php?rest_route=\/wp\/v2\/product"}],"about":[{"href":"https:\/\/para-mirava.ma\/index.php?rest_route=\/wp\/v2\/types\/product"}],"wp:featuredmedia":[{"embeddable":true,"href":"https:\/\/para-mirava.ma\/index.php?rest_route=\/wp\/v2\/media\/19402"}],"wp:attachment":[{"href":"https:\/\/para-mirava.ma\/index.php?rest_route=%2Fwp%2Fv2%2Fmedia&parent=19403"}],"wp:term":[{"taxonomy":"product_brand","embeddable":true,"href":"https:\/\/para-mirava.ma\/index.php?rest_route=%2Fwp%2Fv2%2Fproduct_brand&post=19403"},{"taxonomy":"product_cat","embeddable":true,"href":"https:\/\/para-mirava.ma\/index.php?rest_route=%2Fwp%2Fv2%2Fproduct_cat&post=19403"},{"taxonomy":"product_tag","embeddable":true,"href":"https:\/\/para-mirava.ma\/index.php?rest_route=%2Fwp%2Fv2%2Fproduct_tag&post=19403"}],"curies":[{"name":"wp","href":"https:\/\/api.w.org\/{rel}","templated":true}]}}