{"id":19409,"date":"2026-03-17T17:03:45","date_gmt":"2026-03-17T17:03:45","guid":{"rendered":"https:\/\/para-mirava.ma\/?product=avene-hyaluron-activ-b3-creme-multi-intensive-nuit-40ml-2"},"modified":"2026-03-17T18:40:20","modified_gmt":"2026-03-17T18:40:20","slug":"avene-hyaluron-activ-b3-creme-multi-intensive-nuit-40ml-2","status":"publish","type":"product","link":"https:\/\/para-mirava.ma\/?product=avene-hyaluron-activ-b3-creme-multi-intensive-nuit-40ml-2","title":{"rendered":"AVENE HYALURON ACTIV B3 CREME MULTI INTENSIVE NUIT 40ML"},"content":{"rendered":"<p>AVENE HYALURON ACTIV B3 CREME MULTI INTENSIVE NUIT 40ML est disponible dans votre Parapharmacie en ligne C\u00f4t\u00e9 Para \u00e0 Prix discount, avec livraison gratuite partout au Maroc.<\/p>\n<p>Pourquoi Choisir C\u00f4t\u00e9 Para ?<br \/>\n&#8211; Pr\u00e9sente sur le March\u00e9 de la cosm\u00e9tique depuis 2009.<br \/>\n&#8211; Propose plus de 18000 r\u00e9f\u00e9rences de produits cosm\u00e9tiques.<br \/>\n&#8211; Offre le meilleur Prix du March\u00e9 (Rapport Qualit\u00e9 \/ Prix).<br \/>\n&#8211; Met \u00e0 votre disposition des produits 100% Authentiques.<br \/>\n&#8211; Offre des gratuit\u00e9s, cadeaux, trousses, \u00e9chantillons avec chaque commande (selon les disponibilit\u00e9s en stock).<br \/>\n&#8211; Service de livraison rapide.<\/p>\n<p>C\u00f4t\u00e9 Para dispose \u00e9galement de 4 points de vente physiques :<br \/>\n&#8211; Premier Magasin : sur Bd El Qods en face de la patisserie 4 cerises.<br \/>\n&#8211; Deuxi\u00e8me Magasin : sur Bourgogne \u00e0 C\u00f4t\u00e9 de la clinique Badr.<br \/>\n&#8211; Troisi\u00e8me Magasin: Sur Sidi Maarouf \u00e0 Ovillage, Av. Abou Bakr el Kadiri.<br \/>\n&#8211; Quatri\u00e8me Magasin : Sur Bouskoura au Centre Commercial Triangle Vert, Bouskoura Ville verte.<\/p>\n","protected":false},"excerpt":{"rendered":"<p>AVENE HYALURON ACTIV B3 CREME MULTI INTENSIVE NUIT 40ML est disponible dans votre Parapharmacie en ligne C\u00f4t\u00e9 Para \u00e0 Prix discount, avec livraison gratuite partout au Maroc. Pourquoi Choisir C\u00f4t\u00e9 Para ? &#8211; Pr\u00e9sente sur le March\u00e9 de la cosm\u00e9tique depuis 2009. &#8211; Propose plus de 18000 r\u00e9f\u00e9rences de produits cosm\u00e9tiques. &#8211; Offre le meilleur [&hellip;]<\/p>\n","protected":false},"featured_media":19408,"template":"","meta":[],"product_brand":[171],"product_cat":[15,134],"product_tag":[],"class_list":{"0":"post-19409","1":"product","2":"type-product","3":"status-publish","4":"has-post-thumbnail","6":"product_brand-avene","7":"product_cat-tout","8":"product_cat-avene","9":"ts_product_brand-avene","11":"first","12":"instock","13":"sale","14":"shipping-taxable","15":"purchasable","16":"product-type-simple"},"_links":{"self":[{"href":"https:\/\/para-mirava.ma\/index.php?rest_route=\/wp\/v2\/product\/19409","targetHints":{"allow":["GET"]}}],"collection":[{"href":"https:\/\/para-mirava.ma\/index.php?rest_route=\/wp\/v2\/product"}],"about":[{"href":"https:\/\/para-mirava.ma\/index.php?rest_route=\/wp\/v2\/types\/product"}],"wp:featuredmedia":[{"embeddable":true,"href":"https:\/\/para-mirava.ma\/index.php?rest_route=\/wp\/v2\/media\/19408"}],"wp:attachment":[{"href":"https:\/\/para-mirava.ma\/index.php?rest_route=%2Fwp%2Fv2%2Fmedia&parent=19409"}],"wp:term":[{"taxonomy":"product_brand","embeddable":true,"href":"https:\/\/para-mirava.ma\/index.php?rest_route=%2Fwp%2Fv2%2Fproduct_brand&post=19409"},{"taxonomy":"product_cat","embeddable":true,"href":"https:\/\/para-mirava.ma\/index.php?rest_route=%2Fwp%2Fv2%2Fproduct_cat&post=19409"},{"taxonomy":"product_tag","embeddable":true,"href":"https:\/\/para-mirava.ma\/index.php?rest_route=%2Fwp%2Fv2%2Fproduct_tag&post=19409"}],"curies":[{"name":"wp","href":"https:\/\/api.w.org\/{rel}","templated":true}]}}