{"id":19429,"date":"2026-03-17T17:04:09","date_gmt":"2026-03-17T17:04:09","guid":{"rendered":"https:\/\/para-mirava.ma\/?product=avene-cleanance-comedomed-concentre-anti-imperfection-30ml-new"},"modified":"2026-03-17T18:40:19","modified_gmt":"2026-03-17T18:40:19","slug":"avene-cleanance-comedomed-concentre-anti-imperfection-30ml-new","status":"publish","type":"product","link":"https:\/\/para-mirava.ma\/?product=avene-cleanance-comedomed-concentre-anti-imperfection-30ml-new","title":{"rendered":"AVENE CLEANANCE COMEDOMED CONCENTRE ANTI IMPERFECTION 30ML NEW"},"content":{"rendered":"<p>Cleanance Comedomed, innovation des Laboratoires Eau Thermale Av\u00e8ne \u00e0 l&#8217;efficacit\u00e9 clinique prouv\u00e9e d\u00e8s sept jours* combat les boutons d\u00e9s la racine par un mode d&#8217;action unique, et limite leur r\u00e9apparition. Soin expert pour peaux grasses \u00e0 tendance acn\u00e9ique, Cleanance Comedomed est formul\u00e9 \u00e0 base de Comedoclastin\u2122, un extrait v\u00e9g\u00e9tal issu des graines de Chardon-Marie. Cet actif aux propri\u00e9t\u00e9s brevet\u00e9es** cible directement les micro-com\u00e9dons, r\u00e9duit les boutons et points noirs existants et limite l&#8217;apparition des nouveaux. Cleanance Comedomed s&#8217;applique deux fois par jour, r\u00e9duit les boutons d\u00e9s sept jours* et assure une action anti-r\u00e9cidive cliniquement prouv\u00e9e***. Peut \u00eatre utilis\u00e9 par l&#8217;adulte et l&#8217;adolescent d\u00e8s l&#8217;\u00e2ge de 12 ans. Non com\u00e9dog\u00e8ne, \u00e0 haute tol\u00e9rance* pour les peaux \u00e0 tendance acn\u00e9ique, sa texture \u00e0 absorption rapide et au fini non-gras laisse la peau matifi\u00e9e. Cleanance Comedomed s&#8217;utilise seul, en association, ou apr\u00e8s un traitement m\u00e9dicamenteux anti-acn\u00e9 (hors isotr\u00e9tinoine orale).<\/p>\n<p>LE MOT DE L&#8217;EXPERT<br \/>\nUn soin anti-imperfections redoutable qui agit sur la partie immerg\u00e9e des boutons pour une efficacit\u00e9 clinique durable sur les peaux \u00e0 tendance acn\u00e9ique.<\/p>\n<p>Avantage<br \/>\nLe soin r\u00e9volutionnaire des peaux \u00e0 tendance acn\u00e9ique qui r\u00e9duit les boutons d\u00e9s sept jours* et limite leur r\u00e9apparition gr\u00e2ce \u00e0 la Comedoclastin\u2122, actif v\u00e9g\u00e9tal extrait de Chardon-Marie, aux propri\u00e9t\u00e9s brevet\u00e9es**.<\/p>\n<p>B\u00e9n\u00e9fices<br \/>\n\u2022 EFFICACIT\u00c9 cliniquement d\u00e9montr\u00e9e. R\u00e9duit tout type d&#8217;imperfections des peaux \u00e0 tendance acn\u00e9ique, gr\u00e2ce \u00e0 la Comedoclastin\u2122** qui agit \u00e0 la racine des boutons pour les r\u00e9duire et limiter leur r\u00e9apparition. Sa texture aqueuse l\u00e9g\u00e8re p\u00e9n\u00e8tre rapidement, en favorisant son application, et laisse la peau souple, hydrat\u00e9e et matifi\u00e9e sur la dur\u00e9e.<br \/>\n\u2022 ACTION RAPIDE ET ANTI-RECIDIVE : Cleanance Comedomed, \u00e0 l&#8217;efficacit\u00e9 clinique prouv\u00e9e, r\u00e9duit les boutons d\u00e9s sept jours* et \u00e9vite leur r\u00e9cidive***. Pour une peau plus nette et un meilleur confort au quotidien. Disponible dans votre parapharmacie en ligne www.cotepara.ma<br \/>\n\u2022 HAUTE TOL\u00c9RANCE : Cleanance Comedomed pr\u00e9sente une haute tol\u00e9rance*, qu&#8217;il soit utilis\u00e9 seul, en association ou en relais des traitements m\u00e9dicamenteux (hors isotr\u00e9tinoine orale). Sa formule non com\u00e9dog\u00e8ne est sans parfum.<\/p>\n","protected":false},"excerpt":{"rendered":"<p>Cleanance Comedomed, innovation des Laboratoires Eau Thermale Av\u00e8ne \u00e0 l&#8217;efficacit\u00e9 clinique prouv\u00e9e d\u00e8s sept jours* combat les boutons d\u00e9s la racine par un mode d&#8217;action unique, et limite leur r\u00e9apparition. Soin expert pour peaux grasses \u00e0 tendance acn\u00e9ique, Cleanance Comedomed est formul\u00e9 \u00e0 base de Comedoclastin\u2122, un extrait v\u00e9g\u00e9tal issu des graines de Chardon-Marie. Cet [&hellip;]<\/p>\n","protected":false},"featured_media":19428,"template":"","meta":[],"product_brand":[171],"product_cat":[15,134],"product_tag":[],"class_list":{"0":"post-19429","1":"product","2":"type-product","3":"status-publish","4":"has-post-thumbnail","6":"product_brand-avene","7":"product_cat-tout","8":"product_cat-avene","9":"ts_product_brand-avene","11":"first","12":"instock","13":"sale","14":"shipping-taxable","15":"purchasable","16":"product-type-simple"},"_links":{"self":[{"href":"https:\/\/para-mirava.ma\/index.php?rest_route=\/wp\/v2\/product\/19429","targetHints":{"allow":["GET"]}}],"collection":[{"href":"https:\/\/para-mirava.ma\/index.php?rest_route=\/wp\/v2\/product"}],"about":[{"href":"https:\/\/para-mirava.ma\/index.php?rest_route=\/wp\/v2\/types\/product"}],"wp:featuredmedia":[{"embeddable":true,"href":"https:\/\/para-mirava.ma\/index.php?rest_route=\/wp\/v2\/media\/19428"}],"wp:attachment":[{"href":"https:\/\/para-mirava.ma\/index.php?rest_route=%2Fwp%2Fv2%2Fmedia&parent=19429"}],"wp:term":[{"taxonomy":"product_brand","embeddable":true,"href":"https:\/\/para-mirava.ma\/index.php?rest_route=%2Fwp%2Fv2%2Fproduct_brand&post=19429"},{"taxonomy":"product_cat","embeddable":true,"href":"https:\/\/para-mirava.ma\/index.php?rest_route=%2Fwp%2Fv2%2Fproduct_cat&post=19429"},{"taxonomy":"product_tag","embeddable":true,"href":"https:\/\/para-mirava.ma\/index.php?rest_route=%2Fwp%2Fv2%2Fproduct_tag&post=19429"}],"curies":[{"name":"wp","href":"https:\/\/api.w.org\/{rel}","templated":true}]}}