{"id":19437,"date":"2026-03-17T17:04:14","date_gmt":"2026-03-17T17:04:14","guid":{"rendered":"https:\/\/para-mirava.ma\/?product=avene-hydrance-aqua-gel-50ml"},"modified":"2026-03-17T18:40:19","modified_gmt":"2026-03-17T18:40:19","slug":"avene-hydrance-aqua-gel-50ml","status":"publish","type":"product","link":"https:\/\/para-mirava.ma\/?product=avene-hydrance-aqua-gel-50ml","title":{"rendered":"AVENE HYDRANCE AQUA GEL 50ML"},"content":{"rendered":"<p>Soin complet tout-en-un, hydratant, protecteur, matifiant et \u00e9claircissant, Hydrance aqua-gel offre une hydratation durable gr\u00e2ce \u00e0 son association d&#8217;actifs hydratants. Ce gel-cr\u00e8me \u00e0 la texture aqua-gel tr\u00e8s fra\u00eeche, d\u00e9pose sur la peau une sensation << voile d'eau >> d\u00e9licate, pour apporter confort, souplesse et luminosit\u00e9. Il hydrate, matifie et \u00e9claire, en un seul geste tous les types de peaux sensibles d\u00e9shydrat\u00e9es. Ce soin hydratant prot\u00e8ge la peau des agressions quotidiennes gr\u00e2ce \u00e0 l&#8217;action antioxydante de la Provitamine E (Pr\u00e9-tocoph\u00e9ryl) combin\u00e9e \u00e0 l&#8217;extrait de Myrthe, qui contribue \u00e0 illuminer et \u00e9claircir le teint. Enrichi en Cucurbita Pepo, il limite les brillances et rend les pores moins visibles.<\/p>\n<p>LE MOT DE L&#8217;EXPERT<br \/>\nLe soin tout-en-un, hydratant 24h, apaisant et d\u00e9toxifiant qui s&#8217;adapte \u00e0 tous les besoins (soin de jour, masque de nuit, contour des yeux).<\/p>\n<p>Avantage<br \/>\nSoin multi-b\u00e9n\u00e9fices : hydrate, prot\u00e8ge, matifie et \u00e9claircit.<\/p>\n<p>B\u00e9n\u00e9fices<br \/>\n\u2022 HYDRATE et matifie la peau.<br \/>\n\u2022 PROT\u00c8GE des radicaux libres.<br \/>\n\u2022 \u00c9CLAIRIT le teint.<\/p>\n<p>Disponible dans votre parapharmacie en ligne www.cotepara.ma<\/p>\n<p>TEXTURE<br \/>\nAvantage de la texture<br \/>\nUn gel-cr\u00e8me onctueux qui fusionne imm\u00e9diatement avec la peau pour la d\u00e9salt\u00e9rer.<\/p>\n<p>Senteur du contenu<br \/>\nDouce et l\u00e9g\u00e8re<\/p>\n","protected":false},"excerpt":{"rendered":"<p>Soin complet tout-en-un, hydratant, protecteur, matifiant et \u00e9claircissant, Hydrance aqua-gel offre une hydratation durable gr\u00e2ce \u00e0 son association d&#8217;actifs hydratants. Ce gel-cr\u00e8me \u00e0 la texture aqua-gel tr\u00e8s fra\u00eeche, d\u00e9pose sur la peau une sensation<\/p>\n","protected":false},"featured_media":19436,"template":"","meta":[],"product_brand":[171],"product_cat":[15,134],"product_tag":[],"class_list":{"0":"post-19437","1":"product","2":"type-product","3":"status-publish","4":"has-post-thumbnail","6":"product_brand-avene","7":"product_cat-tout","8":"product_cat-avene","9":"ts_product_brand-avene","11":"first","12":"instock","13":"sale","14":"shipping-taxable","15":"purchasable","16":"product-type-simple"},"_links":{"self":[{"href":"https:\/\/para-mirava.ma\/index.php?rest_route=\/wp\/v2\/product\/19437","targetHints":{"allow":["GET"]}}],"collection":[{"href":"https:\/\/para-mirava.ma\/index.php?rest_route=\/wp\/v2\/product"}],"about":[{"href":"https:\/\/para-mirava.ma\/index.php?rest_route=\/wp\/v2\/types\/product"}],"wp:featuredmedia":[{"embeddable":true,"href":"https:\/\/para-mirava.ma\/index.php?rest_route=\/wp\/v2\/media\/19436"}],"wp:attachment":[{"href":"https:\/\/para-mirava.ma\/index.php?rest_route=%2Fwp%2Fv2%2Fmedia&parent=19437"}],"wp:term":[{"taxonomy":"product_brand","embeddable":true,"href":"https:\/\/para-mirava.ma\/index.php?rest_route=%2Fwp%2Fv2%2Fproduct_brand&post=19437"},{"taxonomy":"product_cat","embeddable":true,"href":"https:\/\/para-mirava.ma\/index.php?rest_route=%2Fwp%2Fv2%2Fproduct_cat&post=19437"},{"taxonomy":"product_tag","embeddable":true,"href":"https:\/\/para-mirava.ma\/index.php?rest_route=%2Fwp%2Fv2%2Fproduct_tag&post=19437"}],"curies":[{"name":"wp","href":"https:\/\/api.w.org\/{rel}","templated":true}]}}