{"id":19443,"date":"2026-03-17T17:04:17","date_gmt":"2026-03-17T17:04:17","guid":{"rendered":"https:\/\/para-mirava.ma\/?product=avene-cleanance-hydra-creme-40ml"},"modified":"2026-03-17T18:40:18","modified_gmt":"2026-03-17T18:40:18","slug":"avene-cleanance-hydra-creme-40ml","status":"publish","type":"product","link":"https:\/\/para-mirava.ma\/?product=avene-cleanance-hydra-creme-40ml","title":{"rendered":"AVENE CLEANANCE HYDRA CREME 40ML"},"content":{"rendered":"<p>Une cr\u00e8me hydratante compensatrice et relipidante, qui compense les effets dess\u00e9chants des traitements m\u00e9dicamenteux qui ass\u00e8chent les peaux \u00e0 tendance acn\u00e9ique. Gr\u00e2ce \u00e0 une combinaison d&#8217;actifs cibl\u00e9s : le Glycol\u00e9ol relipidant, et le Sulfate de dextran, un actif qui calme les irritations et attenue les rougeurs, cette cr\u00e8me contribue \u00e0 reconstituer le film hydrolipidique alt\u00e9r\u00e9, \u00e0 nourrir et \u00e0 restaurer le confort cutan\u00e9 afin de faciliter le suivi des traitements m\u00e9dicamenteux. De plus sa texture onctueuse, non grasse, est facile \u00e0 \u00e9taler et rapidement absorb\u00e9e.<\/p>\n<p>LE MOT DE L&#8217;EXPERT<br \/>\nUn soin relipidant et apaisant qui apporte confort, soulagement et permet d&#8217;accompagner votre peau fragilis\u00e9e pendant les traitements m\u00e9dicamenteux anti-acn\u00e9.<\/p>\n<p>Avantage<br \/>\nSoin relipidant et apaisant des peaux fragilis\u00e9es par des traitements m\u00e9dicamenteux dess\u00e9chants.<\/p>\n<p>Disponible dans votre parapharmacie en ligne www.cotepara.ma<\/p>\n<p>B\u00e9n\u00e9fices<br \/>\n\u2022 RELIPIDANT : pour compenser les effets dess\u00e9chants des traitements m\u00e9dicamenteux.<br \/>\n\u2022 NOURRISSANT : restaure le confort cutan\u00e9.<br \/>\n\u2022 APAISANT : pour les peaux fragilis\u00e9es.<\/p>\n","protected":false},"excerpt":{"rendered":"<p>Une cr\u00e8me hydratante compensatrice et relipidante, qui compense les effets dess\u00e9chants des traitements m\u00e9dicamenteux qui ass\u00e8chent les peaux \u00e0 tendance acn\u00e9ique. Gr\u00e2ce \u00e0 une combinaison d&#8217;actifs cibl\u00e9s : le Glycol\u00e9ol relipidant, et le Sulfate de dextran, un actif qui calme les irritations et attenue les rougeurs, cette cr\u00e8me contribue \u00e0 reconstituer le film hydrolipidique alt\u00e9r\u00e9, [&hellip;]<\/p>\n","protected":false},"featured_media":19442,"template":"","meta":[],"product_brand":[171],"product_cat":[15,134],"product_tag":[],"class_list":{"0":"post-19443","1":"product","2":"type-product","3":"status-publish","4":"has-post-thumbnail","6":"product_brand-avene","7":"product_cat-tout","8":"product_cat-avene","9":"ts_product_brand-avene","11":"first","12":"instock","13":"sale","14":"shipping-taxable","15":"purchasable","16":"product-type-simple"},"_links":{"self":[{"href":"https:\/\/para-mirava.ma\/index.php?rest_route=\/wp\/v2\/product\/19443","targetHints":{"allow":["GET"]}}],"collection":[{"href":"https:\/\/para-mirava.ma\/index.php?rest_route=\/wp\/v2\/product"}],"about":[{"href":"https:\/\/para-mirava.ma\/index.php?rest_route=\/wp\/v2\/types\/product"}],"wp:featuredmedia":[{"embeddable":true,"href":"https:\/\/para-mirava.ma\/index.php?rest_route=\/wp\/v2\/media\/19442"}],"wp:attachment":[{"href":"https:\/\/para-mirava.ma\/index.php?rest_route=%2Fwp%2Fv2%2Fmedia&parent=19443"}],"wp:term":[{"taxonomy":"product_brand","embeddable":true,"href":"https:\/\/para-mirava.ma\/index.php?rest_route=%2Fwp%2Fv2%2Fproduct_brand&post=19443"},{"taxonomy":"product_cat","embeddable":true,"href":"https:\/\/para-mirava.ma\/index.php?rest_route=%2Fwp%2Fv2%2Fproduct_cat&post=19443"},{"taxonomy":"product_tag","embeddable":true,"href":"https:\/\/para-mirava.ma\/index.php?rest_route=%2Fwp%2Fv2%2Fproduct_tag&post=19443"}],"curies":[{"name":"wp","href":"https:\/\/api.w.org\/{rel}","templated":true}]}}