{"id":19445,"date":"2026-03-17T17:04:17","date_gmt":"2026-03-17T17:04:17","guid":{"rendered":"https:\/\/para-mirava.ma\/?product=avene-tolerance-control-creme-apaisante-40ml"},"modified":"2026-03-17T18:40:19","modified_gmt":"2026-03-17T18:40:19","slug":"avene-tolerance-control-creme-apaisante-40ml","status":"publish","type":"product","link":"https:\/\/para-mirava.ma\/?product=avene-tolerance-control-creme-apaisante-40ml","title":{"rendered":"AVENE TOLERANCE CONTROL CREME APAISANTE 40ML"},"content":{"rendered":"<p>Tol\u00e9rance Control cr\u00e8me apaisante pour peaux hypersensibles, r\u00e9actives, intol\u00e9rantes ou allergiques calme la peau en 30 secondes*. Gr\u00e2ce au D-Sensinose\u2122 ultra-calmant, nouvel actif postbiotique brevet\u00e9**, ce soin soulage les sensations d&#8217;\u00e9chauffement, de tiraillements, picotements, d&#8217;inconfort. La peau est intens\u00e9ment hydrat\u00e9e et sa barri\u00e8re restaur\u00e9e en 48h***. Ce soin haute tol\u00e9rance sans parfum ni conservateur, b\u00e9n\u00e9ficie d&#8217;un nouveau tube Cosm\u00e9tique St\u00e9rile\u00ae qui pr\u00e9serve la formule de l&#8217;air ext\u00e9rieur et des bact\u00e9ries.<\/p>\n<p>LE MOT DE L&#8217;EXPERT<br \/>\nUne Cr\u00e8me hydratante apaisante haute tol\u00e9rance, contenant D-Sensinose\u2122, actif postbiotique ultra-calmant permettant de calmer l&#8217;hypersensibilit\u00e9 cutan\u00e9e. Sans parfum, sans conservateur.<\/p>\n<p>Avantage<br \/>\nCr\u00e8me apaisante pour les peaux hypersensibles, r\u00e9actives, intol\u00e9rantes ou allergiques. Gr\u00e2ce \u00e0 sa triple innovation actif, formule et packaging, ce soin calme la peau en 30 secondes*, restaure sa barri\u00e8re en 48h*** et diminue durablement l&#8217;hyper-r\u00e9activit\u00e9 cutan\u00e9e. Haute tol\u00e9rance.<\/p>\n<p>Disponible dans votre parapharmacie en ligne www.cotepara.ma<\/p>\n<p>B\u00e9n\u00e9fices<br \/>\n\u2022 CALME la peau en 30 secondes* gr\u00e2ce au D-Sensinose\u2122 ultra-calmant.<br \/>\n\u2022 HYDRATE 24h**** et RESTAURE la barri\u00e8re cutan\u00e9e en 48h*** gr\u00e2ce \u00e0 sa composition 100% biomim\u00e9tique de la peau.<br \/>\n\u2022 CONTR\u00d4LE durablement l&#8217;hyper-r\u00e9activit\u00e9 cutan\u00e9e.<\/p>\n","protected":false},"excerpt":{"rendered":"<p>Tol\u00e9rance Control cr\u00e8me apaisante pour peaux hypersensibles, r\u00e9actives, intol\u00e9rantes ou allergiques calme la peau en 30 secondes*. Gr\u00e2ce au D-Sensinose\u2122 ultra-calmant, nouvel actif postbiotique brevet\u00e9**, ce soin soulage les sensations d&#8217;\u00e9chauffement, de tiraillements, picotements, d&#8217;inconfort. La peau est intens\u00e9ment hydrat\u00e9e et sa barri\u00e8re restaur\u00e9e en 48h***. Ce soin haute tol\u00e9rance sans parfum ni conservateur, b\u00e9n\u00e9ficie [&hellip;]<\/p>\n","protected":false},"featured_media":19444,"template":"","meta":[],"product_brand":[171],"product_cat":[15,134],"product_tag":[],"class_list":{"0":"post-19445","1":"product","2":"type-product","3":"status-publish","4":"has-post-thumbnail","6":"product_brand-avene","7":"product_cat-tout","8":"product_cat-avene","9":"ts_product_brand-avene","11":"first","12":"instock","13":"sale","14":"shipping-taxable","15":"purchasable","16":"product-type-simple"},"_links":{"self":[{"href":"https:\/\/para-mirava.ma\/index.php?rest_route=\/wp\/v2\/product\/19445","targetHints":{"allow":["GET"]}}],"collection":[{"href":"https:\/\/para-mirava.ma\/index.php?rest_route=\/wp\/v2\/product"}],"about":[{"href":"https:\/\/para-mirava.ma\/index.php?rest_route=\/wp\/v2\/types\/product"}],"wp:featuredmedia":[{"embeddable":true,"href":"https:\/\/para-mirava.ma\/index.php?rest_route=\/wp\/v2\/media\/19444"}],"wp:attachment":[{"href":"https:\/\/para-mirava.ma\/index.php?rest_route=%2Fwp%2Fv2%2Fmedia&parent=19445"}],"wp:term":[{"taxonomy":"product_brand","embeddable":true,"href":"https:\/\/para-mirava.ma\/index.php?rest_route=%2Fwp%2Fv2%2Fproduct_brand&post=19445"},{"taxonomy":"product_cat","embeddable":true,"href":"https:\/\/para-mirava.ma\/index.php?rest_route=%2Fwp%2Fv2%2Fproduct_cat&post=19445"},{"taxonomy":"product_tag","embeddable":true,"href":"https:\/\/para-mirava.ma\/index.php?rest_route=%2Fwp%2Fv2%2Fproduct_tag&post=19445"}],"curies":[{"name":"wp","href":"https:\/\/api.w.org\/{rel}","templated":true}]}}