{"id":19447,"date":"2026-03-17T17:04:18","date_gmt":"2026-03-17T17:04:18","guid":{"rendered":"https:\/\/para-mirava.ma\/?product=avene-cleanance-gel-nettoyant-200ml"},"modified":"2026-03-17T18:40:18","modified_gmt":"2026-03-17T18:40:18","slug":"avene-cleanance-gel-nettoyant-200ml","status":"publish","type":"product","link":"https:\/\/para-mirava.ma\/?product=avene-cleanance-gel-nettoyant-200ml","title":{"rendered":"AVENE CLEANANCE GEL NETTOYANT 200ML"},"content":{"rendered":"<p>Un gel nettoyant purifiant, l\u00e9g\u00e8rement moussant, destin\u00e9 aux peaux grasses et \/ou \u00e0 tendance acn\u00e9ique. Sa formule respectueuse des peaux sensibles combine une association unique d&#8217;actifs aux triples b\u00e9n\u00e9fices : un nettoyage d\u00e9licat gr\u00e2ce \u00e0 une base lavante douce, un effet matifiant assur\u00e9 par la Comedoclastin\u2122, un actif v\u00e9g\u00e9tal issu de graines de chardon marie aux propri\u00e9t\u00e9s brevet\u00e9es* qui r\u00e9duit l&#8217;exc\u00e8s de s\u00e9bum, et un confort li\u00e9 \u00e0 l&#8217;Eau thermale d&#8217;Av\u00e8ne aux propri\u00e9t\u00e9s apaisantes et anti-irritantes. La peau est nette, fra\u00eeche, purifi\u00e9e et moins brillante. Cleanance Gel nettoyant convient aux porteurs de lentilles. Avec son pH physiologique, il est formul\u00e9 sans savon, et pr\u00e9sente une tr\u00e8s bonne tol\u00e9rance cutan\u00e9e. Formule biod\u00e9gradable**.<\/p>\n<p>LE MOT DE L&#8217;EXPERT<br \/>\nSon efficacit\u00e9 purifiante et sa tr\u00e8s bonne tol\u00e9rance cutan\u00e9e et oculaire en font le gel nettoyant incontournable pour les peaux sensibles grasses ou \u00e0 tendance acneique.<\/p>\n<p>Avantage<br \/>\nNettoie d\u00e9licatement la peau gr\u00e2ce \u00e0 sa base lavante douce.<\/p>\n<p>Disponible dans votre parapharmacie en ligne www.cotepara.ma<\/p>\n<p>B\u00e9n\u00e9fices<br \/>\n\u2022 NETTOYANT : l\u00e9g\u00e8rement moussant.<br \/>\n\u2022 APAISANT : gr\u00e2ce \u00e0 l&#8217;Eau thermale d&#8217;Av\u00e8ne aux propri\u00e9t\u00e9s apaisantes et anti-irritantes.<br \/>\n\u2022 MATIFIANT : r\u00e9duit l&#8217;exc\u00e8s de s\u00e9bum.<\/p>\n","protected":false},"excerpt":{"rendered":"<p>Un gel nettoyant purifiant, l\u00e9g\u00e8rement moussant, destin\u00e9 aux peaux grasses et \/ou \u00e0 tendance acn\u00e9ique. Sa formule respectueuse des peaux sensibles combine une association unique d&#8217;actifs aux triples b\u00e9n\u00e9fices : un nettoyage d\u00e9licat gr\u00e2ce \u00e0 une base lavante douce, un effet matifiant assur\u00e9 par la Comedoclastin\u2122, un actif v\u00e9g\u00e9tal issu de graines de chardon marie [&hellip;]<\/p>\n","protected":false},"featured_media":19446,"template":"","meta":[],"product_brand":[171],"product_cat":[15,134],"product_tag":[],"class_list":{"0":"post-19447","1":"product","2":"type-product","3":"status-publish","4":"has-post-thumbnail","6":"product_brand-avene","7":"product_cat-tout","8":"product_cat-avene","9":"ts_product_brand-avene","11":"first","12":"instock","13":"sale","14":"shipping-taxable","15":"purchasable","16":"product-type-simple"},"_links":{"self":[{"href":"https:\/\/para-mirava.ma\/index.php?rest_route=\/wp\/v2\/product\/19447","targetHints":{"allow":["GET"]}}],"collection":[{"href":"https:\/\/para-mirava.ma\/index.php?rest_route=\/wp\/v2\/product"}],"about":[{"href":"https:\/\/para-mirava.ma\/index.php?rest_route=\/wp\/v2\/types\/product"}],"wp:featuredmedia":[{"embeddable":true,"href":"https:\/\/para-mirava.ma\/index.php?rest_route=\/wp\/v2\/media\/19446"}],"wp:attachment":[{"href":"https:\/\/para-mirava.ma\/index.php?rest_route=%2Fwp%2Fv2%2Fmedia&parent=19447"}],"wp:term":[{"taxonomy":"product_brand","embeddable":true,"href":"https:\/\/para-mirava.ma\/index.php?rest_route=%2Fwp%2Fv2%2Fproduct_brand&post=19447"},{"taxonomy":"product_cat","embeddable":true,"href":"https:\/\/para-mirava.ma\/index.php?rest_route=%2Fwp%2Fv2%2Fproduct_cat&post=19447"},{"taxonomy":"product_tag","embeddable":true,"href":"https:\/\/para-mirava.ma\/index.php?rest_route=%2Fwp%2Fv2%2Fproduct_tag&post=19447"}],"curies":[{"name":"wp","href":"https:\/\/api.w.org\/{rel}","templated":true}]}}