{"id":19449,"date":"2026-03-17T17:04:19","date_gmt":"2026-03-17T17:04:19","guid":{"rendered":"https:\/\/para-mirava.ma\/?product=avene-tolerance-lotion-nettoyante-200ml"},"modified":"2026-03-17T18:40:18","modified_gmt":"2026-03-17T18:40:18","slug":"avene-tolerance-lotion-nettoyante-200ml","status":"publish","type":"product","link":"https:\/\/para-mirava.ma\/?product=avene-tolerance-lotion-nettoyante-200ml","title":{"rendered":"AVENE TOLERANCE LOTION NETTOYANTE 200ML"},"content":{"rendered":"<p>Cette lotion nettoyante pour peaux sensibles \u00e0 r\u00e9actives nettoie et d\u00e9maquille en douceur le visage, les yeux et les l\u00e8vres. Elle \u00e9limine les impuret\u00e9s accumul\u00e9es au cours de la journ\u00e9e sans sur-irriter la peau ni la dess\u00e9cher. Nettoyant d\u00e9maquillant sans parfum et sans rin\u00e7age, sa texture l\u00e9g\u00e8rement g\u00e9lifi\u00e9e garantit confort et douceur aux peaux les plus sensibles.<\/p>\n<p>LE MOT DE L&#8217;EXPERT<br \/>\nUne formule nettoyante douce \u00e0 base de 99% d&#8217;ingr\u00e9dients d&#8217;origine naturelle pour nettoyer et d\u00e9maquiller le visage, les yeux et les l\u00e8vres sans sur-irriter la peau. Sans parfum, sans rin\u00e7age.<\/p>\n<p>Avantage<br \/>\nNettoie et d\u00e9maquille en douceur sans sur-irriter la peau. Sa formule naturelle \u00e0 99% garantit confort et douceur aux peaux les plus sensibles.<\/p>\n<p>Disponible dans votre parapharmacie en ligne www.cotepara.ma<\/p>\n<p>B\u00e9n\u00e9fices<br \/>\n\u2022 NETTOIE ET DEMAQUILLE le visage, les yeux et les l\u00e8vres sans sur-irriter la peau gr\u00e2ce \u00e0 sa texture g\u00e9lif\u00e9e ultra-douce, riche en Eau thermale d&#8217;Av\u00e8ne naturellement apaisante.<br \/>\n\u2022 BONNE TOL\u00c9RANCE gr\u00e2ce \u00e0 sa formule \u00e9pur\u00e9e et ses agents nettoyants doux.<br \/>\n\u2022 NATURELLE. 99% d&#8217;ingr\u00e9dients d&#8217;origine naturelle.<\/p>\n","protected":false},"excerpt":{"rendered":"<p>Cette lotion nettoyante pour peaux sensibles \u00e0 r\u00e9actives nettoie et d\u00e9maquille en douceur le visage, les yeux et les l\u00e8vres. Elle \u00e9limine les impuret\u00e9s accumul\u00e9es au cours de la journ\u00e9e sans sur-irriter la peau ni la dess\u00e9cher. Nettoyant d\u00e9maquillant sans parfum et sans rin\u00e7age, sa texture l\u00e9g\u00e8rement g\u00e9lifi\u00e9e garantit confort et douceur aux peaux les [&hellip;]<\/p>\n","protected":false},"featured_media":19448,"template":"","meta":[],"product_brand":[171],"product_cat":[15,134],"product_tag":[],"class_list":{"0":"post-19449","1":"product","2":"type-product","3":"status-publish","4":"has-post-thumbnail","6":"product_brand-avene","7":"product_cat-tout","8":"product_cat-avene","9":"ts_product_brand-avene","11":"first","12":"instock","13":"sale","14":"shipping-taxable","15":"purchasable","16":"product-type-simple"},"_links":{"self":[{"href":"https:\/\/para-mirava.ma\/index.php?rest_route=\/wp\/v2\/product\/19449","targetHints":{"allow":["GET"]}}],"collection":[{"href":"https:\/\/para-mirava.ma\/index.php?rest_route=\/wp\/v2\/product"}],"about":[{"href":"https:\/\/para-mirava.ma\/index.php?rest_route=\/wp\/v2\/types\/product"}],"wp:featuredmedia":[{"embeddable":true,"href":"https:\/\/para-mirava.ma\/index.php?rest_route=\/wp\/v2\/media\/19448"}],"wp:attachment":[{"href":"https:\/\/para-mirava.ma\/index.php?rest_route=%2Fwp%2Fv2%2Fmedia&parent=19449"}],"wp:term":[{"taxonomy":"product_brand","embeddable":true,"href":"https:\/\/para-mirava.ma\/index.php?rest_route=%2Fwp%2Fv2%2Fproduct_brand&post=19449"},{"taxonomy":"product_cat","embeddable":true,"href":"https:\/\/para-mirava.ma\/index.php?rest_route=%2Fwp%2Fv2%2Fproduct_cat&post=19449"},{"taxonomy":"product_tag","embeddable":true,"href":"https:\/\/para-mirava.ma\/index.php?rest_route=%2Fwp%2Fv2%2Fproduct_tag&post=19449"}],"curies":[{"name":"wp","href":"https:\/\/api.w.org\/{rel}","templated":true}]}}