{"id":19453,"date":"2026-03-17T17:04:21","date_gmt":"2026-03-17T17:04:21","guid":{"rendered":"https:\/\/para-mirava.ma\/?product=avene-masque-apaisant-ps-50ml-new"},"modified":"2026-03-17T18:40:18","modified_gmt":"2026-03-17T18:40:18","slug":"avene-masque-apaisant-ps-50ml-new","status":"publish","type":"product","link":"https:\/\/para-mirava.ma\/?product=avene-masque-apaisant-ps-50ml-new","title":{"rendered":"AVENE MASQUE APAISANT PS 50ML NEW"},"content":{"rendered":"<p>Masque apaisant hydratant<\/p>\n<p>Peaux sensibles<\/p>\n<p>Hypoallerg\u00e9nique et non com\u00e9dog\u00e8ne<\/p>\n<p>50ml<\/p>\n<p>Soin sp\u00e9cifique des peaux sensibles d\u00e9shydrat\u00e9es et fragilis\u00e9es, rendues r\u00e9actives (rougeurs, tiraillements, et picotements) par diverses agressions.<\/p>\n<p>Le masque apaisant hydratant est un v\u00e9ritable bain de douceur.<\/p>\n<p>Tr\u00e8s riche en eau thermale d&#8217;Av\u00e8ne, il en concentre les propri\u00e9t\u00e9s apaisantes et anti-irritantes et restitue de fa\u00e7on intense.<\/p>\n<p>Ses \u00e9l\u00e9ments nutritifs et hydratants reconstituent la barri\u00e8re cutan\u00e9e et contribuent \u00e0 une meilleure hydratation de la peau.<\/p>\n<p>La formulation tr\u00e8s originale du masque apaisant hydratant favorise son absorbtion optimale : ressourc\u00e9e, la peau est souple, douce et \u00e9clatante de beaut\u00e9.<\/p>\n<p>Disponible dans votre parapharmacie en ligne www.cotepara.ma<\/p>\n<p>CONSEILS D&#8217;UTILISATION<\/p>\n<p>Appliquer en couche \u00e9paisse sur le visage y compris le contour des yeux.<\/p>\n<p>Laisser agir 10 \u00e0 15 minutes puis enlever d\u00e9licatement l&#8217;exc\u00e9dent avec un coton \u00e0 d\u00e9maquiller.<\/p>\n<p>Pulv\u00e9riser ensuite une fine brume d&#8217;Eau thermale d&#8217;Av\u00e8ne.<\/p>\n","protected":false},"excerpt":{"rendered":"<p>Masque apaisant hydratant Peaux sensibles Hypoallerg\u00e9nique et non com\u00e9dog\u00e8ne 50ml Soin sp\u00e9cifique des peaux sensibles d\u00e9shydrat\u00e9es et fragilis\u00e9es, rendues r\u00e9actives (rougeurs, tiraillements, et picotements) par diverses agressions. Le masque apaisant hydratant est un v\u00e9ritable bain de douceur. Tr\u00e8s riche en eau thermale d&#8217;Av\u00e8ne, il en concentre les propri\u00e9t\u00e9s apaisantes et anti-irritantes et restitue de fa\u00e7on [&hellip;]<\/p>\n","protected":false},"featured_media":19452,"template":"","meta":[],"product_brand":[171],"product_cat":[15,134],"product_tag":[],"class_list":{"0":"post-19453","1":"product","2":"type-product","3":"status-publish","4":"has-post-thumbnail","6":"product_brand-avene","7":"product_cat-tout","8":"product_cat-avene","9":"ts_product_brand-avene","11":"first","12":"instock","13":"sale","14":"shipping-taxable","15":"purchasable","16":"product-type-simple"},"_links":{"self":[{"href":"https:\/\/para-mirava.ma\/index.php?rest_route=\/wp\/v2\/product\/19453","targetHints":{"allow":["GET"]}}],"collection":[{"href":"https:\/\/para-mirava.ma\/index.php?rest_route=\/wp\/v2\/product"}],"about":[{"href":"https:\/\/para-mirava.ma\/index.php?rest_route=\/wp\/v2\/types\/product"}],"wp:featuredmedia":[{"embeddable":true,"href":"https:\/\/para-mirava.ma\/index.php?rest_route=\/wp\/v2\/media\/19452"}],"wp:attachment":[{"href":"https:\/\/para-mirava.ma\/index.php?rest_route=%2Fwp%2Fv2%2Fmedia&parent=19453"}],"wp:term":[{"taxonomy":"product_brand","embeddable":true,"href":"https:\/\/para-mirava.ma\/index.php?rest_route=%2Fwp%2Fv2%2Fproduct_brand&post=19453"},{"taxonomy":"product_cat","embeddable":true,"href":"https:\/\/para-mirava.ma\/index.php?rest_route=%2Fwp%2Fv2%2Fproduct_cat&post=19453"},{"taxonomy":"product_tag","embeddable":true,"href":"https:\/\/para-mirava.ma\/index.php?rest_route=%2Fwp%2Fv2%2Fproduct_tag&post=19453"}],"curies":[{"name":"wp","href":"https:\/\/api.w.org\/{rel}","templated":true}]}}