{"id":19461,"date":"2026-03-17T17:04:25","date_gmt":"2026-03-17T17:04:25","guid":{"rendered":"https:\/\/para-mirava.ma\/?product=avene-cold-cream-100ml"},"modified":"2026-03-17T18:40:18","modified_gmt":"2026-03-17T18:40:18","slug":"avene-cold-cream-100ml","status":"publish","type":"product","link":"https:\/\/para-mirava.ma\/?product=avene-cold-cream-100ml","title":{"rendered":"AVENE COLD CREAM 100ML"},"content":{"rendered":"<p>AVENE COLD CREAM 100ML est disponible dans votre Parapharmacie en ligne C\u00f4t\u00e9 Para \u00e0 prix discount, avec livraison gratuite partout au Maroc.<\/p>\n<p>Pourquoi Choisir C\u00f4t\u00e9 Para ?<br \/>\n&#8211; Pr\u00e9sente sur le march\u00e9 de la cosm\u00e9tique depuis 2009.<br \/>\n&#8211; Propose plus de 18000 r\u00e9f\u00e9rences de produits cosm\u00e9tiques.<br \/>\n&#8211; Offre le meilleur rapport qualit\u00e9\/prix du march\u00e9.<br \/>\n&#8211; Met \u00e0 votre disposition des produits 100% authentiques.<br \/>\n&#8211; Offre des gratuit\u00e9s, cadeaux, trousses, \u00e9chantillons avec chaque commande (selon les disponibilit\u00e9s).<br \/>\n&#8211; Service de livraison rapide.<br \/>\n&#8211; Dispose de 4 points de vente physiques : Bd El Qods, Bourgogne, Sidi Maarouf (Ovillage), et Bouskoura (Centre Commercial Triangle Vert).<\/p>\n","protected":false},"excerpt":{"rendered":"<p>AVENE COLD CREAM 100ML est disponible dans votre Parapharmacie en ligne C\u00f4t\u00e9 Para \u00e0 prix discount, avec livraison gratuite partout au Maroc. Pourquoi Choisir C\u00f4t\u00e9 Para ? &#8211; Pr\u00e9sente sur le march\u00e9 de la cosm\u00e9tique depuis 2009. &#8211; Propose plus de 18000 r\u00e9f\u00e9rences de produits cosm\u00e9tiques. &#8211; Offre le meilleur rapport qualit\u00e9\/prix du march\u00e9. &#8211; [&hellip;]<\/p>\n","protected":false},"featured_media":19460,"template":"","meta":[],"product_brand":[171],"product_cat":[15,134],"product_tag":[],"class_list":{"0":"post-19461","1":"product","2":"type-product","3":"status-publish","4":"has-post-thumbnail","6":"product_brand-avene","7":"product_cat-tout","8":"product_cat-avene","9":"ts_product_brand-avene","11":"first","12":"instock","13":"sale","14":"shipping-taxable","15":"purchasable","16":"product-type-simple"},"_links":{"self":[{"href":"https:\/\/para-mirava.ma\/index.php?rest_route=\/wp\/v2\/product\/19461","targetHints":{"allow":["GET"]}}],"collection":[{"href":"https:\/\/para-mirava.ma\/index.php?rest_route=\/wp\/v2\/product"}],"about":[{"href":"https:\/\/para-mirava.ma\/index.php?rest_route=\/wp\/v2\/types\/product"}],"wp:featuredmedia":[{"embeddable":true,"href":"https:\/\/para-mirava.ma\/index.php?rest_route=\/wp\/v2\/media\/19460"}],"wp:attachment":[{"href":"https:\/\/para-mirava.ma\/index.php?rest_route=%2Fwp%2Fv2%2Fmedia&parent=19461"}],"wp:term":[{"taxonomy":"product_brand","embeddable":true,"href":"https:\/\/para-mirava.ma\/index.php?rest_route=%2Fwp%2Fv2%2Fproduct_brand&post=19461"},{"taxonomy":"product_cat","embeddable":true,"href":"https:\/\/para-mirava.ma\/index.php?rest_route=%2Fwp%2Fv2%2Fproduct_cat&post=19461"},{"taxonomy":"product_tag","embeddable":true,"href":"https:\/\/para-mirava.ma\/index.php?rest_route=%2Fwp%2Fv2%2Fproduct_tag&post=19461"}],"curies":[{"name":"wp","href":"https:\/\/api.w.org\/{rel}","templated":true}]}}