{"id":19467,"date":"2026-03-17T17:04:28","date_gmt":"2026-03-17T17:04:28","guid":{"rendered":"https:\/\/para-mirava.ma\/?product=avene-hydrance-uv-legere-emulsion-hydratante-spf30-40ml"},"modified":"2026-03-17T18:40:17","modified_gmt":"2026-03-17T18:40:17","slug":"avene-hydrance-uv-legere-emulsion-hydratante-spf30-40ml","status":"publish","type":"product","link":"https:\/\/para-mirava.ma\/?product=avene-hydrance-uv-legere-emulsion-hydratante-spf30-40ml","title":{"rendered":"AVENE HYDRANCE UV LEGERE EMULSION HYDRATANTE SPF30 40ML"},"content":{"rendered":"<p>AVENE HYDRANCE UV LEGERE EMULSION HYDRATANTE SPF30 40ML est une \u00e9mulsion hydratante l\u00e9g\u00e8re avec SPF30, disponible chez C\u00f4t\u00e9 Para, votre parapharmacie en ligne au Maroc. Ce produit est con\u00e7u pour hydrater la peau tout en la prot\u00e9geant des rayons UV. C\u00f4t\u00e9 Para offre des produits 100% authentiques, des prix discount, la livraison gratuite partout au Maroc, et des cadeaux avec chaque commande. Le service client est disponible du lundi au vendredi de 9h \u00e0 19h et le samedi de 9h \u00e0 14h. Livraison \u00e0 domicile en 24h.<\/p>\n","protected":false},"excerpt":{"rendered":"<p>AVENE HYDRANCE UV LEGERE EMULSION HYDRATANTE SPF30 40ML est une \u00e9mulsion hydratante l\u00e9g\u00e8re avec SPF30, disponible chez C\u00f4t\u00e9 Para, votre parapharmacie en ligne au Maroc. Ce produit est con\u00e7u pour hydrater la peau tout en la prot\u00e9geant des rayons UV. C\u00f4t\u00e9 Para offre des produits 100% authentiques, des prix discount, la livraison gratuite partout au [&hellip;]<\/p>\n","protected":false},"featured_media":19466,"template":"","meta":[],"product_brand":[171],"product_cat":[15,134],"product_tag":[],"class_list":{"0":"post-19467","1":"product","2":"type-product","3":"status-publish","4":"has-post-thumbnail","6":"product_brand-avene","7":"product_cat-tout","8":"product_cat-avene","9":"ts_product_brand-avene","11":"first","12":"instock","13":"sale","14":"shipping-taxable","15":"purchasable","16":"product-type-simple"},"_links":{"self":[{"href":"https:\/\/para-mirava.ma\/index.php?rest_route=\/wp\/v2\/product\/19467","targetHints":{"allow":["GET"]}}],"collection":[{"href":"https:\/\/para-mirava.ma\/index.php?rest_route=\/wp\/v2\/product"}],"about":[{"href":"https:\/\/para-mirava.ma\/index.php?rest_route=\/wp\/v2\/types\/product"}],"wp:featuredmedia":[{"embeddable":true,"href":"https:\/\/para-mirava.ma\/index.php?rest_route=\/wp\/v2\/media\/19466"}],"wp:attachment":[{"href":"https:\/\/para-mirava.ma\/index.php?rest_route=%2Fwp%2Fv2%2Fmedia&parent=19467"}],"wp:term":[{"taxonomy":"product_brand","embeddable":true,"href":"https:\/\/para-mirava.ma\/index.php?rest_route=%2Fwp%2Fv2%2Fproduct_brand&post=19467"},{"taxonomy":"product_cat","embeddable":true,"href":"https:\/\/para-mirava.ma\/index.php?rest_route=%2Fwp%2Fv2%2Fproduct_cat&post=19467"},{"taxonomy":"product_tag","embeddable":true,"href":"https:\/\/para-mirava.ma\/index.php?rest_route=%2Fwp%2Fv2%2Fproduct_tag&post=19467"}],"curies":[{"name":"wp","href":"https:\/\/api.w.org\/{rel}","templated":true}]}}