{"id":19471,"date":"2026-03-17T17:04:31","date_gmt":"2026-03-17T17:04:31","guid":{"rendered":"https:\/\/para-mirava.ma\/?product=avene-cleanance-creme-lavante-200ml"},"modified":"2026-03-17T18:40:17","modified_gmt":"2026-03-17T18:40:17","slug":"avene-cleanance-creme-lavante-200ml","status":"publish","type":"product","link":"https:\/\/para-mirava.ma\/?product=avene-cleanance-creme-lavante-200ml","title":{"rendered":"AVENE CLEANANCE CREME LAVANTE 200ML"},"content":{"rendered":"<p>Une cr\u00e8me lavante au pH physiologique, qui nettoie et respecte la sensibilit\u00e9 des peaux dess\u00e9ch\u00e9es et irrit\u00e9es par un traitement m\u00e9dicamenteux anti-acn\u00e9ique. Cleanance HYDRA Cr\u00e8me lavante apaisante restaure le confort cutan\u00e9, et reconstitue le film hydrolipidique alt\u00e9r\u00e9. Cette base lavante douce aux actifs hydratants et nourrissants, apaise les peaux sensibles dess\u00e9ch\u00e9es et irrit\u00e9es, et facilite le suivi des traitements m\u00e9dicamenteux anti-acn\u00e9ique, gr\u00e2ce \u00e0 sa formule contenant de l&#8217;Eau thermale d&#8217;Av\u00e8ne.<\/p>\n<p>LE MOT DE L&#8217;EXPERT<br \/>\nM\u00eame fragilis\u00e9e par les traitements m\u00e9dicamenteux anti-acn\u00e9, votre peau \u00e0 tendance acneique \u00e0 besoin d&#8217;\u00eatre nettoy\u00e9e. Ce produit ultra-doux assure nettoyage et laisse la peau confortable et douce apr\u00e8s utilisation.<\/p>\n<p>Avantage<br \/>\nCr\u00e8me lavante relipidante et apaisante des peaux fragilis\u00e9es par des traitements m\u00e9dicamenteux dess\u00e9chants.<\/p>\n<p>B\u00e9n\u00e9fices<br \/>\n\u2022 NETTOYANTE : dans le respect des peaux dess\u00e9ch\u00e9es et irrit\u00e9es par un traitement m\u00e9dicamenteux anti-acn\u00e9ique.<br \/>\n\u2022 NOURRISSANTE : restaure le confort cutan\u00e9.<br \/>\n\u2022 APAISANTE : pour les peaux fragilis\u00e9es.<\/p>\n<p>Disponible dans votre parapharmacie en ligne www.cotepara.ma<\/p>\n<p>TEXTURE<br \/>\nAvantage de la texture<br \/>\nUne texture riche et une mousse onctueuse pour une peau d\u00e9licatement nettoy\u00e9e douce et confortable.<\/p>\n<p>Senteur du contenu<br \/>\nParfum frais et l\u00e9ger<\/p>\n","protected":false},"excerpt":{"rendered":"<p>Une cr\u00e8me lavante au pH physiologique, qui nettoie et respecte la sensibilit\u00e9 des peaux dess\u00e9ch\u00e9es et irrit\u00e9es par un traitement m\u00e9dicamenteux anti-acn\u00e9ique. Cleanance HYDRA Cr\u00e8me lavante apaisante restaure le confort cutan\u00e9, et reconstitue le film hydrolipidique alt\u00e9r\u00e9. Cette base lavante douce aux actifs hydratants et nourrissants, apaise les peaux sensibles dess\u00e9ch\u00e9es et irrit\u00e9es, et facilite [&hellip;]<\/p>\n","protected":false},"featured_media":19470,"template":"","meta":[],"product_brand":[171],"product_cat":[15,134],"product_tag":[],"class_list":{"0":"post-19471","1":"product","2":"type-product","3":"status-publish","4":"has-post-thumbnail","6":"product_brand-avene","7":"product_cat-tout","8":"product_cat-avene","9":"ts_product_brand-avene","11":"first","12":"instock","13":"sale","14":"shipping-taxable","15":"purchasable","16":"product-type-simple"},"_links":{"self":[{"href":"https:\/\/para-mirava.ma\/index.php?rest_route=\/wp\/v2\/product\/19471","targetHints":{"allow":["GET"]}}],"collection":[{"href":"https:\/\/para-mirava.ma\/index.php?rest_route=\/wp\/v2\/product"}],"about":[{"href":"https:\/\/para-mirava.ma\/index.php?rest_route=\/wp\/v2\/types\/product"}],"wp:featuredmedia":[{"embeddable":true,"href":"https:\/\/para-mirava.ma\/index.php?rest_route=\/wp\/v2\/media\/19470"}],"wp:attachment":[{"href":"https:\/\/para-mirava.ma\/index.php?rest_route=%2Fwp%2Fv2%2Fmedia&parent=19471"}],"wp:term":[{"taxonomy":"product_brand","embeddable":true,"href":"https:\/\/para-mirava.ma\/index.php?rest_route=%2Fwp%2Fv2%2Fproduct_brand&post=19471"},{"taxonomy":"product_cat","embeddable":true,"href":"https:\/\/para-mirava.ma\/index.php?rest_route=%2Fwp%2Fv2%2Fproduct_cat&post=19471"},{"taxonomy":"product_tag","embeddable":true,"href":"https:\/\/para-mirava.ma\/index.php?rest_route=%2Fwp%2Fv2%2Fproduct_tag&post=19471"}],"curies":[{"name":"wp","href":"https:\/\/api.w.org\/{rel}","templated":true}]}}