{"id":19473,"date":"2026-03-17T17:04:32","date_gmt":"2026-03-17T17:04:32","guid":{"rendered":"https:\/\/para-mirava.ma\/?product=avene-solaire-ecran-b-protect-spf50-30ml"},"modified":"2026-03-17T18:40:17","modified_gmt":"2026-03-17T18:40:17","slug":"avene-solaire-ecran-b-protect-spf50-30ml","status":"publish","type":"product","link":"https:\/\/para-mirava.ma\/?product=avene-solaire-ecran-b-protect-spf50-30ml","title":{"rendered":"AVENE SOLAIRE ECRAN B PROTECT SPF50+ 30ML"},"content":{"rendered":"<p>Un soin solaire qui apporte beaut\u00e9 et protection. Une action 3-en-1 in\u00e9dite : B-Protect SPF 50+ offre \u00e0 la peau une large protection UVB-UVA, anti-pollution et un effet embellisseur imm\u00e9diat. Sa formule int\u00e8gre des micro-pigments encapsul\u00e9s teint\u00e9s qui se lib\u00e8rent d\u00e8s l&#8217;application et r\u00e9v\u00e8lent un teint frais et lumineux. B-Protect SPF 50+ est parfaitement adapt\u00e9 \u00e0 toutes les peaux sensibles \u00e0 la recherche d&#8217;une protection solaire embellisseur de teint.<\/p>\n<p>LE MOT DE L&#8217;EXPERT<br \/>\nLa tr\u00e8s haute protection solaire urbaine 3 en 1 : une large protection UVB-UVA, anti-pollution et embellisseur de teint.<\/p>\n<p>Avantage<br \/>\nUne action 3-en-1 in\u00e9dite : une large protection UVB-UVA, anti-pollution et un effet embellisseur gr\u00e2ce \u00e0 des micro-pigments encapsul\u00e9s, pour un teint frais et lumineux.<\/p>\n<p>B\u00e9n\u00e9fices<br \/>\n\u2022 PHOTOPROTECTEUR : des filtres UVB-UVA photostables qui luttent contre les effets nocifs du rayonnement solaire.<br \/>\n\u2022 ANTIOXYDANT : contribue \u00e0 assurer une protection des cellules contre les radicaux libres.<br \/>\n\u2022 ANTI-POLLUTION : pour une protection parfaitement adapt\u00e9e \u00e0 un usage urbain.<br \/>\n\u2022 EMBELLISSEUR : un fini lumineux et un effet homog\u00e8ne.<\/p>\n<p>Disponible dans votre parapharmacie en ligne www.cotepara.ma<\/p>\n<p>TEXTURE<br \/>\nAvantage de la texture<br \/>\nTexture \u00e0 la teinte \u00e9volutive toute carnation gr\u00e2ce aux micro-pigments encapsul\u00e9s.<\/p>\n<p>Senteur du contenu<br \/>\nAvec parfum<\/p>\n","protected":false},"excerpt":{"rendered":"<p>Un soin solaire qui apporte beaut\u00e9 et protection. Une action 3-en-1 in\u00e9dite : B-Protect SPF 50+ offre \u00e0 la peau une large protection UVB-UVA, anti-pollution et un effet embellisseur imm\u00e9diat. Sa formule int\u00e8gre des micro-pigments encapsul\u00e9s teint\u00e9s qui se lib\u00e8rent d\u00e8s l&#8217;application et r\u00e9v\u00e8lent un teint frais et lumineux. B-Protect SPF 50+ est parfaitement adapt\u00e9 [&hellip;]<\/p>\n","protected":false},"featured_media":19472,"template":"","meta":[],"product_brand":[171],"product_cat":[15,134],"product_tag":[],"class_list":{"0":"post-19473","1":"product","2":"type-product","3":"status-publish","4":"has-post-thumbnail","6":"product_brand-avene","7":"product_cat-tout","8":"product_cat-avene","9":"ts_product_brand-avene","11":"first","12":"instock","13":"sale","14":"shipping-taxable","15":"purchasable","16":"product-type-simple"},"_links":{"self":[{"href":"https:\/\/para-mirava.ma\/index.php?rest_route=\/wp\/v2\/product\/19473","targetHints":{"allow":["GET"]}}],"collection":[{"href":"https:\/\/para-mirava.ma\/index.php?rest_route=\/wp\/v2\/product"}],"about":[{"href":"https:\/\/para-mirava.ma\/index.php?rest_route=\/wp\/v2\/types\/product"}],"wp:featuredmedia":[{"embeddable":true,"href":"https:\/\/para-mirava.ma\/index.php?rest_route=\/wp\/v2\/media\/19472"}],"wp:attachment":[{"href":"https:\/\/para-mirava.ma\/index.php?rest_route=%2Fwp%2Fv2%2Fmedia&parent=19473"}],"wp:term":[{"taxonomy":"product_brand","embeddable":true,"href":"https:\/\/para-mirava.ma\/index.php?rest_route=%2Fwp%2Fv2%2Fproduct_brand&post=19473"},{"taxonomy":"product_cat","embeddable":true,"href":"https:\/\/para-mirava.ma\/index.php?rest_route=%2Fwp%2Fv2%2Fproduct_cat&post=19473"},{"taxonomy":"product_tag","embeddable":true,"href":"https:\/\/para-mirava.ma\/index.php?rest_route=%2Fwp%2Fv2%2Fproduct_tag&post=19473"}],"curies":[{"name":"wp","href":"https:\/\/api.w.org\/{rel}","templated":true}]}}