{"id":19477,"date":"2026-03-17T17:04:34","date_gmt":"2026-03-17T17:04:34","guid":{"rendered":"https:\/\/para-mirava.ma\/?product=avene-solaire-sunsimed-tres-haute-protection-80ml"},"modified":"2026-03-17T18:40:17","modified_gmt":"2026-03-17T18:40:17","slug":"avene-solaire-sunsimed-tres-haute-protection-80ml","status":"publish","type":"product","link":"https:\/\/para-mirava.ma\/?product=avene-solaire-sunsimed-tres-haute-protection-80ml","title":{"rendered":"AVENE SOLAIRE SUNSIMED TRES HAUTE PROTECTION 80ML"},"content":{"rendered":"<p>SunsiMed Dispositif M\u00e9dical est une tr\u00e8s haute protection solaire con\u00e7ue comme une r\u00e9ponse compl\u00e8te adapt\u00e9e aux peaux \u00e0 risque face \u00e0 l&#8217;exposition solaire. Son efficacit\u00e9 est d\u00e9montr\u00e9e contre les effets d\u00e9l\u00e9t\u00e8res du soleil, \u00e0 utiliser en pr\u00e9vention des k\u00e9ratoses actiniques, des cancers cutan\u00e9s (hors m\u00e9lanomes) et du photovieillissement cutan\u00e9. Gr\u00e2ce \u00e0 son complexe protecteur exclusif issu de la Recherche Pierre Fabre, SunsiMed, Dispositif M\u00e9dical de classe I, prot\u00e8ge la peau au quotidien face au rayonnement solaire.<\/p>\n<p>Ce dispositif est un produit de sant\u00e9 r\u00e9glement\u00e9 qui porte le marquage CE. Il ne s&#8217;applique pas sur les muqueuses ni sur une peau l\u00e9s\u00e9e. Demandez conseil \u00e0 votre pharmacien. Lisez attentivement les instructions figurant sur l&#8217;\u00e9tiquetage avant utilisation.<\/p>\n<p>Fabricant : Pierre Fabre Medical Device, Mars 2017.<\/p>\n<p>Conseils d&#8217;utilisation : Appliquez, chaque matin, uniform\u00e9ment, sur le visage et les zones du corps expos\u00e9es au soleil au cours de la journ\u00e9e. Pour les doses recommand\u00e9es, consultez attentivement la notice. Renouvelez l&#8217;application en cas d&#8217;exposition prolong\u00e9e, de forte transpiration ou de contact avec l&#8217;eau. \u00c9vitez le contact direct avec le soleil en utilisant une protection vestimentaire (chapeau, lunettes, tee-shirt&#8230;). <\/p>\n<p>LE MOT DE L&#8217;EXPERT : La tr\u00e8s haute protection solaire quotidienne adapt\u00e9e aux besoins des peaux hypersensibles et sujettes aux k\u00e9ratoses actiniques.<\/p>\n<p>Avantage : Bonne dispersion et stabilit\u00e9 de la formule pour une protection optimale. Un flacon doseur pratique et hygi\u00e9nique.<\/p>\n<p>B\u00e9n\u00e9fices :<br \/>\n\u2022 PHOTOPROTECTEUR : des filtres UVB-UVA photostables qui luttent contre les effets nocifs du rayonnement solaire.<br \/>\n\u2022 PR\u00c9VENTION des k\u00e9ratoses actiniques et des cancers cutan\u00e9s (hors m\u00e9lanomes).<\/p>\n<p>Disponible dans votre parapharmacie en ligne www.cotepara.ma<\/p>\n<p>PARTENARIAT : Partenariat exclusif avec l&#8217;European Skin Cancer Foundation: sensibiliser sur les m\u00e9faits du soleil.<\/p>\n","protected":false},"excerpt":{"rendered":"<p>SunsiMed Dispositif M\u00e9dical est une tr\u00e8s haute protection solaire con\u00e7ue comme une r\u00e9ponse compl\u00e8te adapt\u00e9e aux peaux \u00e0 risque face \u00e0 l&#8217;exposition solaire. Son efficacit\u00e9 est d\u00e9montr\u00e9e contre les effets d\u00e9l\u00e9t\u00e8res du soleil, \u00e0 utiliser en pr\u00e9vention des k\u00e9ratoses actiniques, des cancers cutan\u00e9s (hors m\u00e9lanomes) et du photovieillissement cutan\u00e9. Gr\u00e2ce \u00e0 son complexe protecteur exclusif [&hellip;]<\/p>\n","protected":false},"featured_media":19476,"template":"","meta":[],"product_brand":[171],"product_cat":[15,134],"product_tag":[],"class_list":{"0":"post-19477","1":"product","2":"type-product","3":"status-publish","4":"has-post-thumbnail","6":"product_brand-avene","7":"product_cat-tout","8":"product_cat-avene","9":"ts_product_brand-avene","11":"first","12":"instock","13":"sale","14":"shipping-taxable","15":"purchasable","16":"product-type-simple"},"_links":{"self":[{"href":"https:\/\/para-mirava.ma\/index.php?rest_route=\/wp\/v2\/product\/19477","targetHints":{"allow":["GET"]}}],"collection":[{"href":"https:\/\/para-mirava.ma\/index.php?rest_route=\/wp\/v2\/product"}],"about":[{"href":"https:\/\/para-mirava.ma\/index.php?rest_route=\/wp\/v2\/types\/product"}],"wp:featuredmedia":[{"embeddable":true,"href":"https:\/\/para-mirava.ma\/index.php?rest_route=\/wp\/v2\/media\/19476"}],"wp:attachment":[{"href":"https:\/\/para-mirava.ma\/index.php?rest_route=%2Fwp%2Fv2%2Fmedia&parent=19477"}],"wp:term":[{"taxonomy":"product_brand","embeddable":true,"href":"https:\/\/para-mirava.ma\/index.php?rest_route=%2Fwp%2Fv2%2Fproduct_brand&post=19477"},{"taxonomy":"product_cat","embeddable":true,"href":"https:\/\/para-mirava.ma\/index.php?rest_route=%2Fwp%2Fv2%2Fproduct_cat&post=19477"},{"taxonomy":"product_tag","embeddable":true,"href":"https:\/\/para-mirava.ma\/index.php?rest_route=%2Fwp%2Fv2%2Fproduct_tag&post=19477"}],"curies":[{"name":"wp","href":"https:\/\/api.w.org\/{rel}","templated":true}]}}