{"id":19479,"date":"2026-03-17T17:04:35","date_gmt":"2026-03-17T17:04:35","guid":{"rendered":"https:\/\/para-mirava.ma\/?product=avene-solaire-ecran-spray-spf50-200ml"},"modified":"2026-03-17T18:40:17","modified_gmt":"2026-03-17T18:40:17","slug":"avene-solaire-ecran-spray-spf50-200ml","status":"publish","type":"product","link":"https:\/\/para-mirava.ma\/?product=avene-solaire-ecran-spray-spf50-200ml","title":{"rendered":"AVENE SOLAIRE ECRAN SPRAY SPF50+ 200ML"},"content":{"rendered":"<p>Le Spray SPF 50+ offre une tr\u00e8s haute protection solaire aux peaux sensibles expos\u00e9es \u00e0 un ensoleillement intense. Adapt\u00e9e au visage et au corps, sa texture hydra-protectrice procure une sensation de confort imm\u00e9diate et durable, un effet anti-dess\u00e8chement et une hydratation durant six heures.<\/p>\n<p>Au coeur du Spray SPF 50+, spray solaire, l&#8217;association exclusive Sunsitive\u00ae protection, issue de la Recherche Pierre Fabre et compos\u00e9e :<\/p>\n<p>&#8211; D&#8217;un syst\u00e8me filtrant brevet\u00e9 contenant seulement quatre filtres solaires, pour une tr\u00e8s large protection UVB-UVA stable et une tol\u00e9rance cutan\u00e9e optimale.<br \/>\n&#8211; De Provitamine E (Pr\u00e9-tocoph\u00e9ryl), puissant antioxydant, pour une protection des cellules des radicaux libres.<br \/>\n&#8211; D&#8217;Eau thermale d&#8217;Av\u00e8ne reconnue pour ses propri\u00e9t\u00e9s apaisantes, anti-irritantes et adoucissantes.<\/p>\n<p>Son syst\u00e8me OPEN \/ STOP offre plus de praticit\u00e9 et de respect de l&#8217;environnement : OPEN &#8212; tournez et l&#8217;embout appara\u00eet, STOP : tournez et l&#8217;embout dispara\u00eet.<\/p>\n<p>LE MOT DE L&#8217;EXPERT<br \/>\nLa tr\u00e8s haute protection solaire pour les peaux sensibles, visage et corps.<\/p>\n<p>Avantage<br \/>\nUn syst\u00e8me filtrant brevet\u00e9. Des formules \u00e9co-con\u00e7ues pour un minimum d&#8217;impact sur l&#8217;environnement.<\/p>\n<p>B\u00e9n\u00e9fices<br \/>\n\u2022 PHOTOPROTECTEUR : des filtres UVB-UVA photostables qui luttent contre les effets nocifs du rayonnement solaire.<br \/>\n\u2022 ANTIOXYDANT : contribue \u00e0 assurer une protection des cellules contre les radicaux libres. Disponible dans votre parapharmacie en ligne www.cotepara.ma<br \/>\n\u2022 R\u00c9SISTANT \u00c0 L&#8217;EAU : prot\u00e8ge la peau des effets n\u00e9fastes du soleil m\u00eame lors de la baignade.<br \/>\n\u2022 HYDRATANT : hydrate les couches sup\u00e9rieures de la peau.<br \/>\n\u2022 SANS EFFET BLANC : pour un teint naturel et une protection invisible<\/p>\n","protected":false},"excerpt":{"rendered":"<p>Le Spray SPF 50+ offre une tr\u00e8s haute protection solaire aux peaux sensibles expos\u00e9es \u00e0 un ensoleillement intense. Adapt\u00e9e au visage et au corps, sa texture hydra-protectrice procure une sensation de confort imm\u00e9diate et durable, un effet anti-dess\u00e8chement et une hydratation durant six heures. Au coeur du Spray SPF 50+, spray solaire, l&#8217;association exclusive Sunsitive\u00ae [&hellip;]<\/p>\n","protected":false},"featured_media":19478,"template":"","meta":[],"product_brand":[171],"product_cat":[15,134],"product_tag":[],"class_list":{"0":"post-19479","1":"product","2":"type-product","3":"status-publish","4":"has-post-thumbnail","6":"product_brand-avene","7":"product_cat-tout","8":"product_cat-avene","9":"ts_product_brand-avene","11":"first","12":"instock","13":"sale","14":"shipping-taxable","15":"purchasable","16":"product-type-simple"},"_links":{"self":[{"href":"https:\/\/para-mirava.ma\/index.php?rest_route=\/wp\/v2\/product\/19479","targetHints":{"allow":["GET"]}}],"collection":[{"href":"https:\/\/para-mirava.ma\/index.php?rest_route=\/wp\/v2\/product"}],"about":[{"href":"https:\/\/para-mirava.ma\/index.php?rest_route=\/wp\/v2\/types\/product"}],"wp:featuredmedia":[{"embeddable":true,"href":"https:\/\/para-mirava.ma\/index.php?rest_route=\/wp\/v2\/media\/19478"}],"wp:attachment":[{"href":"https:\/\/para-mirava.ma\/index.php?rest_route=%2Fwp%2Fv2%2Fmedia&parent=19479"}],"wp:term":[{"taxonomy":"product_brand","embeddable":true,"href":"https:\/\/para-mirava.ma\/index.php?rest_route=%2Fwp%2Fv2%2Fproduct_brand&post=19479"},{"taxonomy":"product_cat","embeddable":true,"href":"https:\/\/para-mirava.ma\/index.php?rest_route=%2Fwp%2Fv2%2Fproduct_cat&post=19479"},{"taxonomy":"product_tag","embeddable":true,"href":"https:\/\/para-mirava.ma\/index.php?rest_route=%2Fwp%2Fv2%2Fproduct_tag&post=19479"}],"curies":[{"name":"wp","href":"https:\/\/api.w.org\/{rel}","templated":true}]}}