{"id":19481,"date":"2026-03-17T17:04:36","date_gmt":"2026-03-17T17:04:36","guid":{"rendered":"https:\/\/para-mirava.ma\/?product=avene-antirougeurs-creme-riche-spf30-40ml"},"modified":"2026-03-17T18:40:17","modified_gmt":"2026-03-17T18:40:17","slug":"avene-antirougeurs-creme-riche-spf30-40ml","status":"publish","type":"product","link":"https:\/\/para-mirava.ma\/?product=avene-antirougeurs-creme-riche-spf30-40ml","title":{"rendered":"AVENE ANTIROUGEURS CREME RICHE SPF30 40ML"},"content":{"rendered":"<p>Gr\u00e2ce \u00e0 l&#8217;Eau thermale d&#8217;Av\u00e8ne, naturellement apaisante et au TRP-Regulin\u2122, actif brevet\u00e9 qui diminue la r\u00e9activit\u00e9 cutan\u00e9e, cette cr\u00e8me Antirougeurs JOUR apaise, cible les rougeurs et les r\u00e9duit durablement.<\/p>\n<p>Sa texture onctueuse et velout\u00e9e est parfaitement adapt\u00e9e aux peaux s\u00e8ches \u00e0 tr\u00e8s s\u00e8ches.<\/p>\n<p>En compl\u00e9ment, l&#8217;Huile de Pongamia maintient l&#8217;\u00e9quilibre du microbiome cutan\u00e9.<\/p>\n<p>Ce soin offre une haute protection SPF30, pour pr\u00e9venir les effets n\u00e9fastes des UVA\/UVB, en partie responsables de l&#8217;apparition des rougeurs.<\/p>\n<p>Disponible dans votre parapharmacie en ligne www.cotepara.ma<\/p>\n<p>LE MOT DE L&#8217;EXPERT<\/p>\n<p>Une Cr\u00e8me hydratante apaisante qui cible les rougeurs pour les r\u00e9duire durablement.<\/p>\n<p>Avantage<\/p>\n<p>R\u00e9duit les rougeurs gr\u00e2ce \u00e0 une association d&#8217;actifs brevet\u00e9e.<\/p>\n<p>B\u00e9n\u00e9fices<\/p>\n<p>\u2022 ANTI-ROUGEURS : le TRP-Regulin\u2122 diminue la r\u00e9activit\u00e9 cutan\u00e9e.<\/p>\n<p>\u2022 APAISANT : gr\u00e2ce \u00e0 l&#8217;Eau thermale d&#8217;Av\u00e8ne, naturellement apaisante.<\/p>\n<p>\u2022 PHOTO-PROTECTEUR SPF30 : pour pr\u00e9venir les effets n\u00e9fastes des UVA\/UVB.<\/p>\n","protected":false},"excerpt":{"rendered":"<p>Gr\u00e2ce \u00e0 l&#8217;Eau thermale d&#8217;Av\u00e8ne, naturellement apaisante et au TRP-Regulin\u2122, actif brevet\u00e9 qui diminue la r\u00e9activit\u00e9 cutan\u00e9e, cette cr\u00e8me Antirougeurs JOUR apaise, cible les rougeurs et les r\u00e9duit durablement. Sa texture onctueuse et velout\u00e9e est parfaitement adapt\u00e9e aux peaux s\u00e8ches \u00e0 tr\u00e8s s\u00e8ches. En compl\u00e9ment, l&#8217;Huile de Pongamia maintient l&#8217;\u00e9quilibre du microbiome cutan\u00e9. Ce soin [&hellip;]<\/p>\n","protected":false},"featured_media":19480,"template":"","meta":[],"product_brand":[171],"product_cat":[15,134],"product_tag":[],"class_list":{"0":"post-19481","1":"product","2":"type-product","3":"status-publish","4":"has-post-thumbnail","6":"product_brand-avene","7":"product_cat-tout","8":"product_cat-avene","9":"ts_product_brand-avene","11":"first","12":"instock","13":"sale","14":"shipping-taxable","15":"purchasable","16":"product-type-simple"},"_links":{"self":[{"href":"https:\/\/para-mirava.ma\/index.php?rest_route=\/wp\/v2\/product\/19481","targetHints":{"allow":["GET"]}}],"collection":[{"href":"https:\/\/para-mirava.ma\/index.php?rest_route=\/wp\/v2\/product"}],"about":[{"href":"https:\/\/para-mirava.ma\/index.php?rest_route=\/wp\/v2\/types\/product"}],"wp:featuredmedia":[{"embeddable":true,"href":"https:\/\/para-mirava.ma\/index.php?rest_route=\/wp\/v2\/media\/19480"}],"wp:attachment":[{"href":"https:\/\/para-mirava.ma\/index.php?rest_route=%2Fwp%2Fv2%2Fmedia&parent=19481"}],"wp:term":[{"taxonomy":"product_brand","embeddable":true,"href":"https:\/\/para-mirava.ma\/index.php?rest_route=%2Fwp%2Fv2%2Fproduct_brand&post=19481"},{"taxonomy":"product_cat","embeddable":true,"href":"https:\/\/para-mirava.ma\/index.php?rest_route=%2Fwp%2Fv2%2Fproduct_cat&post=19481"},{"taxonomy":"product_tag","embeddable":true,"href":"https:\/\/para-mirava.ma\/index.php?rest_route=%2Fwp%2Fv2%2Fproduct_tag&post=19481"}],"curies":[{"name":"wp","href":"https:\/\/api.w.org\/{rel}","templated":true}]}}