{"id":19490,"date":"2026-03-17T17:19:02","date_gmt":"2026-03-17T17:19:02","guid":{"rendered":"https:\/\/para-mirava.ma\/?product=uriage-xemose-syndet-200ml-3"},"modified":"2026-03-17T18:45:43","modified_gmt":"2026-03-17T18:45:43","slug":"uriage-xemose-syndet-200ml-3","status":"publish","type":"product","link":"https:\/\/para-mirava.ma\/?product=uriage-xemose-syndet-200ml-3","title":{"rendered":"URIAGE XEMOSE SYNDET 200ML"},"content":{"rendered":"<p>Ce gel-cr\u00e8me nettoyant et apaisant est sp\u00e9cifiquement formul\u00e9 pour la toilette quotidienne des peaux tr\u00e8s s\u00e8ches ou \u00e0 tendance atopique. Sa mousse onctueuse nettoie la peau tout en douceur.<\/p>\n<p>Apaise<br \/>\nL&#8217;Eau Thermale d&#8217;Uriage, naturellement riche en min\u00e9raux et oligo-\u00e9l\u00e9ments, apaise les peaux les plus s\u00e8ches.<\/p>\n<p>Nettoie<br \/>\nSa base lavante extra-douce \u00e9limine les impuret\u00e9s de la peau sans agresser, gr\u00e2ce \u00e0 son pH physiologique.<\/p>\n<p>Pr\u00e9serve<br \/>\nLes agents surgraissants sp\u00e9cifiques associ\u00e9s au complexe brevet\u00e9 C\u00e9rasterol-2F pr\u00e9servent de l&#8217;effet dess\u00e9chant de l&#8217;eau et redonnent du confort \u00e0 la peau.<\/p>\n<p>R\u00e9sultats<br \/>\n30% d&#8217;Eau Thermale d&#8217;Uriage pour des propri\u00e9t\u00e9s apaisantes et protectrices renforc\u00e9es.<\/p>\n<p>Disponible dans votre parapharmacie en ligne www.cotepara.ma<\/p>\n<p>Actifs<br \/>\nEau Thermale d&#8217;Uriage Complexe brevet\u00e9 C\u00e9rasterol-2F<br \/>\nTest\u00e9 sous contr\u00f4le dermatologique Non parfum\u00e9 Sans savon<\/p>\n<p>Conseils<br \/>\nFaire mousser sur une peau mouill\u00e9e, rincer et s\u00e9cher d\u00e9licatement.<\/p>\n","protected":false},"excerpt":{"rendered":"<p>Ce gel-cr\u00e8me nettoyant et apaisant est sp\u00e9cifiquement formul\u00e9 pour la toilette quotidienne des peaux tr\u00e8s s\u00e8ches ou \u00e0 tendance atopique. Sa mousse onctueuse nettoie la peau tout en douceur. Apaise L&#8217;Eau Thermale d&#8217;Uriage, naturellement riche en min\u00e9raux et oligo-\u00e9l\u00e9ments, apaise les peaux les plus s\u00e8ches. Nettoie Sa base lavante extra-douce \u00e9limine les impuret\u00e9s de la [&hellip;]<\/p>\n","protected":false},"featured_media":19489,"template":"","meta":[],"product_brand":[173,178],"product_cat":[15,137],"product_tag":[],"class_list":{"0":"post-19490","1":"product","2":"type-product","3":"status-publish","4":"has-post-thumbnail","6":"product_brand-uriage","7":"product_brand-vichy","8":"product_cat-tout","9":"product_cat-uriage","10":"ts_product_brand-uriage","12":"first","13":"instock","14":"sale","15":"shipping-taxable","16":"purchasable","17":"product-type-simple"},"_links":{"self":[{"href":"https:\/\/para-mirava.ma\/index.php?rest_route=\/wp\/v2\/product\/19490","targetHints":{"allow":["GET"]}}],"collection":[{"href":"https:\/\/para-mirava.ma\/index.php?rest_route=\/wp\/v2\/product"}],"about":[{"href":"https:\/\/para-mirava.ma\/index.php?rest_route=\/wp\/v2\/types\/product"}],"wp:featuredmedia":[{"embeddable":true,"href":"https:\/\/para-mirava.ma\/index.php?rest_route=\/wp\/v2\/media\/19489"}],"wp:attachment":[{"href":"https:\/\/para-mirava.ma\/index.php?rest_route=%2Fwp%2Fv2%2Fmedia&parent=19490"}],"wp:term":[{"taxonomy":"product_brand","embeddable":true,"href":"https:\/\/para-mirava.ma\/index.php?rest_route=%2Fwp%2Fv2%2Fproduct_brand&post=19490"},{"taxonomy":"product_cat","embeddable":true,"href":"https:\/\/para-mirava.ma\/index.php?rest_route=%2Fwp%2Fv2%2Fproduct_cat&post=19490"},{"taxonomy":"product_tag","embeddable":true,"href":"https:\/\/para-mirava.ma\/index.php?rest_route=%2Fwp%2Fv2%2Fproduct_tag&post=19490"}],"curies":[{"name":"wp","href":"https:\/\/api.w.org\/{rel}","templated":true}]}}