{"id":19494,"date":"2026-03-17T17:19:04","date_gmt":"2026-03-17T17:19:04","guid":{"rendered":"https:\/\/para-mirava.ma\/?product=uriage-eau-thermale-150ml-3"},"modified":"2026-03-17T18:45:42","modified_gmt":"2026-03-17T18:45:42","slug":"uriage-eau-thermale-150ml-3","status":"publish","type":"product","link":"https:\/\/para-mirava.ma\/?product=uriage-eau-thermale-150ml-3","title":{"rendered":"URIAGE EAU THERMALE 150ML"},"content":{"rendered":"<p>L&#8217;Eau Thermale d&#8217;Uriage est une eau de soin \u00e0 utiliser quotidiennement, v\u00e9ritable cure d&#8217;oligo-\u00e9l\u00e9ments et de min\u00e9raux, source d&#8217;\u00e9clat pour votre peau.<\/p>\n<p>Hydrate<br \/>\nGr\u00e2ce \u00e0 sa composition en min\u00e9raux proches des NMF (Natural Moisturizing Factor) de la peau, elle poss\u00e8de une action hydratante unique.<\/p>\n<p>Apaise<br \/>\nGr\u00e2ce \u00e0 la pr\u00e9sence \u00e9lev\u00e9e de sels de calcium et de magn\u00e9sium, elle apaise les peaux sensibles.<\/p>\n<p>Prot\u00e8ge<br \/>\nL&#8217;action du silicium renforce le film hydrolipidique de la peau. De plus, gr\u00e2ce aux min\u00e9raux, elle restaure la barri\u00e8re cutan\u00e9e.<\/p>\n<p>R\u00e9sultats<br \/>\n+32% Augmentation de l&#8217;hydratation de la peau que procure l&#8217;Eau Thermale d&#8217;Uriage au bout d&#8217;une heure.<\/p>\n<p>Disponible dans votre parapharmacie en ligne www.cotepara.ma<\/p>\n<p>\u00c9tude clinique r\u00e9alis\u00e9e par corn\u00e9om\u00e9trie.<\/p>\n<p>Actifs<br \/>\n100% Eau Thermale d&#8217;Uriage<br \/>\nConditionn\u00e9e directement \u00e0 la source, elle est recueillie pure \u00e0 l&#8217;abri de toute pollution<\/p>\n<p>Conseils<br \/>\nPulv\u00e9risez aussi souvent que vous en ressentez le besoin. Un geste de soin \u00e0 consommer sans mod\u00e9ration.<br \/>\nLaissez agir. Ne pas s\u00e9cher, ni tamponner pour renforcer la p\u00e9n\u00e9tration de ses composants.<\/p>\n","protected":false},"excerpt":{"rendered":"<p>L&#8217;Eau Thermale d&#8217;Uriage est une eau de soin \u00e0 utiliser quotidiennement, v\u00e9ritable cure d&#8217;oligo-\u00e9l\u00e9ments et de min\u00e9raux, source d&#8217;\u00e9clat pour votre peau. Hydrate Gr\u00e2ce \u00e0 sa composition en min\u00e9raux proches des NMF (Natural Moisturizing Factor) de la peau, elle poss\u00e8de une action hydratante unique. Apaise Gr\u00e2ce \u00e0 la pr\u00e9sence \u00e9lev\u00e9e de sels de calcium et [&hellip;]<\/p>\n","protected":false},"featured_media":19493,"template":"","meta":[],"product_brand":[173,178],"product_cat":[15,137],"product_tag":[],"class_list":{"0":"post-19494","1":"product","2":"type-product","3":"status-publish","4":"has-post-thumbnail","6":"product_brand-uriage","7":"product_brand-vichy","8":"product_cat-tout","9":"product_cat-uriage","10":"ts_product_brand-uriage","12":"first","13":"instock","14":"sale","15":"shipping-taxable","16":"purchasable","17":"product-type-simple"},"_links":{"self":[{"href":"https:\/\/para-mirava.ma\/index.php?rest_route=\/wp\/v2\/product\/19494","targetHints":{"allow":["GET"]}}],"collection":[{"href":"https:\/\/para-mirava.ma\/index.php?rest_route=\/wp\/v2\/product"}],"about":[{"href":"https:\/\/para-mirava.ma\/index.php?rest_route=\/wp\/v2\/types\/product"}],"wp:featuredmedia":[{"embeddable":true,"href":"https:\/\/para-mirava.ma\/index.php?rest_route=\/wp\/v2\/media\/19493"}],"wp:attachment":[{"href":"https:\/\/para-mirava.ma\/index.php?rest_route=%2Fwp%2Fv2%2Fmedia&parent=19494"}],"wp:term":[{"taxonomy":"product_brand","embeddable":true,"href":"https:\/\/para-mirava.ma\/index.php?rest_route=%2Fwp%2Fv2%2Fproduct_brand&post=19494"},{"taxonomy":"product_cat","embeddable":true,"href":"https:\/\/para-mirava.ma\/index.php?rest_route=%2Fwp%2Fv2%2Fproduct_cat&post=19494"},{"taxonomy":"product_tag","embeddable":true,"href":"https:\/\/para-mirava.ma\/index.php?rest_route=%2Fwp%2Fv2%2Fproduct_tag&post=19494"}],"curies":[{"name":"wp","href":"https:\/\/api.w.org\/{rel}","templated":true}]}}