{"id":19504,"date":"2026-03-17T17:19:08","date_gmt":"2026-03-17T17:19:08","guid":{"rendered":"https:\/\/para-mirava.ma\/?product=uriage-hyseac-ecran-spf-50-3"},"modified":"2026-03-17T18:45:42","modified_gmt":"2026-03-17T18:45:42","slug":"uriage-hyseac-ecran-spf-50-3","status":"publish","type":"product","link":"https:\/\/para-mirava.ma\/?product=uriage-hyseac-ecran-spf-50-3","title":{"rendered":"URIAGE HYSEAC ECRAN SPF 50"},"content":{"rendered":"<p>Le Fluide HYS\u00c9AC SPF50+ associe une protection solaire efficace aux propri\u00e9t\u00e9s adapt\u00e9es aux peaux mixtes \u00e0 grasses. Il dispose d&#8217;une tr\u00e8s haute protection UVA-UVB gr\u00e2ce \u00e0 un nouveau complexe filtrant ultra-performant sans octocryl\u00e8ne. Sa texture est non collante et non grasse.<\/p>\n<p>Hydrate<br \/>\nTr\u00e8s hydratant, il d\u00e9tient des actifs limitant la d\u00e9shydratation.<\/p>\n<p>Matifie<br \/>\nIl apporte un effet matifiant durable gr\u00e2ce \u00e0 l&#8217;extrait de Licorice qui limite l&#8217;exc\u00e8s de s\u00e9bum et pr\u00e9vient ainsi l&#8217;apparition de nouvelles imperfections.<\/p>\n<p>R\u00e9sultats<br \/>\n100% adapt\u00e9 aux probl\u00e9matiques des peaux mixtes \u00e0 grasses.<\/p>\n<p>Caract\u00e9ristiques<br \/>\nEau Thermale d&#8217;Uriage &#8211; Complexe filtrant anti UVA-UVB \u00e9quilibr\u00e9 &#8211; Extrait de Licorice &#8211; Agent matifiant &#8211; Test\u00e9 sous contr\u00f4le dermatologique &#8211; Non com\u00e9dog\u00e8ne &#8211; Sans alcool.<\/p>\n<p>Disponible dans votre parapharmacie en ligne www.cotepara.ma<\/p>\n<p>Conseils d&#8217;utilisation<br \/>\nAvant de s&#8217;exposer au soleil, appliquer une dose suffisante et homog\u00e8ne.<br \/>\nRenouveler toutes les 2 heures.<\/p>\n","protected":false},"excerpt":{"rendered":"<p>Le Fluide HYS\u00c9AC SPF50+ associe une protection solaire efficace aux propri\u00e9t\u00e9s adapt\u00e9es aux peaux mixtes \u00e0 grasses. Il dispose d&#8217;une tr\u00e8s haute protection UVA-UVB gr\u00e2ce \u00e0 un nouveau complexe filtrant ultra-performant sans octocryl\u00e8ne. Sa texture est non collante et non grasse. Hydrate Tr\u00e8s hydratant, il d\u00e9tient des actifs limitant la d\u00e9shydratation. Matifie Il apporte un [&hellip;]<\/p>\n","protected":false},"featured_media":19503,"template":"","meta":[],"product_brand":[173,178],"product_cat":[15,137],"product_tag":[],"class_list":{"0":"post-19504","1":"product","2":"type-product","3":"status-publish","4":"has-post-thumbnail","6":"product_brand-uriage","7":"product_brand-vichy","8":"product_cat-tout","9":"product_cat-uriage","10":"ts_product_brand-uriage","12":"first","13":"instock","14":"sale","15":"shipping-taxable","16":"purchasable","17":"product-type-simple"},"_links":{"self":[{"href":"https:\/\/para-mirava.ma\/index.php?rest_route=\/wp\/v2\/product\/19504","targetHints":{"allow":["GET"]}}],"collection":[{"href":"https:\/\/para-mirava.ma\/index.php?rest_route=\/wp\/v2\/product"}],"about":[{"href":"https:\/\/para-mirava.ma\/index.php?rest_route=\/wp\/v2\/types\/product"}],"wp:featuredmedia":[{"embeddable":true,"href":"https:\/\/para-mirava.ma\/index.php?rest_route=\/wp\/v2\/media\/19503"}],"wp:attachment":[{"href":"https:\/\/para-mirava.ma\/index.php?rest_route=%2Fwp%2Fv2%2Fmedia&parent=19504"}],"wp:term":[{"taxonomy":"product_brand","embeddable":true,"href":"https:\/\/para-mirava.ma\/index.php?rest_route=%2Fwp%2Fv2%2Fproduct_brand&post=19504"},{"taxonomy":"product_cat","embeddable":true,"href":"https:\/\/para-mirava.ma\/index.php?rest_route=%2Fwp%2Fv2%2Fproduct_cat&post=19504"},{"taxonomy":"product_tag","embeddable":true,"href":"https:\/\/para-mirava.ma\/index.php?rest_route=%2Fwp%2Fv2%2Fproduct_tag&post=19504"}],"curies":[{"name":"wp","href":"https:\/\/api.w.org\/{rel}","templated":true}]}}