{"id":19506,"date":"2026-03-17T17:19:09","date_gmt":"2026-03-17T17:19:09","guid":{"rendered":"https:\/\/para-mirava.ma\/?product=uriage-ds-hair-lotion-100ml-3"},"modified":"2026-03-17T18:45:42","modified_gmt":"2026-03-17T18:45:42","slug":"uriage-ds-hair-lotion-100ml-3","status":"publish","type":"product","link":"https:\/\/para-mirava.ma\/?product=uriage-ds-hair-lotion-100ml-3","title":{"rendered":"URIAGE DS HAIR LOTION 100ML"},"content":{"rendered":"<p>D.S. Lotion est une solution r\u00e9gulatrice non grasse \u00e0 utiliser quotidiennement. Rapidement le cuir chevelu se normalise, son aspect redevient sain, les pellicules disparaissent.<\/p>\n<p>\u00c9limine les squames<br \/>\nL&#8217;Huile Essentielle de Cade est un actif anti-squames qui r\u00e9gule le renouvellement cellulaire.<\/p>\n<p>Calme les d\u00e9mangeaisons<br \/>\nLa technologie brevet\u00e9e TLR2-Regul agit sp\u00e9cifiquement sur les irritations du cuir chevelu d\u00e9clench\u00e9es par la pr\u00e9sence de micro-organismes.<\/p>\n<p>Assainit et purifie<br \/>\nEnrichie en Eau Thermale d&#8217;Uriage et en actifs assainissants, la peau est purifi\u00e9e.<\/p>\n<p>R\u00e9sultats<br \/>\n-83% sur la surface et la taille des squames pour les personnes pr\u00e9sentant un \u00e9tat pelliculaire du cuir chevelu.<\/p>\n<p>\u00c9tude clinique sous contr\u00f4le dermatologique sur 55 sujets atteints de dermite s\u00e9borrh\u00e9ique du cuir chevelu.<\/p>\n<p>Actifs<br \/>\nEau Thermale d&#8217;Uriage Complexe TLR2-Regul Piroctone Olamine Huile essentielle de Cade<\/p>\n<p>Test\u00e9 sous contr\u00f4le dermatologique Non com\u00e9dog\u00e8ne Non parfum\u00e9<\/p>\n<p>Conseils<br \/>\nVaporiser sur cuir chevelu sec ou mouill\u00e9, raie par raie : 2 fois par jour en cas de crise, 1 fois par jour en entretien pr\u00e9ventif.<br \/>\nLaisser agir. Sans rin\u00e7age.<\/p>\n","protected":false},"excerpt":{"rendered":"<p>D.S. Lotion est une solution r\u00e9gulatrice non grasse \u00e0 utiliser quotidiennement. Rapidement le cuir chevelu se normalise, son aspect redevient sain, les pellicules disparaissent. \u00c9limine les squames L&#8217;Huile Essentielle de Cade est un actif anti-squames qui r\u00e9gule le renouvellement cellulaire. Calme les d\u00e9mangeaisons La technologie brevet\u00e9e TLR2-Regul agit sp\u00e9cifiquement sur les irritations du cuir chevelu [&hellip;]<\/p>\n","protected":false},"featured_media":19505,"template":"","meta":[],"product_brand":[173,178],"product_cat":[15,137],"product_tag":[],"class_list":{"0":"post-19506","1":"product","2":"type-product","3":"status-publish","4":"has-post-thumbnail","6":"product_brand-uriage","7":"product_brand-vichy","8":"product_cat-tout","9":"product_cat-uriage","10":"ts_product_brand-uriage","12":"first","13":"instock","14":"sale","15":"shipping-taxable","16":"purchasable","17":"product-type-simple"},"_links":{"self":[{"href":"https:\/\/para-mirava.ma\/index.php?rest_route=\/wp\/v2\/product\/19506","targetHints":{"allow":["GET"]}}],"collection":[{"href":"https:\/\/para-mirava.ma\/index.php?rest_route=\/wp\/v2\/product"}],"about":[{"href":"https:\/\/para-mirava.ma\/index.php?rest_route=\/wp\/v2\/types\/product"}],"wp:featuredmedia":[{"embeddable":true,"href":"https:\/\/para-mirava.ma\/index.php?rest_route=\/wp\/v2\/media\/19505"}],"wp:attachment":[{"href":"https:\/\/para-mirava.ma\/index.php?rest_route=%2Fwp%2Fv2%2Fmedia&parent=19506"}],"wp:term":[{"taxonomy":"product_brand","embeddable":true,"href":"https:\/\/para-mirava.ma\/index.php?rest_route=%2Fwp%2Fv2%2Fproduct_brand&post=19506"},{"taxonomy":"product_cat","embeddable":true,"href":"https:\/\/para-mirava.ma\/index.php?rest_route=%2Fwp%2Fv2%2Fproduct_cat&post=19506"},{"taxonomy":"product_tag","embeddable":true,"href":"https:\/\/para-mirava.ma\/index.php?rest_route=%2Fwp%2Fv2%2Fproduct_tag&post=19506"}],"curies":[{"name":"wp","href":"https:\/\/api.w.org\/{rel}","templated":true}]}}