{"id":19518,"date":"2026-03-17T17:19:15","date_gmt":"2026-03-17T17:19:15","guid":{"rendered":"https:\/\/para-mirava.ma\/?product=uriage-roseliane-dermo-nettoyant-250ml-3"},"modified":"2026-03-17T18:45:41","modified_gmt":"2026-03-17T18:45:41","slug":"uriage-roseliane-dermo-nettoyant-250ml-3","status":"publish","type":"product","link":"https:\/\/para-mirava.ma\/?product=uriage-roseliane-dermo-nettoyant-250ml-3","title":{"rendered":"URIAGE ROSELIANE DERMO NETTOYANT 250ML"},"content":{"rendered":"<p>La texture gel\u00e9e fluide unique du Dermo-Nettoyant, particuli\u00e8rement onctueuse, douce et rafraichissante, et au parfum d\u00e9licat nettoie et d\u00e9maquille votre peau sans que votre peau ne souffre de tiraillements. Votre peau retrouve confort et douceur d\u00e8s la 1\u00e8re utilisation.<\/p>\n<p>Nettoie<br \/>\nLes agents nettoyants \u00e9liminent toutes les impuret\u00e9s.<\/p>\n<p>D\u00e9maquille<br \/>\nLe fluide d\u00e9maquille le visage et les yeux sans qu&#8217;il soit n\u00e9cessaire de rincer.<\/p>\n<p>Apaise<br \/>\nEnrichi en Eau Thermale d&#8217;Uriage apaisante, il adoucit et rafra\u00eechit la peau gr\u00e2ce \u00e0 l&#8217;action combin\u00e9e de plusieurs extraits v\u00e9g\u00e9taux rigoureusement s\u00e9lectionn\u00e9s.<\/p>\n<p>R\u00e9sultats<br \/>\n76% des personnes ont constat\u00e9 que leurs rougeurs s&#8217;\u00e9taient estomp\u00e9es.<br \/>\nQuestionnaire d&#8217;auto-\u00e9valuation sur 20 sujets apr\u00e8s 21j d&#8217;application le soir.<\/p>\n<p>Actifs<br \/>\nEau Thermale d&#8217;Uriage Huile d&#8217;abricot Huile de mauve Huile de calendula<br \/>\nTest\u00e9 sous contr\u00f4le dermatologique<\/p>\n<p>Conseils<br \/>\nAppliquez matin et soir avec un coton ou du bout des doigts en massages circulaires. Passez d\u00e9licatement un tissu ou un coton pour retirer l&#8217;exc\u00e9dent. Ne pas rincer. Pulv\u00e9risez ensuite une fine brume d&#8217;Eau Thermale d&#8217;Uriage.<\/p>\n<p>Disponible dans votre parapharmacie en ligne www.cotepara.ma<\/p>\n","protected":false},"excerpt":{"rendered":"<p>La texture gel\u00e9e fluide unique du Dermo-Nettoyant, particuli\u00e8rement onctueuse, douce et rafraichissante, et au parfum d\u00e9licat nettoie et d\u00e9maquille votre peau sans que votre peau ne souffre de tiraillements. Votre peau retrouve confort et douceur d\u00e8s la 1\u00e8re utilisation. Nettoie Les agents nettoyants \u00e9liminent toutes les impuret\u00e9s. D\u00e9maquille Le fluide d\u00e9maquille le visage et les [&hellip;]<\/p>\n","protected":false},"featured_media":19517,"template":"","meta":[],"product_brand":[173,178],"product_cat":[15,137],"product_tag":[],"class_list":{"0":"post-19518","1":"product","2":"type-product","3":"status-publish","4":"has-post-thumbnail","6":"product_brand-uriage","7":"product_brand-vichy","8":"product_cat-tout","9":"product_cat-uriage","10":"ts_product_brand-uriage","12":"first","13":"instock","14":"sale","15":"shipping-taxable","16":"purchasable","17":"product-type-simple"},"_links":{"self":[{"href":"https:\/\/para-mirava.ma\/index.php?rest_route=\/wp\/v2\/product\/19518","targetHints":{"allow":["GET"]}}],"collection":[{"href":"https:\/\/para-mirava.ma\/index.php?rest_route=\/wp\/v2\/product"}],"about":[{"href":"https:\/\/para-mirava.ma\/index.php?rest_route=\/wp\/v2\/types\/product"}],"wp:featuredmedia":[{"embeddable":true,"href":"https:\/\/para-mirava.ma\/index.php?rest_route=\/wp\/v2\/media\/19517"}],"wp:attachment":[{"href":"https:\/\/para-mirava.ma\/index.php?rest_route=%2Fwp%2Fv2%2Fmedia&parent=19518"}],"wp:term":[{"taxonomy":"product_brand","embeddable":true,"href":"https:\/\/para-mirava.ma\/index.php?rest_route=%2Fwp%2Fv2%2Fproduct_brand&post=19518"},{"taxonomy":"product_cat","embeddable":true,"href":"https:\/\/para-mirava.ma\/index.php?rest_route=%2Fwp%2Fv2%2Fproduct_cat&post=19518"},{"taxonomy":"product_tag","embeddable":true,"href":"https:\/\/para-mirava.ma\/index.php?rest_route=%2Fwp%2Fv2%2Fproduct_tag&post=19518"}],"curies":[{"name":"wp","href":"https:\/\/api.w.org\/{rel}","templated":true}]}}