{"id":19522,"date":"2026-03-17T17:19:18","date_gmt":"2026-03-17T17:19:18","guid":{"rendered":"https:\/\/para-mirava.ma\/?product=uriage-hyseac-pate-sos-15g-new-3"},"modified":"2026-03-17T18:45:41","modified_gmt":"2026-03-17T18:45:41","slug":"uriage-hyseac-pate-sos-15g-new-3","status":"publish","type":"product","link":"https:\/\/para-mirava.ma\/?product=uriage-hyseac-pate-sos-15g-new-3","title":{"rendered":"URIAGE HYSEAC PATE SOS 15G NEW"},"content":{"rendered":"<p>URIAGE HYSEAC PATE SOS 15G est disponible dans votre Parapharmacie en ligne C\u00f4t\u00e9 para \u00e0 Prix discount, livraison gratuite partout au Maroc.<\/p>\n<p>Pourquoi Choisir C\u00f4t\u00e9 para ?<\/p>\n<p>Tout d&#8217;abord, C\u00f4t\u00e9 Para est pr\u00e9sente sur le March\u00e9 de la cosm\u00e9tique depuis 2009.<\/p>\n<p>Ensuite Elle Pr\u00e9sente plus de 18000 R\u00e9f\u00e9rence de produits cosm\u00e9tiques Para Maroc.<\/p>\n<p>Troisi\u00e8mement C\u00f4t\u00e9 Para propose le meilleur Prix du March\u00e9 (Rapport Qualit\u00e9 \/ Prix).<\/p>\n<p>Quatri\u00e8mement Elle met \u00e0 votre disposition des produits 100% Authentique.<\/p>\n<p>Cinqui\u00e8mement Elle offre avec chaque commande des gratuit\u00e9s, cadeaux, trousses, \u00e9chantillons selon les disponibilit\u00e9s en Stock.<\/p>\n<p>Sans oublier le service Rapide de la livraison, toute fois C\u00f4t\u00e9 Para a 4 points de vente :<\/p>\n<p>Premier Magasin : Parapharmacie Casablanca, Bourgogne \u00e0 C\u00f4t\u00e9 de la clinique Badr.<\/p>\n<p>Deuxi\u00e8me Magasin : Parapharmacie Casablanca, Bd El Qods en face de la patisserie 4 cerises.<\/p>\n<p>Troisi\u00e8me Magasin : Parapharmacie Casablanca, Sidi Maarouf \u00e0 Ovillage, Av. Abou Bakr el Kadiri.<\/p>\n<p>Quatri\u00e8me Magasin : Parapharmacie Maroc, Bouskoura au Centre Commercial Triangle Vert, Bouskoura Ville verte.<\/p>\n","protected":false},"excerpt":{"rendered":"<p>URIAGE HYSEAC PATE SOS 15G est disponible dans votre Parapharmacie en ligne C\u00f4t\u00e9 para \u00e0 Prix discount, livraison gratuite partout au Maroc. Pourquoi Choisir C\u00f4t\u00e9 para ? Tout d&#8217;abord, C\u00f4t\u00e9 Para est pr\u00e9sente sur le March\u00e9 de la cosm\u00e9tique depuis 2009. Ensuite Elle Pr\u00e9sente plus de 18000 R\u00e9f\u00e9rence de produits cosm\u00e9tiques Para Maroc. Troisi\u00e8mement C\u00f4t\u00e9 [&hellip;]<\/p>\n","protected":false},"featured_media":19521,"template":"","meta":[],"product_brand":[173,178],"product_cat":[15,137],"product_tag":[],"class_list":{"0":"post-19522","1":"product","2":"type-product","3":"status-publish","4":"has-post-thumbnail","6":"product_brand-uriage","7":"product_brand-vichy","8":"product_cat-tout","9":"product_cat-uriage","10":"ts_product_brand-uriage","12":"first","13":"instock","14":"sale","15":"shipping-taxable","16":"purchasable","17":"product-type-simple"},"_links":{"self":[{"href":"https:\/\/para-mirava.ma\/index.php?rest_route=\/wp\/v2\/product\/19522","targetHints":{"allow":["GET"]}}],"collection":[{"href":"https:\/\/para-mirava.ma\/index.php?rest_route=\/wp\/v2\/product"}],"about":[{"href":"https:\/\/para-mirava.ma\/index.php?rest_route=\/wp\/v2\/types\/product"}],"wp:featuredmedia":[{"embeddable":true,"href":"https:\/\/para-mirava.ma\/index.php?rest_route=\/wp\/v2\/media\/19521"}],"wp:attachment":[{"href":"https:\/\/para-mirava.ma\/index.php?rest_route=%2Fwp%2Fv2%2Fmedia&parent=19522"}],"wp:term":[{"taxonomy":"product_brand","embeddable":true,"href":"https:\/\/para-mirava.ma\/index.php?rest_route=%2Fwp%2Fv2%2Fproduct_brand&post=19522"},{"taxonomy":"product_cat","embeddable":true,"href":"https:\/\/para-mirava.ma\/index.php?rest_route=%2Fwp%2Fv2%2Fproduct_cat&post=19522"},{"taxonomy":"product_tag","embeddable":true,"href":"https:\/\/para-mirava.ma\/index.php?rest_route=%2Fwp%2Fv2%2Fproduct_tag&post=19522"}],"curies":[{"name":"wp","href":"https:\/\/api.w.org\/{rel}","templated":true}]}}