{"id":19526,"date":"2026-03-17T17:19:20","date_gmt":"2026-03-17T17:19:20","guid":{"rendered":"https:\/\/para-mirava.ma\/?product=uriage-xemose-stick-levres-4gr-3"},"modified":"2026-03-17T18:45:41","modified_gmt":"2026-03-17T18:45:41","slug":"uriage-xemose-stick-levres-4gr-3","status":"publish","type":"product","link":"https:\/\/para-mirava.ma\/?product=uriage-xemose-stick-levres-4gr-3","title":{"rendered":"URIAGE XEMOSE STICK LEVRES 4GR"},"content":{"rendered":"<p>Ce stick hydrate les l\u00e8vres et les prot\u00e8ge des agressions quotidiennes.<\/p>\n<p>Nourrit et prot\u00e8ge<br \/>\nLe beurre de Karit\u00e9 nourrit intens\u00e9ment les l\u00e8vres dess\u00e9ch\u00e9es ; les vitamines C et E prot\u00e8gent des agressions ext\u00e9rieures, gr\u00e2ce \u00e0 leurs actions anti-oxydante et anti-radicaux libres.<\/p>\n<p>Hydrate<br \/>\nSa formule enrichie en acide hyaluronique apporte une hydratation \u00e0 chaque application.<\/p>\n<p>R\u00e9sultats<br \/>\n4 grammes de stick, v\u00e9ritable pommade onctueuse et agr\u00e9able pour le plus grand plaisir de vos l\u00e8vres.<\/p>\n<p>Disponible dans votre parapharmacie en ligne www.cotepara.ma<\/p>\n<p>Actifs<br \/>\nAcide hyaluronique Beurre de karit\u00e9 Vitamine C Vitamine E<\/p>\n<p>Test\u00e9 sous contr\u00f4le dermatologique Non parfum\u00e9<\/p>\n<p>Conseils<br \/>\nAppliquer aussi souvent que n\u00e9cessaire.<\/p>\n","protected":false},"excerpt":{"rendered":"<p>Ce stick hydrate les l\u00e8vres et les prot\u00e8ge des agressions quotidiennes. Nourrit et prot\u00e8ge Le beurre de Karit\u00e9 nourrit intens\u00e9ment les l\u00e8vres dess\u00e9ch\u00e9es ; les vitamines C et E prot\u00e8gent des agressions ext\u00e9rieures, gr\u00e2ce \u00e0 leurs actions anti-oxydante et anti-radicaux libres. Hydrate Sa formule enrichie en acide hyaluronique apporte une hydratation \u00e0 chaque application. R\u00e9sultats [&hellip;]<\/p>\n","protected":false},"featured_media":19525,"template":"","meta":[],"product_brand":[173,178],"product_cat":[15,137],"product_tag":[],"class_list":{"0":"post-19526","1":"product","2":"type-product","3":"status-publish","4":"has-post-thumbnail","6":"product_brand-uriage","7":"product_brand-vichy","8":"product_cat-tout","9":"product_cat-uriage","10":"ts_product_brand-uriage","12":"first","13":"instock","14":"sale","15":"shipping-taxable","16":"purchasable","17":"product-type-simple"},"_links":{"self":[{"href":"https:\/\/para-mirava.ma\/index.php?rest_route=\/wp\/v2\/product\/19526","targetHints":{"allow":["GET"]}}],"collection":[{"href":"https:\/\/para-mirava.ma\/index.php?rest_route=\/wp\/v2\/product"}],"about":[{"href":"https:\/\/para-mirava.ma\/index.php?rest_route=\/wp\/v2\/types\/product"}],"wp:featuredmedia":[{"embeddable":true,"href":"https:\/\/para-mirava.ma\/index.php?rest_route=\/wp\/v2\/media\/19525"}],"wp:attachment":[{"href":"https:\/\/para-mirava.ma\/index.php?rest_route=%2Fwp%2Fv2%2Fmedia&parent=19526"}],"wp:term":[{"taxonomy":"product_brand","embeddable":true,"href":"https:\/\/para-mirava.ma\/index.php?rest_route=%2Fwp%2Fv2%2Fproduct_brand&post=19526"},{"taxonomy":"product_cat","embeddable":true,"href":"https:\/\/para-mirava.ma\/index.php?rest_route=%2Fwp%2Fv2%2Fproduct_cat&post=19526"},{"taxonomy":"product_tag","embeddable":true,"href":"https:\/\/para-mirava.ma\/index.php?rest_route=%2Fwp%2Fv2%2Fproduct_tag&post=19526"}],"curies":[{"name":"wp","href":"https:\/\/api.w.org\/{rel}","templated":true}]}}