{"id":19542,"date":"2026-03-17T17:19:28","date_gmt":"2026-03-17T17:19:28","guid":{"rendered":"https:\/\/para-mirava.ma\/?product=uriage-xemose-creme-visage-40ml-3"},"modified":"2026-03-17T18:45:40","modified_gmt":"2026-03-17T18:45:40","slug":"uriage-xemose-creme-visage-40ml-3","status":"publish","type":"product","link":"https:\/\/para-mirava.ma\/?product=uriage-xemose-creme-visage-40ml-3","title":{"rendered":"URIAGE XEMOSE CREME VISAGE 40ML"},"content":{"rendered":"<p>Cette cr\u00e8me onctueuse nourrit, apaise les sensations de tiraillements et prot\u00e8ge contre les agressions ext\u00e9rieures. Sa texture fondante redonne souplesse et douceur \u00e0 la peau.<\/p>\n<p>Apaise<br \/>\nApporte une efficacit\u00e9 apaisante imm\u00e9diate gr\u00e2ce au brevet* Chronoxine.<\/p>\n<p>Nourrit<br \/>\nGr\u00e2ce au C\u00e9rast\u00e9rol 2F, cette cr\u00e8me restaure et renforce la barri\u00e8re cutan\u00e9e pour 24h d&#8217;efficacit\u00e9.<\/p>\n<p>Prot\u00e8ge<br \/>\nLe complexe TLR2 REGUL module la barri\u00e8re de d\u00e9fense inn\u00e9e et l&#8217;Eau Thermale d&#8217;Uriage r\u00e9\u00e9quilibre la barri\u00e8re microbienne.<\/p>\n<p>*Brevet d\u00e9pos\u00e9<\/p>\n<p>R\u00e9sultats<br \/>\n24h d&#8217;efficacit\u00e9 !<\/p>\n<p>Disponible dans votre parapharmacie en ligne www.cotepara.ma<\/p>\n<p>Test d&#8217;hydratation par corn\u00e9om\u00e9trie sur 10 sujets, apr\u00e8s application unique.<\/p>\n<p>Actifs<br \/>\nEau Thermale d&#8217;Uriage Chronoxine C\u00e9rast\u00e9rol 2F Complexe TLR2<\/p>\n<p>Non com\u00e9dog\u00e8ne Non parfum\u00e9 Test\u00e9 sous contr\u00f4le dermatologique B\u00e9b\u00e9s Enfants Adultes<\/p>\n<p>Conseils<br \/>\nAppliquer matin et soir sur le visage parfaitement nettoy\u00e9 et s\u00e9ch\u00e9.<\/p>\n","protected":false},"excerpt":{"rendered":"<p>Cette cr\u00e8me onctueuse nourrit, apaise les sensations de tiraillements et prot\u00e8ge contre les agressions ext\u00e9rieures. Sa texture fondante redonne souplesse et douceur \u00e0 la peau. Apaise Apporte une efficacit\u00e9 apaisante imm\u00e9diate gr\u00e2ce au brevet* Chronoxine. Nourrit Gr\u00e2ce au C\u00e9rast\u00e9rol 2F, cette cr\u00e8me restaure et renforce la barri\u00e8re cutan\u00e9e pour 24h d&#8217;efficacit\u00e9. Prot\u00e8ge Le complexe TLR2 [&hellip;]<\/p>\n","protected":false},"featured_media":19541,"template":"","meta":[],"product_brand":[173,178],"product_cat":[15,137],"product_tag":[],"class_list":{"0":"post-19542","1":"product","2":"type-product","3":"status-publish","4":"has-post-thumbnail","6":"product_brand-uriage","7":"product_brand-vichy","8":"product_cat-tout","9":"product_cat-uriage","10":"ts_product_brand-uriage","12":"first","13":"instock","14":"sale","15":"shipping-taxable","16":"purchasable","17":"product-type-simple"},"_links":{"self":[{"href":"https:\/\/para-mirava.ma\/index.php?rest_route=\/wp\/v2\/product\/19542","targetHints":{"allow":["GET"]}}],"collection":[{"href":"https:\/\/para-mirava.ma\/index.php?rest_route=\/wp\/v2\/product"}],"about":[{"href":"https:\/\/para-mirava.ma\/index.php?rest_route=\/wp\/v2\/types\/product"}],"wp:featuredmedia":[{"embeddable":true,"href":"https:\/\/para-mirava.ma\/index.php?rest_route=\/wp\/v2\/media\/19541"}],"wp:attachment":[{"href":"https:\/\/para-mirava.ma\/index.php?rest_route=%2Fwp%2Fv2%2Fmedia&parent=19542"}],"wp:term":[{"taxonomy":"product_brand","embeddable":true,"href":"https:\/\/para-mirava.ma\/index.php?rest_route=%2Fwp%2Fv2%2Fproduct_brand&post=19542"},{"taxonomy":"product_cat","embeddable":true,"href":"https:\/\/para-mirava.ma\/index.php?rest_route=%2Fwp%2Fv2%2Fproduct_cat&post=19542"},{"taxonomy":"product_tag","embeddable":true,"href":"https:\/\/para-mirava.ma\/index.php?rest_route=%2Fwp%2Fv2%2Fproduct_tag&post=19542"}],"curies":[{"name":"wp","href":"https:\/\/api.w.org\/{rel}","templated":true}]}}