{"id":19544,"date":"2026-03-17T17:19:29","date_gmt":"2026-03-17T17:19:29","guid":{"rendered":"https:\/\/para-mirava.ma\/?product=uriage-eau-thermale-creme-deau-riche-40ml-3"},"modified":"2026-03-17T18:45:40","modified_gmt":"2026-03-17T18:45:40","slug":"uriage-eau-thermale-creme-deau-riche-40ml-3","status":"publish","type":"product","link":"https:\/\/para-mirava.ma\/?product=uriage-eau-thermale-creme-deau-riche-40ml-3","title":{"rendered":"URIAGE EAU THERMALE CREME D&#8217;EAU RICHE 40ML"},"content":{"rendered":"<p>Hydratante, cette cr\u00e8me \u00e0 la texture riche et onctueuse nourrit les peaux les plus assoiff\u00e9es en profondeur. La Cr\u00e8me d&#8217;Eau Riche apporte un confort instantan\u00e9 pour une peau \u00e9clatante tout au long de la journ\u00e9e.<\/p>\n<p>R\u00e9g\u00e9n\u00e8re l&#8217;hydratation de la peau<br \/>\nCette Cr\u00e8me d&#8217;Eau Riche formul\u00e9e \u00e0 base d&#8217;Eau Thermale d&#8217;Uriage aide \u00e0 reconstruire la barri\u00e8re cutan\u00e9e pour maintenir un taux d&#8217;hydratation optimal.<\/p>\n<p>Optimise l&#8217;hydratation en continu de l&#8217;\u00e9piderme<br \/>\nPermet de reformer un film de surface et de lib\u00e9rer progressivement les agents hydratants contenus dans la Cr\u00e8me d&#8217;Eau Riche.<\/p>\n<p>Restaure l&#8217;effet barri\u00e8re de la peau et limite sa d\u00e9shydratation<br \/>\nAgit sur la reconstruction du ciment corn\u00e9ocytaire pour booster durablement l&#8217;hydratation.<\/p>\n<p>Diminue les sensations d&#8217;inconfort<br \/>\nParfaitement nourrie et r\u00e9confort\u00e9e, la peau s&#8217;\u00e9veille et s&#8217;assouplit gr\u00e2ce \u00e0 une formule enrichie en Beurre de Karit\u00e9.<\/p>\n<p>R\u00e9sultats<br \/>\n95% des sujets interrog\u00e9s constatent une hydratation imm\u00e9diate, une peau plus souple et nourrie toute la journ\u00e9e.<br \/>\n\u00c9tude r\u00e9alis\u00e9e sous contr\u00f4le dermatologique sur 20 sujets \u00e0 peaux s\u00e8ches \u00e2g\u00e9s de 19 \u00e0 55 ans. Application bi-quotidienne pendant 21 jours.<\/p>\n<p>Actifs<br \/>\nComplexe Hydro-Thermal Beurre de Karit\u00e9 Parfum<\/p>\n<p>Disponible dans votre parapharmacie en ligne www.cotepara.ma<br \/>\nTest\u00e9 sous contr\u00f4le dermatologique<\/p>\n<p>Conseils<br \/>\nAppliquez matin et\/ou soir sur le visage, le cou et le d\u00e9collet\u00e9 parfaitement nettoy\u00e9s. Evitez le contour des yeux.<\/p>\n","protected":false},"excerpt":{"rendered":"<p>Hydratante, cette cr\u00e8me \u00e0 la texture riche et onctueuse nourrit les peaux les plus assoiff\u00e9es en profondeur. La Cr\u00e8me d&#8217;Eau Riche apporte un confort instantan\u00e9 pour une peau \u00e9clatante tout au long de la journ\u00e9e. R\u00e9g\u00e9n\u00e8re l&#8217;hydratation de la peau Cette Cr\u00e8me d&#8217;Eau Riche formul\u00e9e \u00e0 base d&#8217;Eau Thermale d&#8217;Uriage aide \u00e0 reconstruire la barri\u00e8re [&hellip;]<\/p>\n","protected":false},"featured_media":19543,"template":"","meta":[],"product_brand":[173,178],"product_cat":[15,137],"product_tag":[],"class_list":{"0":"post-19544","1":"product","2":"type-product","3":"status-publish","4":"has-post-thumbnail","6":"product_brand-uriage","7":"product_brand-vichy","8":"product_cat-tout","9":"product_cat-uriage","10":"ts_product_brand-uriage","12":"first","13":"instock","14":"sale","15":"shipping-taxable","16":"purchasable","17":"product-type-simple"},"_links":{"self":[{"href":"https:\/\/para-mirava.ma\/index.php?rest_route=\/wp\/v2\/product\/19544","targetHints":{"allow":["GET"]}}],"collection":[{"href":"https:\/\/para-mirava.ma\/index.php?rest_route=\/wp\/v2\/product"}],"about":[{"href":"https:\/\/para-mirava.ma\/index.php?rest_route=\/wp\/v2\/types\/product"}],"wp:featuredmedia":[{"embeddable":true,"href":"https:\/\/para-mirava.ma\/index.php?rest_route=\/wp\/v2\/media\/19543"}],"wp:attachment":[{"href":"https:\/\/para-mirava.ma\/index.php?rest_route=%2Fwp%2Fv2%2Fmedia&parent=19544"}],"wp:term":[{"taxonomy":"product_brand","embeddable":true,"href":"https:\/\/para-mirava.ma\/index.php?rest_route=%2Fwp%2Fv2%2Fproduct_brand&post=19544"},{"taxonomy":"product_cat","embeddable":true,"href":"https:\/\/para-mirava.ma\/index.php?rest_route=%2Fwp%2Fv2%2Fproduct_cat&post=19544"},{"taxonomy":"product_tag","embeddable":true,"href":"https:\/\/para-mirava.ma\/index.php?rest_route=%2Fwp%2Fv2%2Fproduct_tag&post=19544"}],"curies":[{"name":"wp","href":"https:\/\/api.w.org\/{rel}","templated":true}]}}