{"id":19546,"date":"2026-03-17T17:19:30","date_gmt":"2026-03-17T17:19:30","guid":{"rendered":"https:\/\/para-mirava.ma\/?product=uriage-eau-thermale-creme-deau-legere-40ml-3"},"modified":"2026-03-17T18:45:40","modified_gmt":"2026-03-17T18:45:40","slug":"uriage-eau-thermale-creme-deau-legere-40ml-3","status":"publish","type":"product","link":"https:\/\/para-mirava.ma\/?product=uriage-eau-thermale-creme-deau-legere-40ml-3","title":{"rendered":"URIAGE EAU THERMALE CREME D&#8217;EAU LEGERE 40ML"},"content":{"rendered":"<p>Probl\u00e9matique sp\u00e9cifique<\/p>\n<p>Tous types de peaux<\/p>\n<p>B\u00e9n\u00e9fice produit<\/p>\n<p>\u00c0 la fois nourrissante et ultra-l\u00e9g\u00e8re, la Cr\u00e8me d&#8217;Eau fond d\u00e9licieusement sur la peau et l&#8217;infuse de son complexe hydratant unique. Vivifiante, non grasse, imm\u00e9diatement absorb\u00e9e, elle offre douceur et \u00e9clat aux peaux normales \u00e0 mixtes tout au long de la journ\u00e9e.<\/p>\n<p>R\u00e9g\u00e9n\u00e8re l&#8217;hydratation de la peau<\/p>\n<p>Cette Cr\u00e8me d&#8217;Eau enrichie en Eau Thermale d&#8217;Uriage aide \u00e0 reconstruire la barri\u00e8re cutan\u00e9e pour maintenir un taux d&#8217;hydratation optimal.<\/p>\n<p>Optimise l&#8217;hydratation en continu de l&#8217;\u00e9piderme<\/p>\n<p>Permet de reformer un film de surface et de lib\u00e9rer progressivement les agents hydratants qu&#8217;il contient.<\/p>\n<p>Restaure l&#8217;effet barri\u00e8re de la peau et limite sa d\u00e9shydratation<\/p>\n<p>Agit sur la reconstruction du ciment corn\u00e9ocytaire pour booster durablement l&#8217;hydratation.<\/p>\n<p>Disponible dans votre parapharmacie en ligne www.cotepara.ma<\/p>\n<p>Caract\u00e9ristiques<\/p>\n<p>Complexe Hydro-Thermal &#8212; Parfum &#8212; Test\u00e9 sous contr\u00f4le dermatologique<\/p>\n<p>Conseil d&#8217;utilisation<\/p>\n<p>Appliquez matin et\/ou soir sur le visage et le d\u00e9collet\u00e9 parfaitement nettoy\u00e9s.<\/p>\n<p>Eviter le contact avec les yeux<\/p>\n","protected":false},"excerpt":{"rendered":"<p>Probl\u00e9matique sp\u00e9cifique Tous types de peaux B\u00e9n\u00e9fice produit \u00c0 la fois nourrissante et ultra-l\u00e9g\u00e8re, la Cr\u00e8me d&#8217;Eau fond d\u00e9licieusement sur la peau et l&#8217;infuse de son complexe hydratant unique. Vivifiante, non grasse, imm\u00e9diatement absorb\u00e9e, elle offre douceur et \u00e9clat aux peaux normales \u00e0 mixtes tout au long de la journ\u00e9e. R\u00e9g\u00e9n\u00e8re l&#8217;hydratation de la peau [&hellip;]<\/p>\n","protected":false},"featured_media":19545,"template":"","meta":[],"product_brand":[173,178],"product_cat":[15,137],"product_tag":[],"class_list":{"0":"post-19546","1":"product","2":"type-product","3":"status-publish","4":"has-post-thumbnail","6":"product_brand-uriage","7":"product_brand-vichy","8":"product_cat-tout","9":"product_cat-uriage","10":"ts_product_brand-uriage","12":"first","13":"instock","14":"sale","15":"shipping-taxable","16":"purchasable","17":"product-type-simple"},"_links":{"self":[{"href":"https:\/\/para-mirava.ma\/index.php?rest_route=\/wp\/v2\/product\/19546","targetHints":{"allow":["GET"]}}],"collection":[{"href":"https:\/\/para-mirava.ma\/index.php?rest_route=\/wp\/v2\/product"}],"about":[{"href":"https:\/\/para-mirava.ma\/index.php?rest_route=\/wp\/v2\/types\/product"}],"wp:featuredmedia":[{"embeddable":true,"href":"https:\/\/para-mirava.ma\/index.php?rest_route=\/wp\/v2\/media\/19545"}],"wp:attachment":[{"href":"https:\/\/para-mirava.ma\/index.php?rest_route=%2Fwp%2Fv2%2Fmedia&parent=19546"}],"wp:term":[{"taxonomy":"product_brand","embeddable":true,"href":"https:\/\/para-mirava.ma\/index.php?rest_route=%2Fwp%2Fv2%2Fproduct_brand&post=19546"},{"taxonomy":"product_cat","embeddable":true,"href":"https:\/\/para-mirava.ma\/index.php?rest_route=%2Fwp%2Fv2%2Fproduct_cat&post=19546"},{"taxonomy":"product_tag","embeddable":true,"href":"https:\/\/para-mirava.ma\/index.php?rest_route=%2Fwp%2Fv2%2Fproduct_tag&post=19546"}],"curies":[{"name":"wp","href":"https:\/\/api.w.org\/{rel}","templated":true}]}}