{"id":19548,"date":"2026-03-17T17:19:31","date_gmt":"2026-03-17T17:19:31","guid":{"rendered":"https:\/\/para-mirava.ma\/?product=uriage-eau-thermale-soin-contour-des-yeux-15ml-3"},"modified":"2026-03-17T18:45:40","modified_gmt":"2026-03-17T18:45:40","slug":"uriage-eau-thermale-soin-contour-des-yeux-15ml-3","status":"publish","type":"product","link":"https:\/\/para-mirava.ma\/?product=uriage-eau-thermale-soin-contour-des-yeux-15ml-3","title":{"rendered":"URIAGE EAU THERMALE SOIN CONTOUR DES YEUX 15ML"},"content":{"rendered":"<p>L&#8217;effet d\u00e9froissant de ce Soin d&#8217;Eau diminue l&#8217;apparence des ridules de d\u00e9shydratation. L&#8217;apparence des cernes est r\u00e9duite tout en conf\u00e9rant une sensation de fra\u00eecheur. Ce soin hydrate l&#8217;\u00e9piderme d\u00e9licat du contour des yeux.<\/p>\n<p>R\u00e9g\u00e9n\u00e8re l&#8217;hydratation de la peau<br \/>\nCe Soin d&#8217;Eau Contour des Yeux enrichi en Eau Thermale d&#8217;Uriage aide \u00e0 reconstruire la barri\u00e8re cutan\u00e9e pour maintenir un taux d&#8217;hydratation optimal.<\/p>\n<p>Optimise l&#8217;hydratation en continu de l&#8217;\u00e9piderme<br \/>\nPermet de reformer un film de surface et de lib\u00e9rer progressivement les agents hydratants contenus dans le Soin d&#8217;Eau Contour des Yeux.<\/p>\n<p>Restaure l&#8217;effet barri\u00e8re de la peau et limiter sa d\u00e9shydratation<br \/>\nAgit sur la reconstruction du ciment corn\u00e9ocytaire pour booster durablement l&#8217;hydratation.<\/p>\n<p>R\u00e9veille l&#8217;\u00e9clat du regard<br \/>\nSa texture fra\u00eeche illumine et d\u00e9fatigue instantan\u00e9ment le contour de l&#8217;\u0153il.<\/p>\n<p>R\u00e9sultats<br \/>\n-41% sur l&#8217;intensit\u00e9 des cernes et des poches<\/p>\n<p>Disponible dans votre parapharmacie en ligne www.cotepara.ma<\/p>\n<p>\u00c9tude r\u00e9alis\u00e9e sous contr\u00f4le dermatologique sur 19 sujets \u00e2g\u00e9s de 21 \u00e0 60 ans ayant une peau s\u00e8che et pr\u00e9sentant des cernes et des poches. Application bi-quotidienne pendant 21 jours.<\/p>\n<p>Actifs<br \/>\nComplexe Hydro-Thermal Sulfate de Dextran<br \/>\nTest\u00e9 sous contr\u00f4le dermatologique Non parfum\u00e9<\/p>\n<p>Conseils<br \/>\nAppliquer le soin matin et\/ou soir avant le maquillage, par l\u00e9gers tapotements sur tout le contour de l&#8217;\u0153il.<\/p>\n","protected":false},"excerpt":{"rendered":"<p>L&#8217;effet d\u00e9froissant de ce Soin d&#8217;Eau diminue l&#8217;apparence des ridules de d\u00e9shydratation. L&#8217;apparence des cernes est r\u00e9duite tout en conf\u00e9rant une sensation de fra\u00eecheur. Ce soin hydrate l&#8217;\u00e9piderme d\u00e9licat du contour des yeux. R\u00e9g\u00e9n\u00e8re l&#8217;hydratation de la peau Ce Soin d&#8217;Eau Contour des Yeux enrichi en Eau Thermale d&#8217;Uriage aide \u00e0 reconstruire la barri\u00e8re cutan\u00e9e [&hellip;]<\/p>\n","protected":false},"featured_media":19547,"template":"","meta":[],"product_brand":[173,178],"product_cat":[15,137],"product_tag":[],"class_list":{"0":"post-19548","1":"product","2":"type-product","3":"status-publish","4":"has-post-thumbnail","6":"product_brand-uriage","7":"product_brand-vichy","8":"product_cat-tout","9":"product_cat-uriage","10":"ts_product_brand-uriage","12":"first","13":"instock","14":"sale","15":"shipping-taxable","16":"purchasable","17":"product-type-simple"},"_links":{"self":[{"href":"https:\/\/para-mirava.ma\/index.php?rest_route=\/wp\/v2\/product\/19548","targetHints":{"allow":["GET"]}}],"collection":[{"href":"https:\/\/para-mirava.ma\/index.php?rest_route=\/wp\/v2\/product"}],"about":[{"href":"https:\/\/para-mirava.ma\/index.php?rest_route=\/wp\/v2\/types\/product"}],"wp:featuredmedia":[{"embeddable":true,"href":"https:\/\/para-mirava.ma\/index.php?rest_route=\/wp\/v2\/media\/19547"}],"wp:attachment":[{"href":"https:\/\/para-mirava.ma\/index.php?rest_route=%2Fwp%2Fv2%2Fmedia&parent=19548"}],"wp:term":[{"taxonomy":"product_brand","embeddable":true,"href":"https:\/\/para-mirava.ma\/index.php?rest_route=%2Fwp%2Fv2%2Fproduct_brand&post=19548"},{"taxonomy":"product_cat","embeddable":true,"href":"https:\/\/para-mirava.ma\/index.php?rest_route=%2Fwp%2Fv2%2Fproduct_cat&post=19548"},{"taxonomy":"product_tag","embeddable":true,"href":"https:\/\/para-mirava.ma\/index.php?rest_route=%2Fwp%2Fv2%2Fproduct_tag&post=19548"}],"curies":[{"name":"wp","href":"https:\/\/api.w.org\/{rel}","templated":true}]}}