{"id":19550,"date":"2026-03-17T17:19:32","date_gmt":"2026-03-17T17:19:32","guid":{"rendered":"https:\/\/para-mirava.ma\/?product=uriage-eau-thermale-creme-deau-legere-spf20-40ml-3"},"modified":"2026-03-17T18:45:40","modified_gmt":"2026-03-17T18:45:40","slug":"uriage-eau-thermale-creme-deau-legere-spf20-40ml-3","status":"publish","type":"product","link":"https:\/\/para-mirava.ma\/?product=uriage-eau-thermale-creme-deau-legere-spf20-40ml-3","title":{"rendered":"URIAGE EAU THERMALE CREME D&#8217;EAU LEGERE SPF20 40ML"},"content":{"rendered":"<p>Rafra\u00eechissante et vivifiante, cette cr\u00e8me l\u00e9g\u00e8re hydrate la peau et contient des actifs qui contribuent \u00e0 la pr\u00e9server des effets n\u00e9fastes de la pollution urbaine. Il la prot\u00e8ge \u00e9galement des UVA et UVB gr\u00e2ce \u00e0 un filtre SPF20.<\/p>\n<p>R\u00e9g\u00e9n\u00e8re l&#8217;hydratation de la peau<br \/>\nCette Cr\u00e8me d&#8217;Eau L\u00e9g\u00e8re enrichie en Eau Thermale d&#8217;Uriage aide \u00e0 reconstruire la barri\u00e8re cutan\u00e9e pour maintenir un taux d&#8217;hydratation optimal.<\/p>\n<p>Optimise l&#8217;hydratation en continu de l&#8217;\u00e9piderme<br \/>\nPermet de reformer un film de surface et de lib\u00e9rer progressivement les agents hydratants contenus dans la Cr\u00e8me d&#8217;Eau.<\/p>\n<p>Restaure l&#8217;effet barri\u00e8re de la peau et limiter sa d\u00e9shydratation<br \/>\nAgit sur la reconstruction du ciment corn\u00e9ocytaire pour booster durablement l&#8217;hydratation.<\/p>\n<p>Prot\u00e8ge la peau<br \/>\nBouclier anti-pollution et filtre UV pour une protection UVA\/UVB.<\/p>\n<p>R\u00e9sultats<br \/>\n90% des personnes interrog\u00e9es ont constat\u00e9 que le produit hydrate en profondeur tout au long de la journ\u00e9e.<br \/>\n*79% des personnes interrog\u00e9es ont constat\u00e9 que le produit prot\u00e8ge la peau des agressions ext\u00e9rieures.<\/p>\n<p>**\u00c9tude r\u00e9alis\u00e9e sous contr\u00f4le dermatologique sur 19 sujets \u00e2g\u00e9s de 18 \u00e0 70 ans ayant une peau s\u00e8che. Application quotidienne pendant 21 jours.<\/p>\n<p>Actifs<br \/>\nComplexe Hydro-Thermal Filtres UVA\/UVB Vitamines E &#038; C Parfum<\/p>\n<p>Disponible dans votre parapharmacie en ligne www.cotepara.ma<\/p>\n<p>Test\u00e9e sous contr\u00f4le dermatologique Protection UVA\/UVB anti-pollution<\/p>\n<p>Conseils<br \/>\nAppliquez le matin sur le visage, le cou et le d\u00e9collet\u00e9 parfaitement nettoy\u00e9s. Evitez le contact avec les yeux.<\/p>\n","protected":false},"excerpt":{"rendered":"<p>Rafra\u00eechissante et vivifiante, cette cr\u00e8me l\u00e9g\u00e8re hydrate la peau et contient des actifs qui contribuent \u00e0 la pr\u00e9server des effets n\u00e9fastes de la pollution urbaine. Il la prot\u00e8ge \u00e9galement des UVA et UVB gr\u00e2ce \u00e0 un filtre SPF20. R\u00e9g\u00e9n\u00e8re l&#8217;hydratation de la peau Cette Cr\u00e8me d&#8217;Eau L\u00e9g\u00e8re enrichie en Eau Thermale d&#8217;Uriage aide \u00e0 reconstruire [&hellip;]<\/p>\n","protected":false},"featured_media":19549,"template":"","meta":[],"product_brand":[173,178],"product_cat":[15,137],"product_tag":[],"class_list":{"0":"post-19550","1":"product","2":"type-product","3":"status-publish","4":"has-post-thumbnail","6":"product_brand-uriage","7":"product_brand-vichy","8":"product_cat-tout","9":"product_cat-uriage","10":"ts_product_brand-uriage","12":"first","13":"instock","14":"sale","15":"shipping-taxable","16":"purchasable","17":"product-type-simple"},"_links":{"self":[{"href":"https:\/\/para-mirava.ma\/index.php?rest_route=\/wp\/v2\/product\/19550","targetHints":{"allow":["GET"]}}],"collection":[{"href":"https:\/\/para-mirava.ma\/index.php?rest_route=\/wp\/v2\/product"}],"about":[{"href":"https:\/\/para-mirava.ma\/index.php?rest_route=\/wp\/v2\/types\/product"}],"wp:featuredmedia":[{"embeddable":true,"href":"https:\/\/para-mirava.ma\/index.php?rest_route=\/wp\/v2\/media\/19549"}],"wp:attachment":[{"href":"https:\/\/para-mirava.ma\/index.php?rest_route=%2Fwp%2Fv2%2Fmedia&parent=19550"}],"wp:term":[{"taxonomy":"product_brand","embeddable":true,"href":"https:\/\/para-mirava.ma\/index.php?rest_route=%2Fwp%2Fv2%2Fproduct_brand&post=19550"},{"taxonomy":"product_cat","embeddable":true,"href":"https:\/\/para-mirava.ma\/index.php?rest_route=%2Fwp%2Fv2%2Fproduct_cat&post=19550"},{"taxonomy":"product_tag","embeddable":true,"href":"https:\/\/para-mirava.ma\/index.php?rest_route=%2Fwp%2Fv2%2Fproduct_tag&post=19550"}],"curies":[{"name":"wp","href":"https:\/\/api.w.org\/{rel}","templated":true}]}}