{"id":19554,"date":"2026-03-17T17:19:34","date_gmt":"2026-03-17T17:19:34","guid":{"rendered":"https:\/\/para-mirava.ma\/?product=uriage-bariederm-cica-spray-assechant-100ml-3"},"modified":"2026-03-17T18:45:40","modified_gmt":"2026-03-17T18:45:40","slug":"uriage-bariederm-cica-spray-assechant-100ml-3","status":"publish","type":"product","link":"https:\/\/para-mirava.ma\/?product=uriage-bariederm-cica-spray-assechant-100ml-3","title":{"rendered":"URIAGE BARIEDERM CICA SPRAY ASSECHANT 100ML"},"content":{"rendered":"<p>Bari\u00e9derm Cica-Spray Ass\u00e9chant R\u00e9parateur est pratique et hygi\u00e9nique. Haute-tol\u00e9rance, il convient aux zones humides fragilis\u00e9es.<\/p>\n<p>Apaise<br \/>\nLa technologie brevet\u00e9e TLR2-Regul et l&#8217;Eau Thermale d&#8217;Uriage apaisent les \u00e9pidermes fragilis\u00e9s.<\/p>\n<p>Assainit<br \/>\nLe Gluconate de Cuivre et l&#8217;Oxyde de Zinc r\u00e9gulent la flore cutan\u00e9e bact\u00e9rienne.<\/p>\n<p>Absorbe<br \/>\nLa smectite absorbe les exc\u00e8s d&#8217;humidit\u00e9 et ass\u00e8che les zones humides, suintantes ainsi que les zones de mac\u00e9ration et de plis cutan\u00e9s.<\/p>\n<p>R\u00e9sultats<br \/>\n96% des personnes constatent que les suintements sont ass\u00e9ch\u00e9s et 88% constatent une diminution des d\u00e9mangeaisons apr\u00e8s 10 jours d&#8217;utilisation.<\/p>\n<p>Disponible dans votre parapharmacie en ligne www.cotepara.ma<\/p>\n<p>\u00c9tude clinique sous contr\u00f4le dermatologique sur 48 sujets. Application bi-quotidienne pendant 10j. Questionnaire d&#8217;auto-\u00e9valuation.<\/p>\n<p>Actifs<br \/>\nEau Thermale d&#8217;Uriage Complexe TLR-2 R\u00e9gul Smectite Glyc\u00e9rine Gluconate de Cuivre Oxyde de Zinc<\/p>\n<p>Test\u00e9 sous contr\u00f4le dermatologique Non parfum\u00e9 Sans alcool pH physiologique<\/p>\n<p>Conseils<br \/>\nBien agiter avant emploi. Vaporiser localement. Laisser agir en attendant l&#8217;absorption compl\u00e8te du produit. \u00c9viter le contact avec les yeux.<\/p>\n","protected":false},"excerpt":{"rendered":"<p>Bari\u00e9derm Cica-Spray Ass\u00e9chant R\u00e9parateur est pratique et hygi\u00e9nique. Haute-tol\u00e9rance, il convient aux zones humides fragilis\u00e9es. Apaise La technologie brevet\u00e9e TLR2-Regul et l&#8217;Eau Thermale d&#8217;Uriage apaisent les \u00e9pidermes fragilis\u00e9s. Assainit Le Gluconate de Cuivre et l&#8217;Oxyde de Zinc r\u00e9gulent la flore cutan\u00e9e bact\u00e9rienne. Absorbe La smectite absorbe les exc\u00e8s d&#8217;humidit\u00e9 et ass\u00e8che les zones humides, suintantes [&hellip;]<\/p>\n","protected":false},"featured_media":19553,"template":"","meta":[],"product_brand":[173,178],"product_cat":[15,137],"product_tag":[],"class_list":{"0":"post-19554","1":"product","2":"type-product","3":"status-publish","4":"has-post-thumbnail","6":"product_brand-uriage","7":"product_brand-vichy","8":"product_cat-tout","9":"product_cat-uriage","10":"ts_product_brand-uriage","12":"first","13":"instock","14":"sale","15":"shipping-taxable","16":"purchasable","17":"product-type-simple"},"_links":{"self":[{"href":"https:\/\/para-mirava.ma\/index.php?rest_route=\/wp\/v2\/product\/19554","targetHints":{"allow":["GET"]}}],"collection":[{"href":"https:\/\/para-mirava.ma\/index.php?rest_route=\/wp\/v2\/product"}],"about":[{"href":"https:\/\/para-mirava.ma\/index.php?rest_route=\/wp\/v2\/types\/product"}],"wp:featuredmedia":[{"embeddable":true,"href":"https:\/\/para-mirava.ma\/index.php?rest_route=\/wp\/v2\/media\/19553"}],"wp:attachment":[{"href":"https:\/\/para-mirava.ma\/index.php?rest_route=%2Fwp%2Fv2%2Fmedia&parent=19554"}],"wp:term":[{"taxonomy":"product_brand","embeddable":true,"href":"https:\/\/para-mirava.ma\/index.php?rest_route=%2Fwp%2Fv2%2Fproduct_brand&post=19554"},{"taxonomy":"product_cat","embeddable":true,"href":"https:\/\/para-mirava.ma\/index.php?rest_route=%2Fwp%2Fv2%2Fproduct_cat&post=19554"},{"taxonomy":"product_tag","embeddable":true,"href":"https:\/\/para-mirava.ma\/index.php?rest_route=%2Fwp%2Fv2%2Fproduct_tag&post=19554"}],"curies":[{"name":"wp","href":"https:\/\/api.w.org\/{rel}","templated":true}]}}