{"id":19556,"date":"2026-03-17T17:19:35","date_gmt":"2026-03-17T17:19:35","guid":{"rendered":"https:\/\/para-mirava.ma\/?product=uriage-bariederm-fissures-crevasses-pot-40ml-3"},"modified":"2026-03-17T18:45:40","modified_gmt":"2026-03-17T18:45:40","slug":"uriage-bariederm-fissures-crevasses-pot-40ml-3","status":"publish","type":"product","link":"https:\/\/para-mirava.ma\/?product=uriage-bariederm-fissures-crevasses-pot-40ml-3","title":{"rendered":"URIAGE BARIEDERM FISSURES CREVASSES POT 40ML"},"content":{"rendered":"<p>BARI\u00c9DERM-CICA Fissures, Crevasses est le 1er onguent &#8220;barri\u00e8re&#8221; au POLY-2P\u2122, complexe brevet\u00e9. Souple et mall\u00e9able, il permet d&#8217;isoler, r\u00e9parer et assouplir les fissures et crevasses, r\u00e9centes ou anciennes (Corps, Mains, Pieds et Mamelons).<\/p>\n<p>Isole en surface<br \/>\nL&#8217;association de deux polym\u00e8res isole la peau en pr\u00e9vention des agressions futures.<\/p>\n<p>Restaure en profondeur<br \/>\nL&#8217;association de deux polym\u00e8res r\u00e9pare les zones alt\u00e9r\u00e9es de l&#8217;\u00e9piderme et intervient \u00e0 3 niveaux essentiels de la barri\u00e8re cutan\u00e9e.<\/p>\n<p>Assouplit et Apaise rapidement<br \/>\nLe beurre de karit\u00e9 r\u00e9hydrate les zones s\u00e8ches et apporte du confort. La peau est r\u00e9par\u00e9e et apais\u00e9e rapidement.<\/p>\n<p>R\u00e9sultats<br \/>\n-88% de crevasses apr\u00e8s 10 jours d&#8217;application de l&#8217;onguent sur la zone alt\u00e9r\u00e9e.<br \/>\n\u00c9tude r\u00e9alis\u00e9e sous contr\u00f4le dermatologique sur 22 sujets. Cotations cliniques.<\/p>\n<p>Disponible dans votre parapharmacie en ligne www.cotepara.ma<\/p>\n<p>Caract\u00e9ristiques<br \/>\nPoly-2P &#8212; Complexe brevet\u00e9 &#8212; D-panth\u00e9nol &#8212; Phytost\u00e9rols &#8212; Beurre de karit\u00e9 &#8212; Test\u00e9 sous contr\u00f4le dermatologique &#8212; Non com\u00e9dog\u00e8ne &#8212; Non parfum\u00e9<\/p>\n<p>Conseils d&#8217;utilisation<br \/>\nAppliquer le produit au moyen de la spatule afin de combler au mieux la fissure.<br \/>\nRenouveler l&#8217;application 1 \u00e0 2 fois par jour ou plus si n\u00e9cessaire.<\/p>\n","protected":false},"excerpt":{"rendered":"<p>BARI\u00c9DERM-CICA Fissures, Crevasses est le 1er onguent &#8220;barri\u00e8re&#8221; au POLY-2P\u2122, complexe brevet\u00e9. Souple et mall\u00e9able, il permet d&#8217;isoler, r\u00e9parer et assouplir les fissures et crevasses, r\u00e9centes ou anciennes (Corps, Mains, Pieds et Mamelons). Isole en surface L&#8217;association de deux polym\u00e8res isole la peau en pr\u00e9vention des agressions futures. Restaure en profondeur L&#8217;association de deux polym\u00e8res [&hellip;]<\/p>\n","protected":false},"featured_media":19555,"template":"","meta":[],"product_brand":[173,178],"product_cat":[15,137],"product_tag":[],"class_list":{"0":"post-19556","1":"product","2":"type-product","3":"status-publish","4":"has-post-thumbnail","6":"product_brand-uriage","7":"product_brand-vichy","8":"product_cat-tout","9":"product_cat-uriage","10":"ts_product_brand-uriage","12":"first","13":"instock","14":"sale","15":"shipping-taxable","16":"purchasable","17":"product-type-simple"},"_links":{"self":[{"href":"https:\/\/para-mirava.ma\/index.php?rest_route=\/wp\/v2\/product\/19556","targetHints":{"allow":["GET"]}}],"collection":[{"href":"https:\/\/para-mirava.ma\/index.php?rest_route=\/wp\/v2\/product"}],"about":[{"href":"https:\/\/para-mirava.ma\/index.php?rest_route=\/wp\/v2\/types\/product"}],"wp:featuredmedia":[{"embeddable":true,"href":"https:\/\/para-mirava.ma\/index.php?rest_route=\/wp\/v2\/media\/19555"}],"wp:attachment":[{"href":"https:\/\/para-mirava.ma\/index.php?rest_route=%2Fwp%2Fv2%2Fmedia&parent=19556"}],"wp:term":[{"taxonomy":"product_brand","embeddable":true,"href":"https:\/\/para-mirava.ma\/index.php?rest_route=%2Fwp%2Fv2%2Fproduct_brand&post=19556"},{"taxonomy":"product_cat","embeddable":true,"href":"https:\/\/para-mirava.ma\/index.php?rest_route=%2Fwp%2Fv2%2Fproduct_cat&post=19556"},{"taxonomy":"product_tag","embeddable":true,"href":"https:\/\/para-mirava.ma\/index.php?rest_route=%2Fwp%2Fv2%2Fproduct_tag&post=19556"}],"curies":[{"name":"wp","href":"https:\/\/api.w.org\/{rel}","templated":true}]}}